{"id":944,"date":"2019-12-17T13:12:24","date_gmt":"2019-12-17T13:12:24","guid":{"rendered":"http:\/\/192.168.0.11\/wordpress\/?page_id=944"},"modified":"2025-01-24T00:04:39","modified_gmt":"2025-01-23T22:04:39","slug":"laitteen-palautus","status":"publish","type":"page","link":"https:\/\/memoera.fi\/index.php\/laitteen-palautus\/","title":{"rendered":"Laitteen palautus"},"content":{"rendered":"<div data-colibri-id=\"944-c1\" class=\"style-785 style-local-944-c1 position-relative\">\n  <!---->\n  <div data-colibri-component=\"section\" data-colibri-id=\"944-c2\" id=\"initial-content\" class=\"h-section h-section-global-spacing d-flex align-items-lg-center align-items-md-center align-items-center style-786 style-local-944-c2 position-relative\">\n    <!---->\n    <!---->\n    <div class=\"h-section-grid-container h-section-boxed-container\">\n      <div data-colibri-id=\"944-c9\" class=\"h-row-container gutters-row-lg-3 gutters-row-md-3 gutters-row-0 gutters-row-v-lg-3 gutters-row-v-md-3 gutters-row-v-3 style-2704 style-local-944-c9 position-relative\">\n        <!---->\n        <div class=\"h-row justify-content-lg-center justify-content-md-center justify-content-center align-items-lg-stretch align-items-md-stretch align-items-stretch gutters-col-lg-3 gutters-col-md-3 gutters-col-0 gutters-col-v-lg-3 gutters-col-v-md-3 gutters-col-v-3\">\n          <!---->\n          <div class=\"h-column h-column-container d-flex h-col-lg-auto h-col-md-auto h-col-auto style-2705-outer style-local-944-c10-outer\">\n            <div data-colibri-id=\"944-c10\" class=\"d-flex h-flex-basis h-column__inner h-px-lg-3 h-px-md-3 h-px-3 v-inner-lg-3 v-inner-md-3 v-inner-3 style-2705 style-local-944-c10 position-relative\">\n              <!---->\n              <!---->\n              <div class=\"w-100 h-y-container h-column__content h-column__v-align flex-basis-100 align-self-lg-start align-self-md-start align-self-start\">\n                <!---->\n                <div data-colibri-id=\"944-c11\" class=\"h-global-transition-all h-heading style-2706 style-local-944-c11 position-relative h-element\">\n                  <!---->\n                  <div class=\"h-heading__outer style-2706 style-local-944-c11\">\n                    <!---->\n                    <!---->\n                    <h1 class=\"\">Laitteen palautus<\/h1>\n                  <\/div>\n                <\/div>\n              <\/div>\n            <\/div>\n          <\/div>\n        <\/div>\n      <\/div>\n      <div data-colibri-id=\"944-c3\" class=\"h-row-container gutters-row-lg-3 gutters-row-md-3 gutters-row-0 gutters-row-v-lg-3 gutters-row-v-md-3 gutters-row-v-3 style-787 style-local-944-c3 position-relative\">\n        <!---->\n        <div class=\"h-row justify-content-lg-center justify-content-md-center justify-content-center align-items-lg-stretch align-items-md-stretch align-items-stretch gutters-col-lg-3 gutters-col-md-3 gutters-col-0 gutters-col-v-lg-3 gutters-col-v-md-3 gutters-col-v-3\">\n          <!---->\n          <div class=\"h-column h-column-container d-flex h-col-lg-auto h-col-md-auto h-col-auto style-788-outer style-local-944-c4-outer\">\n            <div data-colibri-id=\"944-c4\" class=\"d-flex h-flex-basis h-column__inner h-px-lg-3 h-px-md-3 h-px-3 v-inner-lg-3 v-inner-md-3 v-inner-3 style-788 style-local-944-c4 position-relative\">\n              <!---->\n              <!---->\n              <div class=\"w-100 h-y-container h-column__content h-column__v-align flex-basis-100 align-self-lg-start align-self-md-start align-self-start\">\n                <!---->\n                <div data-colibri-id=\"944-c5\" class=\"h-global-transition-all h-heading style-2708 style-local-944-c5 position-relative h-element\">\n                  <!---->\n                  <div class=\"h-heading__outer style-2708 style-local-944-c5\">\n                    <!---->\n                    <!---->\n                    <h2 class=\"\">Postitus<\/h2>\n                  <\/div>\n                <\/div>\n                <div data-colibri-id=\"944-c6\" class=\"h-text h-text-component style-1832 style-local-944-c6 position-relative h-element\">\n                  <!---->\n                  <!---->\n                  <div class=\"\">\n                    <p><span style=\"color: rgb(1, 51, 74); font-family: &quot;Open Sans&quot;; font-size: 16px; font-weight: 400;\">Memoerassa ei ole m\u00e4\u00e4r\u00e4aikoja tai minimitilauksia. Voit milloin tahansa lopettaa vuokrasopimuksen ilman mit\u00e4\u00e4n syyt\u00e4.&nbsp;<\/span>Vuokran\n                      irtisanominen tapahtuu ilmoittamalla s\u00e4hk\u00f6postitse osoitteseen info@memoera.fi tai puhelimitse puhelinumeroon 044 405 0400. Laskutus p\u00e4\u00e4ttyy siihen p\u00e4iv\u00e4\u00e4n, jolloin olet j\u00e4tt\u00e4nyt laitteen postin kuljettavaksi meille! L\u00e4het\u00e4 laite\n                      postitse omalla kustannuksellasi osoitteeseen:<\/p>\n                    <p>Memoera<\/p>\n                    <p>Rautatienkatu 1<\/p>\n                    <p>13210 H\u00e4meenlinna.<\/p>\n                    <p>Postin lomakkeeseen tuleva puhelinnumero on 044 405 0400\ufeff.<\/p>\n                    <p>Muista ottaa talteen paketin l\u00e4hetystunnus!<\/p>\n                    <p>Pakkaa Memoera riitt\u00e4v\u00e4sti pehmustettuna siten, ettei se p\u00e4\u00e4se liikkumaan pakkauksessa kuljetuksen aikana. Voit my\u00f6s pakata sen samassa laatikossa, miss\u00e4 se on tullutkin.<\/p>\n                  <\/div>\n                <\/div>\n              <\/div>\n            <\/div>\n          <\/div>\n          <div class=\"h-column h-column-container d-flex h-col-lg-auto h-col-md-auto h-col-auto style-790-outer style-local-944-c7-outer\">\n            <div data-colibri-id=\"944-c7\" class=\"d-flex h-flex-basis h-column__inner h-px-lg-3 h-px-md-3 h-px-3 v-inner-lg-3 v-inner-md-3 v-inner-3 style-790 style-local-944-c7 position-relative\">\n              <!---->\n              <!---->\n              <div class=\"w-100 h-y-container h-column__content h-column__v-align flex-basis-100 align-self-lg-center align-self-md-center align-self-center\">\n                <!---->\n                <div data-colibri-id=\"944-c8\" class=\"d-block style-791 style-local-944-c8 position-relative h-element\">\n                  <!---->\n                  <div class=\"h-image__frame-container-outer\">\n                    <div class=\"h-image__frame-container\">\n                      <!---->\n                      <!---->\n                      <img loading=\"lazy\" decoding=\"async\" width=\"1280\" height=\"1128\" src=\"https:\/\/memoera.fi\/wp-content\/uploads\/2019\/12\/cardboard-box-155479_1280.png\" class=\"wp-image-987 style-791-image style-local-944-c8-image\" alt=\"\" \/>\n                      <div class=\"h-image__frame h-hide-lg h-hide-md h-hide-sm style-791-frameImage style-local-944-c8-frameImage\"><\/div>\n                    <\/div>\n                  <\/div>\n                <\/div>\n              <\/div>\n            <\/div>\n          <\/div>\n        <\/div>\n      <\/div>\n    <\/div>\n  <\/div>\n<\/div>","protected":false},"excerpt":{"rendered":"<p>Laitteen palautus Postitus Memoerassa ei ole m\u00e4\u00e4r\u00e4aikoja tai minimitilauksia. Voit milloin tahansa lopettaa vuokrasopimuksen ilman mit\u00e4\u00e4n syyt\u00e4.&nbsp;Vuokran irtisanominen tapahtuu ilmoittamalla s\u00e4hk\u00f6postitse osoitteseen info@memoera.fi tai puhelimitse puhelinumeroon 044 405 0400. Laskutus p\u00e4\u00e4ttyy siihen p\u00e4iv\u00e4\u00e4n, jolloin olet j\u00e4tt\u00e4nyt laitteen postin kuljettavaksi meille! L\u00e4het\u00e4 laite postitse omalla kustannuksellasi osoitteeseen: Memoera Rautatienkatu 1 13210 H\u00e4meenlinna. Postin lomakkeeseen tuleva puhelinnumero [&hellip;]<\/p>\n","protected":false},"author":2,"featured_media":0,"parent":0,"menu_order":0,"comment_status":"closed","ping_status":"closed","template":"page-templates\/full-width-page.php","meta":{"om_disable_all_campaigns":false,"_monsterinsights_skip_tracking":false,"_monsterinsights_sitenote_active":false,"_monsterinsights_sitenote_note":"","_monsterinsights_sitenote_category":0,"_uf_show_specific_survey":0,"_uf_disable_surveys":false,"footnotes":""},"class_list":["post-944","page","type-page","status-publish","hentry"],"aioseo_notices":[],"yoast_head":"<!-- This site is optimized with the Yoast SEO plugin v20.5 - https:\/\/yoast.com\/wordpress\/plugins\/seo\/ -->\n<title>Memoera - Laitteen palautus<\/title>\n<meta name=\"description\" content=\"Memoerassa ei ole m\u00e4\u00e4r\u00e4aikoja, voit milloin tahansa lopettaa vuokrasopimuksen ja palauttaa laite. Palautusosoite: Memoera Oy, Rautatienkatu 1, 13210 Hml.\" \/>\n<meta name=\"robots\" content=\"index, follow, max-snippet:-1, max-image-preview:large, max-video-preview:-1\" \/>\n<link rel=\"canonical\" href=\"https:\/\/memoera.fi\/index.php\/laitteen-palautus\/\" \/>\n<meta property=\"og:locale\" content=\"fi_FI\" \/>\n<meta property=\"og:type\" content=\"article\" \/>\n<meta property=\"og:title\" content=\"Memoera - Laitteen palautus\" \/>\n<meta property=\"og:description\" content=\"Memoerassa ei ole m\u00e4\u00e4r\u00e4aikoja, voit milloin tahansa lopettaa vuokrasopimuksen ja palauttaa laite. Palautusosoite: Memoera Oy, Rautatienkatu 1, 13210 Hml.\" \/>\n<meta property=\"og:url\" content=\"https:\/\/memoera.fi\/index.php\/laitteen-palautus\/\" \/>\n<meta property=\"og:site_name\" content=\"Memoera\" \/>\n<meta property=\"article:publisher\" content=\"https:\/\/www.facebook.com\/muistikuntoamukavasti\/\" \/>\n<meta property=\"article:modified_time\" content=\"2025-01-23T22:04:39+00:00\" \/>\n<meta property=\"og:image\" content=\"https:\/\/memoera.fi\/wp-content\/uploads\/2019\/12\/cardboard-box-155479_1280.png\" \/>\n<meta name=\"twitter:card\" content=\"summary_large_image\" \/>\n<meta name=\"twitter:site\" content=\"@memoera\" \/>\n<script type=\"application\/ld+json\" class=\"yoast-schema-graph\">{\"@context\":\"https:\/\/schema.org\",\"@graph\":[{\"@type\":\"WebPage\",\"@id\":\"https:\/\/memoera.fi\/index.php\/laitteen-palautus\/\",\"url\":\"https:\/\/memoera.fi\/index.php\/laitteen-palautus\/\",\"name\":\"Memoera - Laitteen palautus\",\"isPartOf\":{\"@id\":\"https:\/\/memoera.fi\/#website\"},\"datePublished\":\"2019-12-17T13:12:24+00:00\",\"dateModified\":\"2025-01-23T22:04:39+00:00\",\"description\":\"Memoerassa ei ole m\u00e4\u00e4r\u00e4aikoja, voit milloin tahansa lopettaa vuokrasopimuksen ja palauttaa laite. Palautusosoite: Memoera Oy, Rautatienkatu 1, 13210 Hml.\",\"breadcrumb\":{\"@id\":\"https:\/\/memoera.fi\/index.php\/laitteen-palautus\/#breadcrumb\"},\"inLanguage\":\"fi\",\"potentialAction\":[{\"@type\":\"ReadAction\",\"target\":[\"https:\/\/memoera.fi\/index.php\/laitteen-palautus\/\"]}]},{\"@type\":\"BreadcrumbList\",\"@id\":\"https:\/\/memoera.fi\/index.php\/laitteen-palautus\/#breadcrumb\",\"itemListElement\":[{\"@type\":\"ListItem\",\"position\":1,\"name\":\"Home\",\"item\":\"https:\/\/memoera.fi\/\"},{\"@type\":\"ListItem\",\"position\":2,\"name\":\"Laitteen palautus\"}]},{\"@type\":\"WebSite\",\"@id\":\"https:\/\/memoera.fi\/#website\",\"url\":\"https:\/\/memoera.fi\/\",\"name\":\"Memoera\",\"description\":\"Muistikuntoa mukavasti\",\"publisher\":{\"@id\":\"https:\/\/memoera.fi\/#organization\"},\"potentialAction\":[{\"@type\":\"SearchAction\",\"target\":{\"@type\":\"EntryPoint\",\"urlTemplate\":\"https:\/\/memoera.fi\/?s={search_term_string}\"},\"query-input\":\"required name=search_term_string\"}],\"inLanguage\":\"fi\"},{\"@type\":\"Organization\",\"@id\":\"https:\/\/memoera.fi\/#organization\",\"name\":\"Memoera\",\"url\":\"https:\/\/memoera.fi\/\",\"logo\":{\"@type\":\"ImageObject\",\"inLanguage\":\"fi\",\"@id\":\"https:\/\/memoera.fi\/#\/schema\/logo\/image\/\",\"url\":\"https:\/\/memoera.fi\/wp-content\/uploads\/2020\/06\/Logo-800x800px.jpg\",\"contentUrl\":\"https:\/\/memoera.fi\/wp-content\/uploads\/2020\/06\/Logo-800x800px.jpg\",\"width\":800,\"height\":800,\"caption\":\"Memoera\"},\"image\":{\"@id\":\"https:\/\/memoera.fi\/#\/schema\/logo\/image\/\"},\"sameAs\":[\"https:\/\/www.facebook.com\/muistikuntoamukavasti\/\",\"https:\/\/twitter.com\/memoera\",\"https:\/\/www.youtube.com\/channel\/UC1oMj58JByi_BDcJqSpyC_g\/\"]}]}<\/script>\n<!-- \/ Yoast SEO plugin. -->","yoast_head_json":{"title":"Memoera - Laitteen palautus","description":"Memoerassa ei ole m\u00e4\u00e4r\u00e4aikoja, voit milloin tahansa lopettaa vuokrasopimuksen ja palauttaa laite. Palautusosoite: Memoera Oy, Rautatienkatu 1, 13210 Hml.","robots":{"index":"index","follow":"follow","max-snippet":"max-snippet:-1","max-image-preview":"max-image-preview:large","max-video-preview":"max-video-preview:-1"},"canonical":"https:\/\/memoera.fi\/index.php\/laitteen-palautus\/","og_locale":"fi_FI","og_type":"article","og_title":"Memoera - Laitteen palautus","og_description":"Memoerassa ei ole m\u00e4\u00e4r\u00e4aikoja, voit milloin tahansa lopettaa vuokrasopimuksen ja palauttaa laite. Palautusosoite: Memoera Oy, Rautatienkatu 1, 13210 Hml.","og_url":"https:\/\/memoera.fi\/index.php\/laitteen-palautus\/","og_site_name":"Memoera","article_publisher":"https:\/\/www.facebook.com\/muistikuntoamukavasti\/","article_modified_time":"2025-01-23T22:04:39+00:00","og_image":[{"url":"https:\/\/memoera.fi\/wp-content\/uploads\/2019\/12\/cardboard-box-155479_1280.png"}],"twitter_card":"summary_large_image","twitter_site":"@memoera","schema":{"@context":"https:\/\/schema.org","@graph":[{"@type":"WebPage","@id":"https:\/\/memoera.fi\/index.php\/laitteen-palautus\/","url":"https:\/\/memoera.fi\/index.php\/laitteen-palautus\/","name":"Memoera - Laitteen palautus","isPartOf":{"@id":"https:\/\/memoera.fi\/#website"},"datePublished":"2019-12-17T13:12:24+00:00","dateModified":"2025-01-23T22:04:39+00:00","description":"Memoerassa ei ole m\u00e4\u00e4r\u00e4aikoja, voit milloin tahansa lopettaa vuokrasopimuksen ja palauttaa laite. Palautusosoite: Memoera Oy, Rautatienkatu 1, 13210 Hml.","breadcrumb":{"@id":"https:\/\/memoera.fi\/index.php\/laitteen-palautus\/#breadcrumb"},"inLanguage":"fi","potentialAction":[{"@type":"ReadAction","target":["https:\/\/memoera.fi\/index.php\/laitteen-palautus\/"]}]},{"@type":"BreadcrumbList","@id":"https:\/\/memoera.fi\/index.php\/laitteen-palautus\/#breadcrumb","itemListElement":[{"@type":"ListItem","position":1,"name":"Home","item":"https:\/\/memoera.fi\/"},{"@type":"ListItem","position":2,"name":"Laitteen palautus"}]},{"@type":"WebSite","@id":"https:\/\/memoera.fi\/#website","url":"https:\/\/memoera.fi\/","name":"Memoera","description":"Muistikuntoa mukavasti","publisher":{"@id":"https:\/\/memoera.fi\/#organization"},"potentialAction":[{"@type":"SearchAction","target":{"@type":"EntryPoint","urlTemplate":"https:\/\/memoera.fi\/?s={search_term_string}"},"query-input":"required name=search_term_string"}],"inLanguage":"fi"},{"@type":"Organization","@id":"https:\/\/memoera.fi\/#organization","name":"Memoera","url":"https:\/\/memoera.fi\/","logo":{"@type":"ImageObject","inLanguage":"fi","@id":"https:\/\/memoera.fi\/#\/schema\/logo\/image\/","url":"https:\/\/memoera.fi\/wp-content\/uploads\/2020\/06\/Logo-800x800px.jpg","contentUrl":"https:\/\/memoera.fi\/wp-content\/uploads\/2020\/06\/Logo-800x800px.jpg","width":800,"height":800,"caption":"Memoera"},"image":{"@id":"https:\/\/memoera.fi\/#\/schema\/logo\/image\/"},"sameAs":["https:\/\/www.facebook.com\/muistikuntoamukavasti\/","https:\/\/twitter.com\/memoera","https:\/\/www.youtube.com\/channel\/UC1oMj58JByi_BDcJqSpyC_g\/"]}]}},"_links":{"self":[{"href":"https:\/\/memoera.fi\/index.php\/wp-json\/wp\/v2\/pages\/944","targetHints":{"allow":["GET"]}}],"collection":[{"href":"https:\/\/memoera.fi\/index.php\/wp-json\/wp\/v2\/pages"}],"about":[{"href":"https:\/\/memoera.fi\/index.php\/wp-json\/wp\/v2\/types\/page"}],"author":[{"embeddable":true,"href":"https:\/\/memoera.fi\/index.php\/wp-json\/wp\/v2\/users\/2"}],"replies":[{"embeddable":true,"href":"https:\/\/memoera.fi\/index.php\/wp-json\/wp\/v2\/comments?post=944"}],"version-history":[{"count":21,"href":"https:\/\/memoera.fi\/index.php\/wp-json\/wp\/v2\/pages\/944\/revisions"}],"predecessor-version":[{"id":6627,"href":"https:\/\/memoera.fi\/index.php\/wp-json\/wp\/v2\/pages\/944\/revisions\/6627"}],"wp:attachment":[{"href":"https:\/\/memoera.fi\/index.php\/wp-json\/wp\/v2\/media?parent=944"}],"curies":[{"name":"wp","href":"https:\/\/api.w.org\/{rel}","templated":true}]}}