{"id":6486,"date":"2025-01-18T21:06:14","date_gmt":"2025-01-18T19:06:14","guid":{"rendered":"https:\/\/memoera.fi\/?page_id=6486"},"modified":"2025-01-24T00:18:23","modified_gmt":"2025-01-23T22:18:23","slug":"hinnasto","status":"publish","type":"page","link":"https:\/\/memoera.fi\/index.php\/hinnasto\/","title":{"rendered":"Hinnasto"},"content":{"rendered":"<div data-colibri-id=\"6486-c1\" class=\"style-2478 style-local-6486-c1 position-relative\">\n  <!---->\n  <div data-colibri-component=\"section\" data-colibri-id=\"6486-c2\" id=\"reusable-sections\" class=\"h-section h-section-global-spacing d-flex align-items-lg-center align-items-md-center align-items-center style-3021 style-local-6486-c2 position-relative\">\n    <!---->\n    <!---->\n    <div class=\"h-section-grid-container h-section-boxed-container\">\n      <div data-colibri-id=\"6486-c12\" class=\"h-row-container gutters-row-lg-3 gutters-row-md-3 gutters-row-0 gutters-row-v-lg-3 gutters-row-v-md-3 gutters-row-v-3 style-3043 style-local-6486-c12 position-relative\">\n        <!---->\n        <div class=\"h-row justify-content-lg-center justify-content-md-center justify-content-center align-items-lg-stretch align-items-md-stretch align-items-stretch gutters-col-lg-3 gutters-col-md-3 gutters-col-0 gutters-col-v-lg-3 gutters-col-v-md-3 gutters-col-v-3\">\n          <!---->\n          <div class=\"h-column h-column-container d-flex h-col-lg-auto h-col-md-auto h-col-auto style-3044-outer style-local-6486-c13-outer\">\n            <div data-colibri-id=\"6486-c13\" class=\"d-flex h-flex-basis h-column__inner h-px-lg-3 h-px-md-3 h-px-3 v-inner-lg-3 v-inner-md-3 v-inner-3 style-3044 style-local-6486-c13 position-relative\">\n              <!---->\n              <!---->\n              <div class=\"w-100 h-y-container h-column__content h-column__v-align flex-basis-100 align-self-lg-start align-self-md-start align-self-start\">\n                <!---->\n                <div data-colibri-id=\"6486-c14\" class=\"h-global-transition-all h-heading style-3045 style-local-6486-c14 position-relative h-element\">\n                  <!---->\n                  <div class=\"h-heading__outer style-3045 style-local-6486-c14\">\n                    <!---->\n                    <!---->\n                    <h1 class=\"\">Hinnasto<\/h1>\n                  <\/div>\n                <\/div>\n              <\/div>\n            <\/div>\n          <\/div>\n        <\/div>\n      <\/div>\n      <div data-colibri-id=\"6486-c3\" class=\"h-row-container gutters-row-lg-2 gutters-row-md-2 gutters-row-0 gutters-row-v-lg-2 gutters-row-v-md-2 gutters-row-v-2 style-3031 style-local-6486-c3 position-relative\">\n        <!---->\n        <div class=\"h-row justify-content-lg-center justify-content-md-center justify-content-center align-items-lg-stretch align-items-md-stretch align-items-stretch gutters-col-lg-2 gutters-col-md-2 gutters-col-0 gutters-col-v-lg-2 gutters-col-v-md-2 gutters-col-v-2\">\n          <!---->\n          <div class=\"h-column h-column-container d-flex h-col-lg-auto h-col-md-auto h-col-auto style-3034-outer style-local-6486-c4-outer\">\n            <div data-colibri-id=\"6486-c4\" class=\"d-flex h-flex-basis h-column__inner h-px-lg-2 h-px-md-2 h-px-2 v-inner-lg-2 v-inner-md-2 v-inner-2 style-3034 style-local-6486-c4 position-relative\">\n              <!---->\n              <!---->\n              <div class=\"w-100 h-y-container h-column__content h-column__v-align flex-basis-100 align-self-lg-start align-self-md-start align-self-start\">\n                <!---->\n                <div data-colibri-id=\"6486-c5\" class=\"h-lead h-text h-text-component style-3036 style-local-6486-c5 position-relative h-element\">\n                  <!---->\n                  <!---->\n                  <div class=\"\">\n                    <p><strong>Memoera Trainerin voit tilata itsellesi tai l\u00e4heisellesi hintaan:<\/strong><\/p>\n                    <ul>\n                      <li>Perusmalli 29,86\u20ac\/kk<\/li>\n                      <li>Uudistettu malli 34,50\u20ac\/kk<\/li>\n                    <\/ul>\n                    <p><span style=\"font-weight: 600; font-size: 16px; font-family: &quot;Open Sans&quot;; color: rgb(1, 51, 74);\">Saat ensimm\u00e4iset 14 vuorokautta kokeilujaksona t\u00e4ysin ilmaiseksi!<\/span><\/p>\n                    <p><strong>Yrityksille ja yhteis\u00f6lle, hinnasto on seuraava:<\/strong><\/p>\n                    <ul>\n                      <li>Perusmalli:<\/li>\n                      <li class=\"ql-indent-1\">1 kpl 39,52 euroa kuukaudessa per laite<\/li>\n                      <li class=\"ql-indent-1\">5 kpl 37,50 euroa kuukaudessa per laite<\/li>\n                      <li class=\"ql-indent-1\">10 kpl 34,50 euroa kuukaudessa per laite<\/li>\n                      <li>Uudistettu malli:<\/li>\n                      <li class=\"ql-indent-1\">1kpl 44,52e\/kk per laite<\/li>\n                      <li class=\"ql-indent-1\">5kpl 42,50e\/kk per laite<\/li>\n                      <li class=\"ql-indent-1\">10kpl 39,50e\/kk per laite<\/li>\n                    <\/ul>\n                    <p><span style=\"color: rgb(1, 51, 74); font-family: &quot;Open Sans&quot;; font-size: 16px; font-weight: 600;\">Saat ensimm\u00e4iset 7 vuorokautta kokeilujaksona t\u00e4ysin ilmaiseksi!<\/span><\/p>\n                  <\/div>\n                <\/div>\n                <div data-colibri-id=\"6486-c7\" class=\"h-x-container style-3040 style-local-6486-c7 position-relative h-element\">\n                  <!---->\n                  <div class=\"h-x-container-inner style-dynamic-6486-c7-group style-3040-spacing style-local-6486-c7-spacing\"><span class=\"h-button__outer style-3041-outer style-local-6486-c8-outer d-inline-flex h-element\"><a h-use-smooth-scroll=\"true\" href=\"https:\/\/memoera.fi\/index.php\/memoera-trainer-kotiin-2\/\"  data-colibri-id=\"6486-c8\" class=\"d-flex w-100 align-items-center h-button justify-content-lg-center justify-content-md-center justify-content-center style-3041 style-local-6486-c8 position-relative\"><!----><!----> <span>Trainer yksityisille<\/span><\/a>\n                    <\/span><span class=\"h-button__outer style-3042-outer style-local-6486-c9-outer d-inline-flex h-element\"><a h-use-smooth-scroll=\"true\" href=\"https:\/\/memoera.fi\/index.php\/memoera-trainer-ammattilaisille\/\"  data-colibri-id=\"6486-c9\" class=\"d-flex w-100 align-items-center h-button justify-content-lg-center justify-content-md-center justify-content-center style-3042 style-local-6486-c9 position-relative\"><!----><!----> <span>Trainer yrityksille ja yhteis\u00f6ille<\/span><\/a>\n                    <\/span>\n                  <\/div>\n                <\/div>\n              <\/div>\n            <\/div>\n          <\/div>\n          <div class=\"h-column h-column-container d-flex h-col-lg-auto h-col-md-auto h-col-auto style-3047-outer style-local-6486-c10-outer\">\n            <div data-colibri-id=\"6486-c10\" class=\"d-flex h-flex-basis h-column__inner h-px-lg-2 h-px-md-2 h-px-2 v-inner-lg-2 v-inner-md-2 v-inner-2 style-3047 style-local-6486-c10 position-relative\">\n              <!---->\n              <!---->\n              <div class=\"w-100 h-y-container h-column__content h-column__v-align flex-basis-100 align-self-lg-start align-self-md-start align-self-start\">\n                <!---->\n                <div data-colibri-id=\"6486-c11\" class=\"d-block style-3051 style-local-6486-c11 position-relative h-element\">\n                  <!---->\n                  <div class=\"h-image__frame-container-outer\">\n                    <div class=\"h-image__frame-container\">\n                      <!---->\n                      <!---->\n                      <img loading=\"lazy\" decoding=\"async\" width=\"749\" height=\"749\" src=\"https:\/\/memoera.fi\/wp-content\/uploads\/2025\/01\/cropped-cropped-cropped-numbers-money-calculating-calculation.webp\" class=\"wp-image-6537 style-3051-image style-local-6486-c11-image\" alt=\"picture of coins in a stack and a calculator\" srcset=\"https:\/\/memoera.fi\/wp-content\/uploads\/2025\/01\/cropped-cropped-cropped-numbers-money-calculating-calculation.webp 749w, https:\/\/memoera.fi\/wp-content\/uploads\/2025\/01\/cropped-cropped-cropped-numbers-money-calculating-calculation-300x300.webp 300w, https:\/\/memoera.fi\/wp-content\/uploads\/2025\/01\/cropped-cropped-cropped-numbers-money-calculating-calculation-150x150.webp 150w\" sizes=\"auto, (max-width: 749px) 100vw, 749px\" \/>\n                      <div class=\"h-image__frame h-hide-lg h-hide-md h-hide-sm style-3051-frameImage style-local-6486-c11-frameImage\"><\/div>\n                    <\/div>\n                  <\/div>\n                <\/div>\n              <\/div>\n            <\/div>\n          <\/div>\n        <\/div>\n      <\/div>\n    <\/div>\n  <\/div>\n<\/div>","protected":false},"excerpt":{"rendered":"<p>Hinnasto Memoera Trainerin voit tilata itsellesi tai l\u00e4heisellesi hintaan: Perusmalli 29,86\u20ac\/kk Uudistettu malli 34,50\u20ac\/kk Saat ensimm\u00e4iset 14 vuorokautta kokeilujaksona t\u00e4ysin ilmaiseksi! Yrityksille ja yhteis\u00f6lle, hinnasto on seuraava: Perusmalli: 1 kpl 39,52 euroa kuukaudessa per laite 5 kpl 37,50 euroa kuukaudessa per laite 10 kpl 34,50 euroa kuukaudessa per laite Uudistettu malli: 1kpl 44,52e\/kk per laite [&hellip;]<\/p>\n","protected":false},"author":4,"featured_media":0,"parent":0,"menu_order":0,"comment_status":"closed","ping_status":"closed","template":"page-templates\/full-width-page.php","meta":{"om_disable_all_campaigns":false,"_monsterinsights_skip_tracking":false,"_monsterinsights_sitenote_active":false,"_monsterinsights_sitenote_note":"","_monsterinsights_sitenote_category":0,"_uf_show_specific_survey":0,"_uf_disable_surveys":false,"footnotes":""},"class_list":["post-6486","page","type-page","status-publish","hentry"],"aioseo_notices":[],"yoast_head":"<!-- This site is optimized with the Yoast SEO plugin v20.5 - https:\/\/yoast.com\/wordpress\/plugins\/seo\/ -->\n<title>Memoera -<\/title>\n<meta name=\"robots\" content=\"index, follow, max-snippet:-1, max-image-preview:large, max-video-preview:-1\" \/>\n<link rel=\"canonical\" href=\"https:\/\/memoera.fi\/index.php\/hinnasto\/\" \/>\n<meta property=\"og:locale\" content=\"fi_FI\" \/>\n<meta property=\"og:type\" content=\"article\" \/>\n<meta property=\"og:title\" content=\"Memoera -\" \/>\n<meta property=\"og:description\" content=\"Hinnasto Memoera Trainerin voit tilata itsellesi tai l\u00e4heisellesi hintaan: Perusmalli 29,86\u20ac\/kk Uudistettu malli 34,50\u20ac\/kk Saat ensimm\u00e4iset 14 vuorokautta kokeilujaksona t\u00e4ysin ilmaiseksi! Yrityksille ja yhteis\u00f6lle, hinnasto on seuraava: Perusmalli: 1 kpl 39,52 euroa kuukaudessa per laite 5 kpl 37,50 euroa kuukaudessa per laite 10 kpl 34,50 euroa kuukaudessa per laite Uudistettu malli: 1kpl 44,52e\/kk per laite [&hellip;]\" \/>\n<meta property=\"og:url\" content=\"https:\/\/memoera.fi\/index.php\/hinnasto\/\" \/>\n<meta property=\"og:site_name\" content=\"Memoera\" \/>\n<meta property=\"article:publisher\" content=\"https:\/\/www.facebook.com\/muistikuntoamukavasti\/\" \/>\n<meta property=\"article:modified_time\" content=\"2025-01-23T22:18:23+00:00\" \/>\n<meta property=\"og:image\" content=\"https:\/\/memoera.fi\/wp-content\/uploads\/2025\/01\/cropped-cropped-cropped-numbers-money-calculating-calculation.webp\" \/>\n<meta name=\"twitter:card\" content=\"summary_large_image\" \/>\n<meta name=\"twitter:site\" content=\"@memoera\" \/>\n<script type=\"application\/ld+json\" class=\"yoast-schema-graph\">{\"@context\":\"https:\/\/schema.org\",\"@graph\":[{\"@type\":\"WebPage\",\"@id\":\"https:\/\/memoera.fi\/index.php\/hinnasto\/\",\"url\":\"https:\/\/memoera.fi\/index.php\/hinnasto\/\",\"name\":\"Memoera -\",\"isPartOf\":{\"@id\":\"https:\/\/memoera.fi\/#website\"},\"datePublished\":\"2025-01-18T19:06:14+00:00\",\"dateModified\":\"2025-01-23T22:18:23+00:00\",\"breadcrumb\":{\"@id\":\"https:\/\/memoera.fi\/index.php\/hinnasto\/#breadcrumb\"},\"inLanguage\":\"fi\",\"potentialAction\":[{\"@type\":\"ReadAction\",\"target\":[\"https:\/\/memoera.fi\/index.php\/hinnasto\/\"]}]},{\"@type\":\"BreadcrumbList\",\"@id\":\"https:\/\/memoera.fi\/index.php\/hinnasto\/#breadcrumb\",\"itemListElement\":[{\"@type\":\"ListItem\",\"position\":1,\"name\":\"Home\",\"item\":\"https:\/\/memoera.fi\/\"},{\"@type\":\"ListItem\",\"position\":2,\"name\":\"Hinnasto\"}]},{\"@type\":\"WebSite\",\"@id\":\"https:\/\/memoera.fi\/#website\",\"url\":\"https:\/\/memoera.fi\/\",\"name\":\"Memoera\",\"description\":\"Muistikuntoa mukavasti\",\"publisher\":{\"@id\":\"https:\/\/memoera.fi\/#organization\"},\"potentialAction\":[{\"@type\":\"SearchAction\",\"target\":{\"@type\":\"EntryPoint\",\"urlTemplate\":\"https:\/\/memoera.fi\/?s={search_term_string}\"},\"query-input\":\"required name=search_term_string\"}],\"inLanguage\":\"fi\"},{\"@type\":\"Organization\",\"@id\":\"https:\/\/memoera.fi\/#organization\",\"name\":\"Memoera\",\"url\":\"https:\/\/memoera.fi\/\",\"logo\":{\"@type\":\"ImageObject\",\"inLanguage\":\"fi\",\"@id\":\"https:\/\/memoera.fi\/#\/schema\/logo\/image\/\",\"url\":\"https:\/\/memoera.fi\/wp-content\/uploads\/2020\/06\/Logo-800x800px.jpg\",\"contentUrl\":\"https:\/\/memoera.fi\/wp-content\/uploads\/2020\/06\/Logo-800x800px.jpg\",\"width\":800,\"height\":800,\"caption\":\"Memoera\"},\"image\":{\"@id\":\"https:\/\/memoera.fi\/#\/schema\/logo\/image\/\"},\"sameAs\":[\"https:\/\/www.facebook.com\/muistikuntoamukavasti\/\",\"https:\/\/twitter.com\/memoera\",\"https:\/\/www.youtube.com\/channel\/UC1oMj58JByi_BDcJqSpyC_g\/\"]}]}<\/script>\n<!-- \/ Yoast SEO plugin. -->","yoast_head_json":{"title":"Memoera -","robots":{"index":"index","follow":"follow","max-snippet":"max-snippet:-1","max-image-preview":"max-image-preview:large","max-video-preview":"max-video-preview:-1"},"canonical":"https:\/\/memoera.fi\/index.php\/hinnasto\/","og_locale":"fi_FI","og_type":"article","og_title":"Memoera -","og_description":"Hinnasto Memoera Trainerin voit tilata itsellesi tai l\u00e4heisellesi hintaan: Perusmalli 29,86\u20ac\/kk Uudistettu malli 34,50\u20ac\/kk Saat ensimm\u00e4iset 14 vuorokautta kokeilujaksona t\u00e4ysin ilmaiseksi! Yrityksille ja yhteis\u00f6lle, hinnasto on seuraava: Perusmalli: 1 kpl 39,52 euroa kuukaudessa per laite 5 kpl 37,50 euroa kuukaudessa per laite 10 kpl 34,50 euroa kuukaudessa per laite Uudistettu malli: 1kpl 44,52e\/kk per laite [&hellip;]","og_url":"https:\/\/memoera.fi\/index.php\/hinnasto\/","og_site_name":"Memoera","article_publisher":"https:\/\/www.facebook.com\/muistikuntoamukavasti\/","article_modified_time":"2025-01-23T22:18:23+00:00","og_image":[{"url":"https:\/\/memoera.fi\/wp-content\/uploads\/2025\/01\/cropped-cropped-cropped-numbers-money-calculating-calculation.webp"}],"twitter_card":"summary_large_image","twitter_site":"@memoera","schema":{"@context":"https:\/\/schema.org","@graph":[{"@type":"WebPage","@id":"https:\/\/memoera.fi\/index.php\/hinnasto\/","url":"https:\/\/memoera.fi\/index.php\/hinnasto\/","name":"Memoera -","isPartOf":{"@id":"https:\/\/memoera.fi\/#website"},"datePublished":"2025-01-18T19:06:14+00:00","dateModified":"2025-01-23T22:18:23+00:00","breadcrumb":{"@id":"https:\/\/memoera.fi\/index.php\/hinnasto\/#breadcrumb"},"inLanguage":"fi","potentialAction":[{"@type":"ReadAction","target":["https:\/\/memoera.fi\/index.php\/hinnasto\/"]}]},{"@type":"BreadcrumbList","@id":"https:\/\/memoera.fi\/index.php\/hinnasto\/#breadcrumb","itemListElement":[{"@type":"ListItem","position":1,"name":"Home","item":"https:\/\/memoera.fi\/"},{"@type":"ListItem","position":2,"name":"Hinnasto"}]},{"@type":"WebSite","@id":"https:\/\/memoera.fi\/#website","url":"https:\/\/memoera.fi\/","name":"Memoera","description":"Muistikuntoa mukavasti","publisher":{"@id":"https:\/\/memoera.fi\/#organization"},"potentialAction":[{"@type":"SearchAction","target":{"@type":"EntryPoint","urlTemplate":"https:\/\/memoera.fi\/?s={search_term_string}"},"query-input":"required name=search_term_string"}],"inLanguage":"fi"},{"@type":"Organization","@id":"https:\/\/memoera.fi\/#organization","name":"Memoera","url":"https:\/\/memoera.fi\/","logo":{"@type":"ImageObject","inLanguage":"fi","@id":"https:\/\/memoera.fi\/#\/schema\/logo\/image\/","url":"https:\/\/memoera.fi\/wp-content\/uploads\/2020\/06\/Logo-800x800px.jpg","contentUrl":"https:\/\/memoera.fi\/wp-content\/uploads\/2020\/06\/Logo-800x800px.jpg","width":800,"height":800,"caption":"Memoera"},"image":{"@id":"https:\/\/memoera.fi\/#\/schema\/logo\/image\/"},"sameAs":["https:\/\/www.facebook.com\/muistikuntoamukavasti\/","https:\/\/twitter.com\/memoera","https:\/\/www.youtube.com\/channel\/UC1oMj58JByi_BDcJqSpyC_g\/"]}]}},"_links":{"self":[{"href":"https:\/\/memoera.fi\/index.php\/wp-json\/wp\/v2\/pages\/6486","targetHints":{"allow":["GET"]}}],"collection":[{"href":"https:\/\/memoera.fi\/index.php\/wp-json\/wp\/v2\/pages"}],"about":[{"href":"https:\/\/memoera.fi\/index.php\/wp-json\/wp\/v2\/types\/page"}],"author":[{"embeddable":true,"href":"https:\/\/memoera.fi\/index.php\/wp-json\/wp\/v2\/users\/4"}],"replies":[{"embeddable":true,"href":"https:\/\/memoera.fi\/index.php\/wp-json\/wp\/v2\/comments?post=6486"}],"version-history":[{"count":5,"href":"https:\/\/memoera.fi\/index.php\/wp-json\/wp\/v2\/pages\/6486\/revisions"}],"predecessor-version":[{"id":6703,"href":"https:\/\/memoera.fi\/index.php\/wp-json\/wp\/v2\/pages\/6486\/revisions\/6703"}],"wp:attachment":[{"href":"https:\/\/memoera.fi\/index.php\/wp-json\/wp\/v2\/media?parent=6486"}],"curies":[{"name":"wp","href":"https:\/\/api.w.org\/{rel}","templated":true}]}}