{"id":6420,"date":"2024-12-29T12:45:40","date_gmt":"2024-12-29T10:45:40","guid":{"rendered":"https:\/\/memoera.fi\/?page_id=6420"},"modified":"2025-01-24T00:04:39","modified_gmt":"2025-01-23T22:04:39","slug":"yhteystiedot","status":"publish","type":"page","link":"https:\/\/memoera.fi\/index.php\/yhteystiedot\/","title":{"rendered":"Yhteystiedot"},"content":{"rendered":"<div data-colibri-id=\"6420-c1\" class=\"style-2133 style-local-6420-c1 position-relative\">\n  <!---->\n  <div data-colibri-component=\"section\" data-colibri-id=\"6420-c2\" id=\"contact\" class=\"h-section h-section-global-spacing d-flex align-items-lg-center align-items-md-center align-items-center style-2455 style-local-6420-c2 position-relative\">\n    <!---->\n    <!---->\n    <div class=\"h-section-grid-container h-section-boxed-container\">\n      <!---->\n      <div data-colibri-id=\"6420-c3\" class=\"h-row-container gutters-row-lg-1 gutters-row-md-1 gutters-row-0 gutters-row-v-lg-1 gutters-row-v-md-1 gutters-row-v-1 style-2456 style-local-6420-c3 position-relative\">\n        <!---->\n        <div class=\"h-row justify-content-lg-center justify-content-md-center justify-content-center align-items-lg-stretch align-items-md-stretch align-items-stretch gutters-col-lg-1 gutters-col-md-1 gutters-col-0 gutters-col-v-lg-1 gutters-col-v-md-1 gutters-col-v-1\">\n          <!---->\n          <div class=\"h-column h-column-container d-flex h-col-lg-auto h-col-md-auto h-col-auto style-2457-outer style-local-6420-c4-outer\">\n            <div data-colibri-id=\"6420-c4\" class=\"d-flex h-flex-basis h-column__inner h-px-lg-1 h-px-md-1 h-px-1 v-inner-lg-1 v-inner-md-1 v-inner-1 style-2457 style-local-6420-c4 position-relative\">\n              <!---->\n              <!---->\n              <div class=\"w-100 h-y-container h-column__content h-column__v-align flex-basis-100 align-self-lg-start align-self-md-start align-self-start\">\n                <!---->\n                <div data-colibri-id=\"6420-c5\" class=\"h-global-transition-all h-heading style-2464 style-local-6420-c5 position-relative h-element\">\n                  <!---->\n                  <div class=\"h-heading__outer style-2464 style-local-6420-c5\">\n                    <!---->\n                    <!---->\n                    <h1 class=\"\">Yhteystiedot<\/h1>\n                  <\/div>\n                <\/div>\n                <div data-colibri-id=\"6420-c6\" class=\"h-text h-text-component style-2473 style-local-6420-c6 position-relative h-element\">\n                  <!---->\n                  <!---->\n                  <div class=\"\">\n                    <p>Meille on t\u00e4rke\u00e4\u00e4, ett\u00e4 saatte juuri teille sopivaa palvelua. Jos jokin mietitytt\u00e4\u00e4, otattehan yhteytt\u00e4 asiakaspalveluumme&nbsp;\u2013 autamme mielell\u00e4mme.<\/p>\n                  <\/div>\n                <\/div>\n                <div data-colibri-id=\"6420-c7\" class=\"h-divider style-2472 style-local-6420-c7 position-relative h-element\">\n                  <!----><span class=\"h-divider__line style-2472-line style-local-6420-c7-line style-2472-line style-local-6420-c7-line\"><\/span> <span class=\"h-svg-icon h-divider__icon style-2472-icon style-local-6420-c7-icon\"><!--Icon by Font Awesome (https:\/\/fontawesome.com)-->\n    <svg version=\"1.1\" xmlns=\"http:\/\/www.w3.org\/2000\/svg\" xmlns:xlink=\"http:\/\/www.w3.org\/1999\/xlink\" id=\"map-marker\" viewBox=\"0 0 1049.8953 1896.0833\">\n      <path d=\"M768 640q0-106-75-181t-181-75-181 75-75 181 75 181 181 75 181-75 75-181zm256 0q0 109-33 179l-364 774q-16 33-47.5 52t-67.5 19-67.5-19-46.5-52L33 819Q0 749 0 640q0-212 150-362t362-150 362 150 150 362z\"><\/path>\n    <\/svg><\/span> <span class=\"h-divider__line style-2472-line style-local-6420-c7-line style-2472-line style-local-6420-c7-line\"><\/span><\/div>\n                <div data-colibri-id=\"6420-c8\" class=\"h-text h-text-component style-2465 style-local-6420-c8 position-relative h-element\">\n                  <!---->\n                  <!---->\n                  <div class=\"\">\n                    <p>Memoera Oy<\/p>\n                    <p>Rautatienkatu 1<\/p>\n                    <p>13210 H\u00e4meenlinna<\/p>\n                  <\/div>\n                <\/div>\n                <div data-colibri-id=\"6420-c9\" class=\"h-divider style-2476 style-local-6420-c9 position-relative h-element\">\n                  <!----><span class=\"h-divider__line style-2476-line style-local-6420-c9-line style-2476-line style-local-6420-c9-line\"><\/span> <span class=\"h-svg-icon h-divider__icon style-2476-icon style-local-6420-c9-icon\"><!--Icon by Font Awesome (https:\/\/fontawesome.com)-->\n    <svg version=\"1.1\" xmlns=\"http:\/\/www.w3.org\/2000\/svg\" xmlns:xlink=\"http:\/\/www.w3.org\/1999\/xlink\" id=\"volume-control-phone\" viewBox=\"0 0 1408 1896.0833\">\n      <path d=\"M617 1689q0-11-13-58t-31-107-20-69q-1-4-5-26.5t-8.5-36T526 1371q-15-14-51-14-23 0-70 5.5t-71 5.5q-34 0-47-11-6-5-11-15.5t-7.5-20-6.5-24-5-18.5q-37-128-37-255t37-255q1-4 5-18.5t6.5-24 7.5-20 11-15.5q13-11 47-11 24 0 71 5.5t70 5.5q36 0 51-14 9-8 13.5-21.5t8.5-36 5-26.5q2-9 20-69t31-107 13-58q0-22-43.5-52.5T498 264q-20-8-45-8-34 0-98 18-57 17-96.5 40.5t-71 66-46 70T96 545q-6 12-9 19-49 107-68 216T0 1024t19 244 68 216q56 122 83 161 63 91 179 127l6 2q64 18 98 18 25 0 45-8 32-12 75.5-42.5T617 1689zm159-913q-26 0-45-19t-19-45.5 19-45.5q37-37 37-90 0-52-37-91-19-19-19-45t19-45 45-19 45 19q75 75 75 181t-75 181q-21 19-45 19zm181 181q-27 0-45-19-19-19-19-45t19-45q112-114 112-272T912 304q-19-19-19-45t19-45 45-19 45 19q150 150 150 362t-150 362q-18 19-45 19zm181 181q-27 0-45-19-19-19-19-45t19-45q90-91 138.5-208t48.5-245-48.5-245T1093 123q-19-19-19-45t19-45 45-19 45 19q109 109 167 249t58 294-58 294-167 249q-18 19-45 19z\"><\/path>\n    <\/svg><\/span> <span class=\"h-divider__line style-2476-line style-local-6420-c9-line style-2476-line style-local-6420-c9-line\"><\/span><\/div>\n                <div data-colibri-id=\"6420-c10\" class=\"h-text h-text-component style-2474 style-local-6420-c10 position-relative h-element\">\n                  <!---->\n                  <!---->\n                  <div class=\"\">\n                    <p>S\u00e4hk\u00f6postiosoite: info@memoera.fi<\/p>\n                  <\/div>\n                <\/div>\n                <div data-colibri-id=\"6420-c11\" class=\"h-text h-text-component style-2463 style-local-6420-c11 position-relative h-element\">\n                  <!---->\n                  <!---->\n                  <div class=\"\">\n                    <p>Asiakaspalvelu: Maanantai-Torstai klo 9-15 puh. 044 405 0400<\/p>\n                    <p>Puhelinnumero: 044 405 0400<\/p>\n                  <\/div>\n                <\/div>\n              <\/div>\n            <\/div>\n          <\/div>\n          <div class=\"h-column h-column-container d-flex h-col-lg-auto h-col-md-auto h-col-auto style-2458-outer style-local-6420-c12-outer\">\n            <div data-colibri-id=\"6420-c12\" class=\"d-flex h-flex-basis h-column__inner h-px-lg-1 h-px-md-1 h-px-1 v-inner-lg-1 v-inner-md-1 v-inner-1 style-2458 style-local-6420-c12 position-relative\">\n              <!---->\n              <!---->\n              <div class=\"w-100 h-y-container h-column__content h-column__v-align flex-basis-100 align-self-lg-start align-self-md-start align-self-start\">\n                <!---->\n                <div data-colibri-id=\"6420-c13\" class=\"d-block style-2445 style-local-6420-c13 position-relative h-element\">\n                  <!---->\n                  <div class=\"h-image__frame-container-outer\">\n                    <div class=\"h-image__frame-container\">\n                      <!---->\n                      <!---->\n                      <img loading=\"lazy\" decoding=\"async\" width=\"2560\" height=\"1920\" src=\"https:\/\/memoera.fi\/wp-content\/uploads\/2025\/01\/cropped-pexels-alex-andrews-271121-821754-scaled-1.jpg\" class=\"wp-image-6492 style-2445-image style-local-6420-c13-image\" alt=\"\" srcset=\"https:\/\/memoera.fi\/wp-content\/uploads\/2025\/01\/cropped-pexels-alex-andrews-271121-821754-scaled-1.jpg 2560w, https:\/\/memoera.fi\/wp-content\/uploads\/2025\/01\/cropped-pexels-alex-andrews-271121-821754-scaled-1-300x225.jpg 300w, https:\/\/memoera.fi\/wp-content\/uploads\/2025\/01\/cropped-pexels-alex-andrews-271121-821754-scaled-1-1024x768.jpg 1024w, https:\/\/memoera.fi\/wp-content\/uploads\/2025\/01\/cropped-pexels-alex-andrews-271121-821754-scaled-1-768x576.jpg 768w, https:\/\/memoera.fi\/wp-content\/uploads\/2025\/01\/cropped-pexels-alex-andrews-271121-821754-scaled-1-1536x1152.jpg 1536w, https:\/\/memoera.fi\/wp-content\/uploads\/2025\/01\/cropped-pexels-alex-andrews-271121-821754-scaled-1-2048x1536.jpg 2048w\" sizes=\"auto, (max-width: 2560px) 100vw, 2560px\" \/>\n                      <div class=\"h-image__frame h-hide-lg h-hide-md h-hide-sm style-2445-frameImage style-local-6420-c13-frameImage\"><\/div>\n                    <\/div>\n                  <\/div>\n                <\/div>\n              <\/div>\n            <\/div>\n          <\/div>\n        <\/div>\n      <\/div>\n    <\/div>\n  <\/div>\n<\/div>","protected":false},"excerpt":{"rendered":"<p>Yhteystiedot Meille on t\u00e4rke\u00e4\u00e4, ett\u00e4 saatte juuri teille sopivaa palvelua. Jos jokin mietitytt\u00e4\u00e4, otattehan yhteytt\u00e4 asiakaspalveluumme&nbsp;\u2013 autamme mielell\u00e4mme. Memoera Oy Rautatienkatu 1 13210 H\u00e4meenlinna S\u00e4hk\u00f6postiosoite: info@memoera.fi Asiakaspalvelu: Maanantai-Torstai klo 9-15 puh. 044 405 0400 Puhelinnumero: 044 405 0400<\/p>\n","protected":false},"author":4,"featured_media":0,"parent":0,"menu_order":0,"comment_status":"closed","ping_status":"closed","template":"page-templates\/full-width-page.php","meta":{"om_disable_all_campaigns":false,"_monsterinsights_skip_tracking":false,"_monsterinsights_sitenote_active":false,"_monsterinsights_sitenote_note":"","_monsterinsights_sitenote_category":0,"_uf_show_specific_survey":0,"_uf_disable_surveys":false,"footnotes":""},"class_list":["post-6420","page","type-page","status-publish","hentry"],"aioseo_notices":[],"yoast_head":"<!-- This site is optimized with the Yoast SEO plugin v20.5 - https:\/\/yoast.com\/wordpress\/plugins\/seo\/ -->\n<title>Memoera -<\/title>\n<meta name=\"robots\" content=\"index, follow, max-snippet:-1, max-image-preview:large, max-video-preview:-1\" \/>\n<link rel=\"canonical\" href=\"https:\/\/memoera.fi\/index.php\/yhteystiedot\/\" \/>\n<meta property=\"og:locale\" content=\"fi_FI\" \/>\n<meta property=\"og:type\" content=\"article\" \/>\n<meta property=\"og:title\" content=\"Memoera -\" \/>\n<meta property=\"og:description\" content=\"Yhteystiedot Meille on t\u00e4rke\u00e4\u00e4, ett\u00e4 saatte juuri teille sopivaa palvelua. Jos jokin mietitytt\u00e4\u00e4, otattehan yhteytt\u00e4 asiakaspalveluumme&nbsp;\u2013 autamme mielell\u00e4mme. Memoera Oy Rautatienkatu 1 13210 H\u00e4meenlinna S\u00e4hk\u00f6postiosoite: info@memoera.fi Asiakaspalvelu: Maanantai-Torstai klo 9-15 puh. 044 405 0400 Puhelinnumero: 044 405 0400\" \/>\n<meta property=\"og:url\" content=\"https:\/\/memoera.fi\/index.php\/yhteystiedot\/\" \/>\n<meta property=\"og:site_name\" content=\"Memoera\" \/>\n<meta property=\"article:publisher\" content=\"https:\/\/www.facebook.com\/muistikuntoamukavasti\/\" \/>\n<meta property=\"article:modified_time\" content=\"2025-01-23T22:04:39+00:00\" \/>\n<meta property=\"og:image\" content=\"https:\/\/memoera.fi\/wp-content\/uploads\/2025\/01\/cropped-pexels-alex-andrews-271121-821754-scaled-1.jpg\" \/>\n<meta name=\"twitter:card\" content=\"summary_large_image\" \/>\n<meta name=\"twitter:site\" content=\"@memoera\" \/>\n<script type=\"application\/ld+json\" class=\"yoast-schema-graph\">{\"@context\":\"https:\/\/schema.org\",\"@graph\":[{\"@type\":\"WebPage\",\"@id\":\"https:\/\/memoera.fi\/index.php\/yhteystiedot\/\",\"url\":\"https:\/\/memoera.fi\/index.php\/yhteystiedot\/\",\"name\":\"Memoera -\",\"isPartOf\":{\"@id\":\"https:\/\/memoera.fi\/#website\"},\"datePublished\":\"2024-12-29T10:45:40+00:00\",\"dateModified\":\"2025-01-23T22:04:39+00:00\",\"breadcrumb\":{\"@id\":\"https:\/\/memoera.fi\/index.php\/yhteystiedot\/#breadcrumb\"},\"inLanguage\":\"fi\",\"potentialAction\":[{\"@type\":\"ReadAction\",\"target\":[\"https:\/\/memoera.fi\/index.php\/yhteystiedot\/\"]}]},{\"@type\":\"BreadcrumbList\",\"@id\":\"https:\/\/memoera.fi\/index.php\/yhteystiedot\/#breadcrumb\",\"itemListElement\":[{\"@type\":\"ListItem\",\"position\":1,\"name\":\"Home\",\"item\":\"https:\/\/memoera.fi\/\"},{\"@type\":\"ListItem\",\"position\":2,\"name\":\"Yhteystiedot\"}]},{\"@type\":\"WebSite\",\"@id\":\"https:\/\/memoera.fi\/#website\",\"url\":\"https:\/\/memoera.fi\/\",\"name\":\"Memoera\",\"description\":\"Muistikuntoa mukavasti\",\"publisher\":{\"@id\":\"https:\/\/memoera.fi\/#organization\"},\"potentialAction\":[{\"@type\":\"SearchAction\",\"target\":{\"@type\":\"EntryPoint\",\"urlTemplate\":\"https:\/\/memoera.fi\/?s={search_term_string}\"},\"query-input\":\"required name=search_term_string\"}],\"inLanguage\":\"fi\"},{\"@type\":\"Organization\",\"@id\":\"https:\/\/memoera.fi\/#organization\",\"name\":\"Memoera\",\"url\":\"https:\/\/memoera.fi\/\",\"logo\":{\"@type\":\"ImageObject\",\"inLanguage\":\"fi\",\"@id\":\"https:\/\/memoera.fi\/#\/schema\/logo\/image\/\",\"url\":\"https:\/\/memoera.fi\/wp-content\/uploads\/2020\/06\/Logo-800x800px.jpg\",\"contentUrl\":\"https:\/\/memoera.fi\/wp-content\/uploads\/2020\/06\/Logo-800x800px.jpg\",\"width\":800,\"height\":800,\"caption\":\"Memoera\"},\"image\":{\"@id\":\"https:\/\/memoera.fi\/#\/schema\/logo\/image\/\"},\"sameAs\":[\"https:\/\/www.facebook.com\/muistikuntoamukavasti\/\",\"https:\/\/twitter.com\/memoera\",\"https:\/\/www.youtube.com\/channel\/UC1oMj58JByi_BDcJqSpyC_g\/\"]}]}<\/script>\n<!-- \/ Yoast SEO plugin. -->","yoast_head_json":{"title":"Memoera -","robots":{"index":"index","follow":"follow","max-snippet":"max-snippet:-1","max-image-preview":"max-image-preview:large","max-video-preview":"max-video-preview:-1"},"canonical":"https:\/\/memoera.fi\/index.php\/yhteystiedot\/","og_locale":"fi_FI","og_type":"article","og_title":"Memoera -","og_description":"Yhteystiedot Meille on t\u00e4rke\u00e4\u00e4, ett\u00e4 saatte juuri teille sopivaa palvelua. Jos jokin mietitytt\u00e4\u00e4, otattehan yhteytt\u00e4 asiakaspalveluumme&nbsp;\u2013 autamme mielell\u00e4mme. Memoera Oy Rautatienkatu 1 13210 H\u00e4meenlinna S\u00e4hk\u00f6postiosoite: info@memoera.fi Asiakaspalvelu: Maanantai-Torstai klo 9-15 puh. 044 405 0400 Puhelinnumero: 044 405 0400","og_url":"https:\/\/memoera.fi\/index.php\/yhteystiedot\/","og_site_name":"Memoera","article_publisher":"https:\/\/www.facebook.com\/muistikuntoamukavasti\/","article_modified_time":"2025-01-23T22:04:39+00:00","og_image":[{"url":"https:\/\/memoera.fi\/wp-content\/uploads\/2025\/01\/cropped-pexels-alex-andrews-271121-821754-scaled-1.jpg"}],"twitter_card":"summary_large_image","twitter_site":"@memoera","schema":{"@context":"https:\/\/schema.org","@graph":[{"@type":"WebPage","@id":"https:\/\/memoera.fi\/index.php\/yhteystiedot\/","url":"https:\/\/memoera.fi\/index.php\/yhteystiedot\/","name":"Memoera -","isPartOf":{"@id":"https:\/\/memoera.fi\/#website"},"datePublished":"2024-12-29T10:45:40+00:00","dateModified":"2025-01-23T22:04:39+00:00","breadcrumb":{"@id":"https:\/\/memoera.fi\/index.php\/yhteystiedot\/#breadcrumb"},"inLanguage":"fi","potentialAction":[{"@type":"ReadAction","target":["https:\/\/memoera.fi\/index.php\/yhteystiedot\/"]}]},{"@type":"BreadcrumbList","@id":"https:\/\/memoera.fi\/index.php\/yhteystiedot\/#breadcrumb","itemListElement":[{"@type":"ListItem","position":1,"name":"Home","item":"https:\/\/memoera.fi\/"},{"@type":"ListItem","position":2,"name":"Yhteystiedot"}]},{"@type":"WebSite","@id":"https:\/\/memoera.fi\/#website","url":"https:\/\/memoera.fi\/","name":"Memoera","description":"Muistikuntoa mukavasti","publisher":{"@id":"https:\/\/memoera.fi\/#organization"},"potentialAction":[{"@type":"SearchAction","target":{"@type":"EntryPoint","urlTemplate":"https:\/\/memoera.fi\/?s={search_term_string}"},"query-input":"required name=search_term_string"}],"inLanguage":"fi"},{"@type":"Organization","@id":"https:\/\/memoera.fi\/#organization","name":"Memoera","url":"https:\/\/memoera.fi\/","logo":{"@type":"ImageObject","inLanguage":"fi","@id":"https:\/\/memoera.fi\/#\/schema\/logo\/image\/","url":"https:\/\/memoera.fi\/wp-content\/uploads\/2020\/06\/Logo-800x800px.jpg","contentUrl":"https:\/\/memoera.fi\/wp-content\/uploads\/2020\/06\/Logo-800x800px.jpg","width":800,"height":800,"caption":"Memoera"},"image":{"@id":"https:\/\/memoera.fi\/#\/schema\/logo\/image\/"},"sameAs":["https:\/\/www.facebook.com\/muistikuntoamukavasti\/","https:\/\/twitter.com\/memoera","https:\/\/www.youtube.com\/channel\/UC1oMj58JByi_BDcJqSpyC_g\/"]}]}},"_links":{"self":[{"href":"https:\/\/memoera.fi\/index.php\/wp-json\/wp\/v2\/pages\/6420","targetHints":{"allow":["GET"]}}],"collection":[{"href":"https:\/\/memoera.fi\/index.php\/wp-json\/wp\/v2\/pages"}],"about":[{"href":"https:\/\/memoera.fi\/index.php\/wp-json\/wp\/v2\/types\/page"}],"author":[{"embeddable":true,"href":"https:\/\/memoera.fi\/index.php\/wp-json\/wp\/v2\/users\/4"}],"replies":[{"embeddable":true,"href":"https:\/\/memoera.fi\/index.php\/wp-json\/wp\/v2\/comments?post=6420"}],"version-history":[{"count":3,"href":"https:\/\/memoera.fi\/index.php\/wp-json\/wp\/v2\/pages\/6420\/revisions"}],"predecessor-version":[{"id":6631,"href":"https:\/\/memoera.fi\/index.php\/wp-json\/wp\/v2\/pages\/6420\/revisions\/6631"}],"wp:attachment":[{"href":"https:\/\/memoera.fi\/index.php\/wp-json\/wp\/v2\/media?parent=6420"}],"curies":[{"name":"wp","href":"https:\/\/api.w.org\/{rel}","templated":true}]}}