{"id":3531,"date":"2020-02-07T07:43:38","date_gmt":"2020-02-07T07:43:38","guid":{"rendered":"http:\/\/192.168.0.11\/wordpress\/?page_id=3531"},"modified":"2024-09-09T10:11:10","modified_gmt":"2024-09-09T08:11:10","slug":"memoera-exe-ennakkovaraus","status":"publish","type":"page","link":"https:\/\/memoera.fi\/index.php\/memoera-exe-ennakkovaraus\/","title":{"rendered":"Memoera Exe ennakkovaraus"},"content":{"rendered":"<div data-colibri-id=\"3531-c1\" class=\"style-1814 style-local-3531-c1 position-relative\">\r\n  <!---->\r\n  <div data-colibri-component=\"section\" data-colibri-id=\"3531-c2\" id=\"custom\" class=\"h-section h-section-global-spacing d-flex align-items-lg-center align-items-md-center align-items-center style-1824 style-local-3531-c2 position-relative\">\r\n    <!---->\r\n    <!---->\r\n    <div class=\"h-section-grid-container h-section-boxed-container\">\r\n      <!---->\r\n      <div data-colibri-id=\"3531-c3\" class=\"h-row-container gutters-row-lg-2 gutters-row-md-2 gutters-row-0 gutters-row-v-lg-2 gutters-row-v-md-2 gutters-row-v-2 style-1825 style-local-3531-c3 position-relative\">\r\n        <!---->\r\n        <div class=\"h-row justify-content-lg-center justify-content-md-center justify-content-center align-items-lg-stretch align-items-md-stretch align-items-stretch gutters-col-lg-2 gutters-col-md-2 gutters-col-0 gutters-col-v-lg-2 gutters-col-v-md-2 gutters-col-v-2\">\r\n          <!---->\r\n          <div class=\"h-column h-column-container d-flex h-col-lg-auto h-col-md-auto h-col-auto style-1826-outer style-local-3531-c4-outer\">\r\n            <div data-colibri-id=\"3531-c4\" class=\"d-flex h-flex-basis h-column__inner h-px-lg-2 h-px-md-2 h-px-2 v-inner-lg-2 v-inner-md-2 v-inner-2 style-1826 style-local-3531-c4 position-relative\">\r\n              <!---->\r\n              <!---->\r\n              <div class=\"w-100 h-y-container h-column__content h-column__v-align flex-basis-100 align-self-lg-start align-self-md-start align-self-start\">\r\n                <!---->\r\n                <div data-colibri-id=\"3531-c5\" class=\"style-1828 style-local-3531-c5 position-relative h-element\">\r\n                  <!---->\r\n                  <div class=\"h-global-transition-all h-contact-form-shortcode h-global-transition h-global-transition-all\">\r\n                    <h4>Kiitos kiinnostuksesta Memoera Exe\u00e4 kohtaan!<\/h4>\r\n                    <p>Alla voit t\u00e4ytt\u00e4\u00e4 ja l\u00e4hett\u00e4\u00e4 ennakkovarauslomakkeen.\r\n                      <br>Ennakkovaraus ei sido m\u00e4\u00e4r\u00e4aikaiseen sopimukseen ja varauksen voi perua milloin tahansa.<\/p>\r\n                    <br>\r\n                    <form action=\"https:\/\/memoera.fi\/order.php\" method=\"POST\">\r\n\r\n                      <input name=\"product\" id=\"inProduct\" required=\"\" value=\"exe\" type=\"hidden\">\r\n\r\n                      <label for=\"inFirstName\">Etunimi<\/label>\r\n                      <input id=\"inFirstName\" name=\"firstname\" required=\"\" type=\"text\">\r\n                      <br>\r\n\r\n                      <label for=\"inLastName\">Sukunimi<\/label>\r\n                      <input id=\"inLastName\" name=\"lastname\" required=\"\" type=\"text\">\r\n                      <br>\r\n\r\n                      <input id=\"inAddress\" name=\"address\" required=\"\" type=\"hidden\" value=\"osoite\">\r\n                      <input id=\"inZip\" name=\"zip\" pattern=\"^[0-9]+$\" required=\"\" type=\"hidden\" value=\"12345\">\r\n                      <input id=\"inArea\" name=\"area\" required=\"\" type=\"hidden\" value=\"ptp\">\r\n\r\n                      <label for=\"inPhone\">Puhelin<\/label>\r\n                      <input id=\"inPhone\" name=\"phone\" required=\"\" type=\"text\">\r\n                      <br>\r\n\r\n                      <label for=\"inEmail\">S\u00e4hk\u00f6posti<\/label>\r\n                      <input id=\"inEmail\" name=\"email\" required=\"\" type=\"email\">\r\n\r\n                      <input name=\"shipping\" id=\"inShipping\" required=\"\" value=\"asd\" type=\"hidden\">\r\n                      <input id=\"inExtra\" name=\"extra\" value=\"asd\" type=\"hidden\">\r\n\r\n                      <br>\r\n                      <br>\r\n                      <input type=\"submit\" value=\"L\u00e4het\u00e4\">\r\n\r\n                    <\/form>\r\n                    <br>\r\n                    <p>Asiakaspalvelumme on sinuun pian yhteydess\u00e4 vahvistaakseen varauksesi.<\/p>\r\n                  <\/div>\r\n                <\/div>\r\n              <\/div>\r\n            <\/div>\r\n          <\/div>\r\n        <\/div>\r\n      <\/div>\r\n    <\/div>\r\n  <\/div>\r\n<\/div>","protected":false},"excerpt":{"rendered":"<p>Kiitos kiinnostuksesta Memoera Exe\u00e4 kohtaan! Alla voit t\u00e4ytt\u00e4\u00e4 ja l\u00e4hett\u00e4\u00e4 ennakkovarauslomakkeen. Ennakkovaraus ei sido m\u00e4\u00e4r\u00e4aikaiseen sopimukseen ja varauksen voi perua milloin tahansa. Etunimi Sukunimi Puhelin S\u00e4hk\u00f6posti Asiakaspalvelumme on sinuun pian yhteydess\u00e4 vahvistaakseen varauksesi.<\/p>\n","protected":false},"author":2,"featured_media":0,"parent":0,"menu_order":0,"comment_status":"closed","ping_status":"closed","template":"full-width-page.php","meta":{"om_disable_all_campaigns":false,"_monsterinsights_skip_tracking":false,"_monsterinsights_sitenote_active":false,"_monsterinsights_sitenote_note":"","_monsterinsights_sitenote_category":0,"_uf_show_specific_survey":0,"_uf_disable_surveys":false,"footnotes":""},"class_list":["post-3531","page","type-page","status-publish","hentry"],"aioseo_notices":[],"yoast_head":"<!-- This site is optimized with the Yoast SEO plugin v20.5 - https:\/\/yoast.com\/wordpress\/plugins\/seo\/ -->\n<title>Memoera - Memoera Exe ennakkovaraus<\/title>\n<meta name=\"description\" content=\"Liikuntaohjain muistisairaiden, ik\u00e4ihmisten ja erityisryhmien k\u00e4ytt\u00f6\u00f6n. Tee ennakkovaraus t\u00e4st\u00e4!\" \/>\n<meta name=\"robots\" content=\"index, follow, max-snippet:-1, max-image-preview:large, max-video-preview:-1\" \/>\n<link rel=\"canonical\" href=\"https:\/\/memoera.fi\/index.php\/memoera-exe-ennakkovaraus\/\" \/>\n<meta property=\"og:locale\" content=\"fi_FI\" \/>\n<meta property=\"og:type\" content=\"article\" \/>\n<meta property=\"og:title\" content=\"Memoera - Memoera Exe ennakkovaraus\" \/>\n<meta property=\"og:description\" content=\"Liikuntaohjain muistisairaiden, ik\u00e4ihmisten ja erityisryhmien k\u00e4ytt\u00f6\u00f6n. Tee ennakkovaraus t\u00e4st\u00e4!\" \/>\n<meta property=\"og:url\" content=\"https:\/\/memoera.fi\/index.php\/memoera-exe-ennakkovaraus\/\" \/>\n<meta property=\"og:site_name\" content=\"Memoera\" \/>\n<meta property=\"article:publisher\" content=\"https:\/\/www.facebook.com\/muistikuntoamukavasti\/\" \/>\n<meta property=\"article:modified_time\" content=\"2024-09-09T08:11:10+00:00\" \/>\n<meta name=\"twitter:card\" content=\"summary_large_image\" \/>\n<meta name=\"twitter:site\" content=\"@memoera\" \/>\n<meta name=\"twitter:label1\" content=\"Arvioitu lukuaika\" \/>\n\t<meta name=\"twitter:data1\" content=\"1 minuutti\" \/>\n<script type=\"application\/ld+json\" class=\"yoast-schema-graph\">{\"@context\":\"https:\/\/schema.org\",\"@graph\":[{\"@type\":\"WebPage\",\"@id\":\"https:\/\/memoera.fi\/index.php\/memoera-exe-ennakkovaraus\/\",\"url\":\"https:\/\/memoera.fi\/index.php\/memoera-exe-ennakkovaraus\/\",\"name\":\"Memoera - Memoera Exe ennakkovaraus\",\"isPartOf\":{\"@id\":\"https:\/\/memoera.fi\/#website\"},\"datePublished\":\"2020-02-07T07:43:38+00:00\",\"dateModified\":\"2024-09-09T08:11:10+00:00\",\"description\":\"Liikuntaohjain muistisairaiden, ik\u00e4ihmisten ja erityisryhmien k\u00e4ytt\u00f6\u00f6n. Tee ennakkovaraus t\u00e4st\u00e4!\",\"breadcrumb\":{\"@id\":\"https:\/\/memoera.fi\/index.php\/memoera-exe-ennakkovaraus\/#breadcrumb\"},\"inLanguage\":\"fi\",\"potentialAction\":[{\"@type\":\"ReadAction\",\"target\":[\"https:\/\/memoera.fi\/index.php\/memoera-exe-ennakkovaraus\/\"]}]},{\"@type\":\"BreadcrumbList\",\"@id\":\"https:\/\/memoera.fi\/index.php\/memoera-exe-ennakkovaraus\/#breadcrumb\",\"itemListElement\":[{\"@type\":\"ListItem\",\"position\":1,\"name\":\"Home\",\"item\":\"https:\/\/memoera.fi\/\"},{\"@type\":\"ListItem\",\"position\":2,\"name\":\"Memoera Exe ennakkovaraus\"}]},{\"@type\":\"WebSite\",\"@id\":\"https:\/\/memoera.fi\/#website\",\"url\":\"https:\/\/memoera.fi\/\",\"name\":\"Memoera\",\"description\":\"Muistikuntoa mukavasti\",\"publisher\":{\"@id\":\"https:\/\/memoera.fi\/#organization\"},\"potentialAction\":[{\"@type\":\"SearchAction\",\"target\":{\"@type\":\"EntryPoint\",\"urlTemplate\":\"https:\/\/memoera.fi\/?s={search_term_string}\"},\"query-input\":\"required name=search_term_string\"}],\"inLanguage\":\"fi\"},{\"@type\":\"Organization\",\"@id\":\"https:\/\/memoera.fi\/#organization\",\"name\":\"Memoera\",\"url\":\"https:\/\/memoera.fi\/\",\"logo\":{\"@type\":\"ImageObject\",\"inLanguage\":\"fi\",\"@id\":\"https:\/\/memoera.fi\/#\/schema\/logo\/image\/\",\"url\":\"https:\/\/memoera.fi\/wp-content\/uploads\/2020\/06\/Logo-800x800px.jpg\",\"contentUrl\":\"https:\/\/memoera.fi\/wp-content\/uploads\/2020\/06\/Logo-800x800px.jpg\",\"width\":800,\"height\":800,\"caption\":\"Memoera\"},\"image\":{\"@id\":\"https:\/\/memoera.fi\/#\/schema\/logo\/image\/\"},\"sameAs\":[\"https:\/\/www.facebook.com\/muistikuntoamukavasti\/\",\"https:\/\/twitter.com\/memoera\",\"https:\/\/www.youtube.com\/channel\/UC1oMj58JByi_BDcJqSpyC_g\/\"]}]}<\/script>\n<!-- \/ Yoast SEO plugin. -->","yoast_head_json":{"title":"Memoera - Memoera Exe ennakkovaraus","description":"Liikuntaohjain muistisairaiden, ik\u00e4ihmisten ja erityisryhmien k\u00e4ytt\u00f6\u00f6n. Tee ennakkovaraus t\u00e4st\u00e4!","robots":{"index":"index","follow":"follow","max-snippet":"max-snippet:-1","max-image-preview":"max-image-preview:large","max-video-preview":"max-video-preview:-1"},"canonical":"https:\/\/memoera.fi\/index.php\/memoera-exe-ennakkovaraus\/","og_locale":"fi_FI","og_type":"article","og_title":"Memoera - Memoera Exe ennakkovaraus","og_description":"Liikuntaohjain muistisairaiden, ik\u00e4ihmisten ja erityisryhmien k\u00e4ytt\u00f6\u00f6n. Tee ennakkovaraus t\u00e4st\u00e4!","og_url":"https:\/\/memoera.fi\/index.php\/memoera-exe-ennakkovaraus\/","og_site_name":"Memoera","article_publisher":"https:\/\/www.facebook.com\/muistikuntoamukavasti\/","article_modified_time":"2024-09-09T08:11:10+00:00","twitter_card":"summary_large_image","twitter_site":"@memoera","twitter_misc":{"Arvioitu lukuaika":"1 minuutti"},"schema":{"@context":"https:\/\/schema.org","@graph":[{"@type":"WebPage","@id":"https:\/\/memoera.fi\/index.php\/memoera-exe-ennakkovaraus\/","url":"https:\/\/memoera.fi\/index.php\/memoera-exe-ennakkovaraus\/","name":"Memoera - Memoera Exe ennakkovaraus","isPartOf":{"@id":"https:\/\/memoera.fi\/#website"},"datePublished":"2020-02-07T07:43:38+00:00","dateModified":"2024-09-09T08:11:10+00:00","description":"Liikuntaohjain muistisairaiden, ik\u00e4ihmisten ja erityisryhmien k\u00e4ytt\u00f6\u00f6n. Tee ennakkovaraus t\u00e4st\u00e4!","breadcrumb":{"@id":"https:\/\/memoera.fi\/index.php\/memoera-exe-ennakkovaraus\/#breadcrumb"},"inLanguage":"fi","potentialAction":[{"@type":"ReadAction","target":["https:\/\/memoera.fi\/index.php\/memoera-exe-ennakkovaraus\/"]}]},{"@type":"BreadcrumbList","@id":"https:\/\/memoera.fi\/index.php\/memoera-exe-ennakkovaraus\/#breadcrumb","itemListElement":[{"@type":"ListItem","position":1,"name":"Home","item":"https:\/\/memoera.fi\/"},{"@type":"ListItem","position":2,"name":"Memoera Exe ennakkovaraus"}]},{"@type":"WebSite","@id":"https:\/\/memoera.fi\/#website","url":"https:\/\/memoera.fi\/","name":"Memoera","description":"Muistikuntoa mukavasti","publisher":{"@id":"https:\/\/memoera.fi\/#organization"},"potentialAction":[{"@type":"SearchAction","target":{"@type":"EntryPoint","urlTemplate":"https:\/\/memoera.fi\/?s={search_term_string}"},"query-input":"required name=search_term_string"}],"inLanguage":"fi"},{"@type":"Organization","@id":"https:\/\/memoera.fi\/#organization","name":"Memoera","url":"https:\/\/memoera.fi\/","logo":{"@type":"ImageObject","inLanguage":"fi","@id":"https:\/\/memoera.fi\/#\/schema\/logo\/image\/","url":"https:\/\/memoera.fi\/wp-content\/uploads\/2020\/06\/Logo-800x800px.jpg","contentUrl":"https:\/\/memoera.fi\/wp-content\/uploads\/2020\/06\/Logo-800x800px.jpg","width":800,"height":800,"caption":"Memoera"},"image":{"@id":"https:\/\/memoera.fi\/#\/schema\/logo\/image\/"},"sameAs":["https:\/\/www.facebook.com\/muistikuntoamukavasti\/","https:\/\/twitter.com\/memoera","https:\/\/www.youtube.com\/channel\/UC1oMj58JByi_BDcJqSpyC_g\/"]}]}},"_links":{"self":[{"href":"https:\/\/memoera.fi\/index.php\/wp-json\/wp\/v2\/pages\/3531","targetHints":{"allow":["GET"]}}],"collection":[{"href":"https:\/\/memoera.fi\/index.php\/wp-json\/wp\/v2\/pages"}],"about":[{"href":"https:\/\/memoera.fi\/index.php\/wp-json\/wp\/v2\/types\/page"}],"author":[{"embeddable":true,"href":"https:\/\/memoera.fi\/index.php\/wp-json\/wp\/v2\/users\/2"}],"replies":[{"embeddable":true,"href":"https:\/\/memoera.fi\/index.php\/wp-json\/wp\/v2\/comments?post=3531"}],"version-history":[{"count":8,"href":"https:\/\/memoera.fi\/index.php\/wp-json\/wp\/v2\/pages\/3531\/revisions"}],"predecessor-version":[{"id":4602,"href":"https:\/\/memoera.fi\/index.php\/wp-json\/wp\/v2\/pages\/3531\/revisions\/4602"}],"wp:attachment":[{"href":"https:\/\/memoera.fi\/index.php\/wp-json\/wp\/v2\/media?parent=3531"}],"curies":[{"name":"wp","href":"https:\/\/api.w.org\/{rel}","templated":true}]}}