{"id":3290,"date":"2020-01-30T11:57:07","date_gmt":"2020-01-30T11:57:07","guid":{"rendered":"http:\/\/192.168.0.11\/wordpress\/?page_id=3290"},"modified":"2020-04-23T09:56:53","modified_gmt":"2020-04-23T07:56:53","slug":"tietosuojalauseke-ja-rekisteriseloste","status":"publish","type":"page","link":"https:\/\/memoera.fi\/index.php\/tietosuojalauseke-ja-rekisteriseloste\/","title":{"rendered":"Tietosuojalauseke ja rekisteriseloste"},"content":{"rendered":"\n<h3 class=\"wp-block-heading\">Memoeran s\u00e4hk\u00f6isten palveluiden tietosuojalauseke<\/h3>\n\n\n\n<p>Memoera Oy ja sen konserniyhti\u00f6t suojaavat asiakkaidensa sek\u00e4 palveluidensa k\u00e4ytt\u00e4jien yksityisyytt\u00e4 Suomen henkil\u00f6tietolain (523\/1999) ja muun soveltuvan lains\u00e4\u00e4d\u00e4nn\u00f6n mukaisesti.<\/p>\n\n\n\n<p>Memoera voi ker\u00e4t\u00e4 palveluidensa k\u00e4ytt\u00e4jist\u00e4 rekisteriselosteessaan kuvattujen k\u00e4ytt\u00f6tarkoitusten kannalta tarpeellisia henkil\u00f6tietoja. K\u00e4ytt\u00f6tarkoitus m\u00e4\u00e4ritt\u00e4\u00e4 mink\u00e4laista tietoa k\u00e4ytt\u00e4j\u00e4st\u00e4 kulloinkin ker\u00e4t\u00e4\u00e4n.<\/p>\n\n\n\n<p>P\u00e4\u00e4asiallisesti Memoera ker\u00e4\u00e4 henkil\u00f6tiedot k\u00e4ytt\u00e4j\u00e4lt\u00e4 itselt\u00e4\u00e4n palveluiden k\u00e4yt\u00f6n yhteydess\u00e4 taikka muutoin asiakkuuden aikana. Memoera voi lis\u00e4ksi ker\u00e4t\u00e4 tietoja v\u00e4est\u00f6tietoj\u00e4rjestelm\u00e4st\u00e4 sek\u00e4 muista vastaavista julkisista tai yksityisist\u00e4 rekistereist\u00e4.<\/p>\n\n\n\n<p>Memoera s\u00e4ilytt\u00e4\u00e4 k\u00e4ytt\u00e4j\u00e4n tietoja vain niin kauan kuin on tarpeen kunkin rekisteriselosteessa m\u00e4\u00e4ritellyn tarkoituksen toteuttamiseksi kulloinkin voimassaolevan lains\u00e4\u00e4d\u00e4nn\u00f6n mukaisesti.<\/p>\n\n\n\n<p>Memoera-konserniin Suomessa kuuluvat yhti\u00f6t voivat k\u00e4sitell\u00e4 henkil\u00f6tietoja kulloinkin voimassaolevan henkil\u00f6tietolain mukaisesti. Memoera voi my\u00f6s ulkoistaa henkil\u00f6tietojen k\u00e4sittelyn osittain kolmannelle osapuolelle, jolloin Memoera turvaa sopimusj\u00e4rjestelyin, ett\u00e4 henkil\u00f6tietoja k\u00e4sitell\u00e4\u00e4n henkil\u00f6tietolain mukaisesti. Memoera ei p\u00e4\u00e4s\u00e4\u00e4nt\u00f6isesti siirr\u00e4 tietoja EU:n tai ETA:n ulkopuolelle.<\/p>\n\n\n\n<p>Memoera voi k\u00e4ytt\u00e4\u00e4 ev\u00e4steit\u00e4 ja muita vastaavia tekniikoita ker\u00e4t\u00e4kseen tietoa k\u00e4ytt\u00e4j\u00e4n p\u00e4\u00e4telaitteelta k\u00e4ytt\u00e4j\u00e4n vieraillessa Memoeran verkkosivustolla, sovelluksessa tai muussa s\u00e4hk\u00f6isess\u00e4 palvelussa. Ev\u00e4steet ovat pieni\u00e4 tekstitiedostoja, jotka selain tallentaa k\u00e4ytt\u00e4j\u00e4n tietokoneeseen, matkapuhelimeen tai muuhun p\u00e4\u00e4telaitteeseen. Ev\u00e4steet sis\u00e4lt\u00e4v\u00e4t yleens\u00e4 nimett\u00f6m\u00e4n, yksil\u00f6llisen tunnisteen, jonka avulla Memoera ja sen kumppanit voivat tunnistaa k\u00e4ytt\u00e4j\u00e4n selaimen. Mobiilisovellukset sis\u00e4lt\u00e4v\u00e4t yksil\u00f6llisen tunnisteen, jota k\u00e4ytet\u00e4\u00e4n ev\u00e4steit\u00e4 vastaavalla tavalla.<\/p>\n\n\n\n<p>Ev\u00e4steiden ja muiden vastaavien tekniikoiden k\u00e4yt\u00f6n tarkoituksena on analysoida ja kehitt\u00e4\u00e4 Memoeran palveluja k\u00e4ytt\u00e4ji\u00e4 yh\u00e4 paremmin palveleviksi. Memoera ei ker\u00e4\u00e4 tai tallenna ev\u00e4steiden v\u00e4lityksell\u00e4 henkil\u00f6tietoja, kuten nimi\u00e4 tai s\u00e4hk\u00f6postiosoitteita. Ev\u00e4steet ja muut vastaavat tekniikat eiv\u00e4t vahingoita k\u00e4ytt\u00e4j\u00e4n p\u00e4\u00e4telaitetta, eik\u00e4 niit\u00e4 voi k\u00e4ytt\u00e4\u00e4 ohjelmien k\u00e4ytt\u00e4miseen tai haittaohjelmien levitt\u00e4miseen.<\/p>\n\n\n\n<p>K\u00e4ytt\u00e4j\u00e4t voivat est\u00e4\u00e4 verkkosivustoja ja sovelluksia k\u00e4ytt\u00e4m\u00e4st\u00e4 ev\u00e4steit\u00e4 tai tunnisteita p\u00e4\u00e4telaitteellaan selaimen tai sovelluksen asetuksista. T\u00e4m\u00e4 est\u00e4\u00e4 laitteen yksil\u00f6iv\u00e4n tunnisteen l\u00e4hett\u00e4misen ja verkkosivuston tai sovelluksen k\u00e4ytt\u00f6tiedon k\u00e4ytt\u00e4misen esim. mainonnan kohdentamista varten. Est\u00e4misen j\u00e4lkeen k\u00e4ytt\u00e4j\u00e4lle n\u00e4ytet\u00e4\u00e4n yht\u00e4 paljon mainoksia kuin aikaisemmin, mutta mainonta ei ole k\u00e4ytt\u00e4j\u00e4n kiinnostusalueiden mukaan valittua.<\/p>\n\n\n\n<p>K\u00e4ytt\u00e4j\u00e4 hyv\u00e4ksyy t\u00e4m\u00e4n tietosuojalausekkeen ja siin\u00e4 Memoeralle my\u00f6nnetyt oikeudet k\u00e4ytt\u00e4m\u00e4ll\u00e4 kyseist\u00e4 verkkosivustoa, sovellusta tai muuta palvelua.<\/p>\n\n\n\n<p>Memoera voi muuttaa t\u00e4t\u00e4 tietosuojalauseketta milloin tahansa ilman velvollisuutta ilmoittaa k\u00e4ytt\u00e4jille muutoksesta.<\/p>\n\n\n\n<div style=\"height:100px\" aria-hidden=\"true\" class=\"wp-block-spacer\"><\/div>\n\n\n\n<h3 class=\"wp-block-heading\">Memoeran s\u00e4hk\u00f6isten palveluiden rekisteriseloste<\/h3>\n\n\n\n<p>Henkil\u00f6tietolaki (523\/99) 10 \u00a7<\/p>\n\n\n\n<p><strong>1. Rekisterinpit\u00e4j\u00e4<\/strong><\/p>\n\n\n\n<p>Memoera Oy<\/p>\n\n\n\n<p>Y-tunnus:  3128609-9 <\/p>\n\n\n\n<p>Rautatienkatu 1, 13210 H\u00e4meenlinna<\/p>\n\n\n\n<p><strong>2. Rekisteriasioita hoitava henkil\u00f6<\/strong><\/p>\n\n\n\n<p>Janne Rouhiainen<\/p>\n\n\n\n<p>Postiosoite: Rautatienkatu 1, 13210 H\u00e4meenlinna<\/p>\n\n\n\n<p>S\u00e4hk\u00f6posti: jr@memoera.fi<\/p>\n\n\n\n<p><strong>3. Rekisterin nimi<\/strong><\/p>\n\n\n\n<p>Memoera asiakasrekisteri<\/p>\n\n\n\n<p><strong>4. Rekisterin tarkoitus<\/strong><\/p>\n\n\n\n<p>Asiakkaan henkil\u00f6tietoja voidaan k\u00e4sitell\u00e4 seuraavia tarkoituksia varten:<\/p>\n\n\n\n<ul class=\"wp-block-list\"><li>Asiakassuhteen hoitaminen ja kehitt\u00e4minen,<\/li><li>Palvelun toteuttaminen,<\/li><li>Asiakaspalvelun ja liiketoiminnan kehitt\u00e4minen,<\/li><li>Markkinoinnin ja uutiskirjeiden tuottaminen ja toimittaminen,<\/li><li>Analysointi ja tilastointi,<\/li><li>Mielipide- ja markkinatutkimukset, sek\u00e4<\/li><li>Muut vastaavat k\u00e4ytt\u00f6tarkoitukset.<\/li><\/ul>\n\n\n\n<p>Henkil\u00f6tietoja voidaan k\u00e4sitell\u00e4 Memoeran kanssa samaan konserniin kuuluvissa muissa yhti\u00f6iss\u00e4 henkil\u00f6tietolain mukaisesti.<\/p>\n\n\n\n<p>Memoeralla ja sen kanssa samaan konserniin kuuluvilla yhti\u00f6ill\u00e4 on lis\u00e4ksi oikeus k\u00e4ytt\u00e4\u00e4 ja luovuttaa rekisteriss\u00e4 olevia tietoja perusteltuja k\u00e4ytt\u00f6tarkoituksia varten (kuten suoramarkkinointia, et\u00e4myynti\u00e4 ja markkinatutkimuksia varten) henkil\u00f6tietolain mukaisesti. K\u00e4ytt\u00e4j\u00e4 voi kielt\u00e4\u00e4 tietojensa k\u00e4yt\u00f6n suoramarkkinointitarkoituksiin sek\u00e4 mielipide- ja markkinatutkimuksiin ilmoittamalla asiasta rekisterinpit\u00e4j\u00e4lle.<\/p>\n\n\n\n<p><strong>5. Rekisterin tietosis\u00e4lt\u00f6<\/strong><\/p>\n\n\n\n<p>Rekisteri voi sis\u00e4lt\u00e4\u00e4 seuraavia tietoja:<\/p>\n\n\n\n<ul class=\"wp-block-list\"><li>Yhteystiedot, kuten nimi, osoite, puhelinnumerot, s\u00e4hk\u00f6postiosoitteet,<\/li><li>Rekister\u00f6itymistiedot, kuten k\u00e4ytt\u00e4j\u00e4tunnus, nimimerkki, salasana ja muu mahdollinen yksil\u00f6iv\u00e4 tunnus,<\/li><li>Asiakkaan itse ilmoittamia kiinnostusalueita koskevat tiedot<\/li><li>Palveluiden k\u00e4ytt\u00f6\u00e4 koskevat tiedot, kuten selailu- ja hakutiedot; sek\u00e4<\/li><li>Mahdolliset muut asiakkaan suostumuksella ker\u00e4tyt tiedot.<\/li><\/ul>\n\n\n\n<p><strong>6. S\u00e4\u00e4nt\u00f6mukaiset tietol\u00e4hteet<\/strong><\/p>\n\n\n\n<p>Rekister\u00f6ity antaa itse rekisteriss\u00e4 olevat tiedot palvelun k\u00e4yt\u00f6n yhteydess\u00e4. Tietol\u00e4htein\u00e4 voivat lis\u00e4ksi olla:<\/p>\n\n\n\n<ul class=\"wp-block-list\"><li>Ev\u00e4steet tai muut vastaavat tekniikat,<\/li><li>Memoeran konserniyhti\u00f6iden henkil\u00f6rekisterit, ja<\/li><li>VRK\/V\u00e4est\u00f6tietoj\u00e4rjestelm\u00e4, Postin osoitetietoj\u00e4rjestelm\u00e4 ja muut vastaavat yksityiset ja julkiset rekisterit.<\/li><\/ul>\n\n\n\n<p><strong>7. S\u00e4\u00e4nn\u00f6nmukaiset tietojen luovutukset ja tietojen siirto EU:n tai Euroopan talousalueen ulkopuolelle<\/strong><\/p>\n\n\n\n<p>Henkil\u00f6tietoja ei luovuteta, paitsi Memoeran asioita hoidettaessa. Tietoja voidaan luovuttaa my\u00f6s viranomaisille n\u00e4iden perustellusta pyynn\u00f6st\u00e4.<\/p>\n\n\n\n<p>Tietoja ei s\u00e4\u00e4nn\u00f6nmukaisesti siirret\u00e4 tai luovuteta EU:n tai Euroopan talousalueen ulkopuolelle.<\/p>\n\n\n\n<p><strong>8. Rekisterin suojauksen periaatteet<\/strong><\/p>\n\n\n\n<p>Rekisteri on suojattu ulkopuoliselta k\u00e4yt\u00f6lt\u00e4 salasanoin, palomuurein ja muilla teknisill\u00e4 keinoilla. K\u00e4ytt\u00f6oikeudet ovat vain henkil\u00f6tietojen k\u00e4sittelyyn osallistuvilla ty\u00f6ntekij\u00f6ill\u00e4, joilla on vaitiolovelvollisuus rekisterin tiedoista.<\/p>\n\n\n\n<p>Rekisteriss\u00e4 ei ole manuaalisesti k\u00e4sitelt\u00e4v\u00e4\u00e4 aineistoa.<\/p>\n\n\n\n<p><strong>9. Rekisteritietojen tarkastaminen<\/strong><\/p>\n\n\n\n<p>Rekister\u00f6idyll\u00e4 on oikeus tarkastaa itse\u00e4\u00e4n koskevat rekisteritiedot. Tarkastuspyynt\u00f6 tulee tehd\u00e4 omak\u00e4tisesti allekirjoitetulla kirjeell\u00e4 tai henkil\u00f6kohtaisesti rekisterinpit\u00e4j\u00e4n luona. Rekisterinpit\u00e4j\u00e4 antaa rekister\u00f6idylle ilman aiheetonta viiv\u00e4styst\u00e4 mahdollisuuden tutustua rekisteritietoihin ja antaa pyydett\u00e4ess\u00e4 tiedot kirjallisesti. Tarkastusoikeus on maksuton. Tarkastuspyynn\u00f6t tulee toimittaa kohdassa 2 mainitulle rekisteriasioita hoitavalle henkil\u00f6lle.<\/p>\n\n\n\n<p><strong>10. Kielto-oikeus ja virheellisen tiedon korjaaminen<\/strong><\/p>\n\n\n\n<p>Rekister\u00f6idyll\u00e4 on oikeus milloin tahansa perua palveluun liittyv\u00e4n uutiskirjeen tilaus. Rekister\u00f6idyll\u00e4 on my\u00f6s oikeus milloin tahansa kielt\u00e4\u00e4 muu rekisterin tietojen perusteella tapahtuva suoramarkkinointi. Uutiskirjeen lopettamisilmoitus voidaan tehd\u00e4 uutiskirjeess\u00e4 annetun linkin kautta ja kieltoilmoitus muun suoramarkkinoinnin osalta voidaan tehd\u00e4 ilmoittamalla siit\u00e4 kohdassa 2 mainitulle rekisteriasioita hoitavalle henkil\u00f6lle joko s\u00e4hk\u00f6postitse tai postitse.<\/p>\n\n\n\n<p>Rekister\u00f6idyll\u00e4 on oikeus vaatia rekisteriss\u00e4 olevan virheellisen tiedon korjaamista. Korjaamispyynt\u00f6 on teht\u00e4v\u00e4 kirjallisesti ja pyynn\u00f6ss\u00e4 on yksil\u00f6it\u00e4v\u00e4 korjattava tieto. Korjaamispyynt\u00f6 on teht\u00e4v\u00e4 kohdassa 2 mainitulle rekisteriasioita hoitavalle henkil\u00f6lle.<\/p>\n","protected":false},"excerpt":{"rendered":"<p>Memoeran s\u00e4hk\u00f6isten palveluiden tietosuojalauseke Memoera Oy ja sen konserniyhti\u00f6t suojaavat asiakkaidensa sek\u00e4 palveluidensa k\u00e4ytt\u00e4jien yksityisyytt\u00e4 Suomen henkil\u00f6tietolain (523\/1999) ja muun soveltuvan lains\u00e4\u00e4d\u00e4nn\u00f6n mukaisesti. Memoera voi ker\u00e4t\u00e4 palveluidensa k\u00e4ytt\u00e4jist\u00e4 rekisteriselosteessaan kuvattujen k\u00e4ytt\u00f6tarkoitusten kannalta tarpeellisia henkil\u00f6tietoja. K\u00e4ytt\u00f6tarkoitus m\u00e4\u00e4ritt\u00e4\u00e4 mink\u00e4laista tietoa k\u00e4ytt\u00e4j\u00e4st\u00e4 kulloinkin ker\u00e4t\u00e4\u00e4n. P\u00e4\u00e4asiallisesti Memoera ker\u00e4\u00e4 henkil\u00f6tiedot k\u00e4ytt\u00e4j\u00e4lt\u00e4 itselt\u00e4\u00e4n palveluiden k\u00e4yt\u00f6n yhteydess\u00e4 taikka muutoin asiakkuuden aikana. Memoera [&hellip;]<\/p>\n","protected":false},"author":2,"featured_media":0,"parent":0,"menu_order":0,"comment_status":"closed","ping_status":"closed","template":"","meta":{"om_disable_all_campaigns":false,"_monsterinsights_skip_tracking":false,"_monsterinsights_sitenote_active":false,"_monsterinsights_sitenote_note":"","_monsterinsights_sitenote_category":0,"_uf_show_specific_survey":0,"_uf_disable_surveys":false,"footnotes":""},"class_list":["post-3290","page","type-page","status-publish","hentry"],"aioseo_notices":[],"yoast_head":"<!-- This site is optimized with the Yoast SEO plugin v20.5 - https:\/\/yoast.com\/wordpress\/plugins\/seo\/ -->\n<title>Memoera -<\/title>\n<meta name=\"robots\" content=\"index, follow, max-snippet:-1, max-image-preview:large, max-video-preview:-1\" \/>\n<link rel=\"canonical\" href=\"https:\/\/memoera.fi\/index.php\/tietosuojalauseke-ja-rekisteriseloste\/\" \/>\n<meta property=\"og:locale\" content=\"fi_FI\" \/>\n<meta property=\"og:type\" content=\"article\" \/>\n<meta property=\"og:title\" content=\"Memoera -\" \/>\n<meta property=\"og:description\" content=\"Memoeran s\u00e4hk\u00f6isten palveluiden tietosuojalauseke Memoera Oy ja sen konserniyhti\u00f6t suojaavat asiakkaidensa sek\u00e4 palveluidensa k\u00e4ytt\u00e4jien yksityisyytt\u00e4 Suomen henkil\u00f6tietolain (523\/1999) ja muun soveltuvan lains\u00e4\u00e4d\u00e4nn\u00f6n mukaisesti. Memoera voi ker\u00e4t\u00e4 palveluidensa k\u00e4ytt\u00e4jist\u00e4 rekisteriselosteessaan kuvattujen k\u00e4ytt\u00f6tarkoitusten kannalta tarpeellisia henkil\u00f6tietoja. K\u00e4ytt\u00f6tarkoitus m\u00e4\u00e4ritt\u00e4\u00e4 mink\u00e4laista tietoa k\u00e4ytt\u00e4j\u00e4st\u00e4 kulloinkin ker\u00e4t\u00e4\u00e4n. P\u00e4\u00e4asiallisesti Memoera ker\u00e4\u00e4 henkil\u00f6tiedot k\u00e4ytt\u00e4j\u00e4lt\u00e4 itselt\u00e4\u00e4n palveluiden k\u00e4yt\u00f6n yhteydess\u00e4 taikka muutoin asiakkuuden aikana. Memoera [&hellip;]\" \/>\n<meta property=\"og:url\" content=\"https:\/\/memoera.fi\/index.php\/tietosuojalauseke-ja-rekisteriseloste\/\" \/>\n<meta property=\"og:site_name\" content=\"Memoera\" \/>\n<meta property=\"article:publisher\" content=\"https:\/\/www.facebook.com\/muistikuntoamukavasti\/\" \/>\n<meta property=\"article:modified_time\" content=\"2020-04-23T07:56:53+00:00\" \/>\n<meta name=\"twitter:card\" content=\"summary_large_image\" \/>\n<meta name=\"twitter:site\" content=\"@memoera\" \/>\n<meta name=\"twitter:label1\" content=\"Arvioitu lukuaika\" \/>\n\t<meta name=\"twitter:data1\" content=\"5 minuuttia\" \/>\n<script type=\"application\/ld+json\" class=\"yoast-schema-graph\">{\"@context\":\"https:\/\/schema.org\",\"@graph\":[{\"@type\":\"WebPage\",\"@id\":\"https:\/\/memoera.fi\/index.php\/tietosuojalauseke-ja-rekisteriseloste\/\",\"url\":\"https:\/\/memoera.fi\/index.php\/tietosuojalauseke-ja-rekisteriseloste\/\",\"name\":\"Memoera -\",\"isPartOf\":{\"@id\":\"https:\/\/memoera.fi\/#website\"},\"datePublished\":\"2020-01-30T11:57:07+00:00\",\"dateModified\":\"2020-04-23T07:56:53+00:00\",\"breadcrumb\":{\"@id\":\"https:\/\/memoera.fi\/index.php\/tietosuojalauseke-ja-rekisteriseloste\/#breadcrumb\"},\"inLanguage\":\"fi\",\"potentialAction\":[{\"@type\":\"ReadAction\",\"target\":[\"https:\/\/memoera.fi\/index.php\/tietosuojalauseke-ja-rekisteriseloste\/\"]}]},{\"@type\":\"BreadcrumbList\",\"@id\":\"https:\/\/memoera.fi\/index.php\/tietosuojalauseke-ja-rekisteriseloste\/#breadcrumb\",\"itemListElement\":[{\"@type\":\"ListItem\",\"position\":1,\"name\":\"Home\",\"item\":\"https:\/\/memoera.fi\/\"},{\"@type\":\"ListItem\",\"position\":2,\"name\":\"Tietosuojalauseke ja rekisteriseloste\"}]},{\"@type\":\"WebSite\",\"@id\":\"https:\/\/memoera.fi\/#website\",\"url\":\"https:\/\/memoera.fi\/\",\"name\":\"Memoera\",\"description\":\"Muistikuntoa mukavasti\",\"publisher\":{\"@id\":\"https:\/\/memoera.fi\/#organization\"},\"potentialAction\":[{\"@type\":\"SearchAction\",\"target\":{\"@type\":\"EntryPoint\",\"urlTemplate\":\"https:\/\/memoera.fi\/?s={search_term_string}\"},\"query-input\":\"required name=search_term_string\"}],\"inLanguage\":\"fi\"},{\"@type\":\"Organization\",\"@id\":\"https:\/\/memoera.fi\/#organization\",\"name\":\"Memoera\",\"url\":\"https:\/\/memoera.fi\/\",\"logo\":{\"@type\":\"ImageObject\",\"inLanguage\":\"fi\",\"@id\":\"https:\/\/memoera.fi\/#\/schema\/logo\/image\/\",\"url\":\"https:\/\/memoera.fi\/wp-content\/uploads\/2020\/06\/Logo-800x800px.jpg\",\"contentUrl\":\"https:\/\/memoera.fi\/wp-content\/uploads\/2020\/06\/Logo-800x800px.jpg\",\"width\":800,\"height\":800,\"caption\":\"Memoera\"},\"image\":{\"@id\":\"https:\/\/memoera.fi\/#\/schema\/logo\/image\/\"},\"sameAs\":[\"https:\/\/www.facebook.com\/muistikuntoamukavasti\/\",\"https:\/\/twitter.com\/memoera\",\"https:\/\/www.youtube.com\/channel\/UC1oMj58JByi_BDcJqSpyC_g\/\"]}]}<\/script>\n<!-- \/ Yoast SEO plugin. -->","yoast_head_json":{"title":"Memoera -","robots":{"index":"index","follow":"follow","max-snippet":"max-snippet:-1","max-image-preview":"max-image-preview:large","max-video-preview":"max-video-preview:-1"},"canonical":"https:\/\/memoera.fi\/index.php\/tietosuojalauseke-ja-rekisteriseloste\/","og_locale":"fi_FI","og_type":"article","og_title":"Memoera -","og_description":"Memoeran s\u00e4hk\u00f6isten palveluiden tietosuojalauseke Memoera Oy ja sen konserniyhti\u00f6t suojaavat asiakkaidensa sek\u00e4 palveluidensa k\u00e4ytt\u00e4jien yksityisyytt\u00e4 Suomen henkil\u00f6tietolain (523\/1999) ja muun soveltuvan lains\u00e4\u00e4d\u00e4nn\u00f6n mukaisesti. Memoera voi ker\u00e4t\u00e4 palveluidensa k\u00e4ytt\u00e4jist\u00e4 rekisteriselosteessaan kuvattujen k\u00e4ytt\u00f6tarkoitusten kannalta tarpeellisia henkil\u00f6tietoja. K\u00e4ytt\u00f6tarkoitus m\u00e4\u00e4ritt\u00e4\u00e4 mink\u00e4laista tietoa k\u00e4ytt\u00e4j\u00e4st\u00e4 kulloinkin ker\u00e4t\u00e4\u00e4n. P\u00e4\u00e4asiallisesti Memoera ker\u00e4\u00e4 henkil\u00f6tiedot k\u00e4ytt\u00e4j\u00e4lt\u00e4 itselt\u00e4\u00e4n palveluiden k\u00e4yt\u00f6n yhteydess\u00e4 taikka muutoin asiakkuuden aikana. Memoera [&hellip;]","og_url":"https:\/\/memoera.fi\/index.php\/tietosuojalauseke-ja-rekisteriseloste\/","og_site_name":"Memoera","article_publisher":"https:\/\/www.facebook.com\/muistikuntoamukavasti\/","article_modified_time":"2020-04-23T07:56:53+00:00","twitter_card":"summary_large_image","twitter_site":"@memoera","twitter_misc":{"Arvioitu lukuaika":"5 minuuttia"},"schema":{"@context":"https:\/\/schema.org","@graph":[{"@type":"WebPage","@id":"https:\/\/memoera.fi\/index.php\/tietosuojalauseke-ja-rekisteriseloste\/","url":"https:\/\/memoera.fi\/index.php\/tietosuojalauseke-ja-rekisteriseloste\/","name":"Memoera -","isPartOf":{"@id":"https:\/\/memoera.fi\/#website"},"datePublished":"2020-01-30T11:57:07+00:00","dateModified":"2020-04-23T07:56:53+00:00","breadcrumb":{"@id":"https:\/\/memoera.fi\/index.php\/tietosuojalauseke-ja-rekisteriseloste\/#breadcrumb"},"inLanguage":"fi","potentialAction":[{"@type":"ReadAction","target":["https:\/\/memoera.fi\/index.php\/tietosuojalauseke-ja-rekisteriseloste\/"]}]},{"@type":"BreadcrumbList","@id":"https:\/\/memoera.fi\/index.php\/tietosuojalauseke-ja-rekisteriseloste\/#breadcrumb","itemListElement":[{"@type":"ListItem","position":1,"name":"Home","item":"https:\/\/memoera.fi\/"},{"@type":"ListItem","position":2,"name":"Tietosuojalauseke ja rekisteriseloste"}]},{"@type":"WebSite","@id":"https:\/\/memoera.fi\/#website","url":"https:\/\/memoera.fi\/","name":"Memoera","description":"Muistikuntoa mukavasti","publisher":{"@id":"https:\/\/memoera.fi\/#organization"},"potentialAction":[{"@type":"SearchAction","target":{"@type":"EntryPoint","urlTemplate":"https:\/\/memoera.fi\/?s={search_term_string}"},"query-input":"required name=search_term_string"}],"inLanguage":"fi"},{"@type":"Organization","@id":"https:\/\/memoera.fi\/#organization","name":"Memoera","url":"https:\/\/memoera.fi\/","logo":{"@type":"ImageObject","inLanguage":"fi","@id":"https:\/\/memoera.fi\/#\/schema\/logo\/image\/","url":"https:\/\/memoera.fi\/wp-content\/uploads\/2020\/06\/Logo-800x800px.jpg","contentUrl":"https:\/\/memoera.fi\/wp-content\/uploads\/2020\/06\/Logo-800x800px.jpg","width":800,"height":800,"caption":"Memoera"},"image":{"@id":"https:\/\/memoera.fi\/#\/schema\/logo\/image\/"},"sameAs":["https:\/\/www.facebook.com\/muistikuntoamukavasti\/","https:\/\/twitter.com\/memoera","https:\/\/www.youtube.com\/channel\/UC1oMj58JByi_BDcJqSpyC_g\/"]}]}},"_links":{"self":[{"href":"https:\/\/memoera.fi\/index.php\/wp-json\/wp\/v2\/pages\/3290","targetHints":{"allow":["GET"]}}],"collection":[{"href":"https:\/\/memoera.fi\/index.php\/wp-json\/wp\/v2\/pages"}],"about":[{"href":"https:\/\/memoera.fi\/index.php\/wp-json\/wp\/v2\/types\/page"}],"author":[{"embeddable":true,"href":"https:\/\/memoera.fi\/index.php\/wp-json\/wp\/v2\/users\/2"}],"replies":[{"embeddable":true,"href":"https:\/\/memoera.fi\/index.php\/wp-json\/wp\/v2\/comments?post=3290"}],"version-history":[{"count":9,"href":"https:\/\/memoera.fi\/index.php\/wp-json\/wp\/v2\/pages\/3290\/revisions"}],"predecessor-version":[{"id":5496,"href":"https:\/\/memoera.fi\/index.php\/wp-json\/wp\/v2\/pages\/3290\/revisions\/5496"}],"wp:attachment":[{"href":"https:\/\/memoera.fi\/index.php\/wp-json\/wp\/v2\/media?parent=3290"}],"curies":[{"name":"wp","href":"https:\/\/api.w.org\/{rel}","templated":true}]}}