{"id":2908,"date":"2020-01-27T12:37:27","date_gmt":"2020-01-27T12:37:27","guid":{"rendered":"http:\/\/192.168.0.11\/wordpress\/?page_id=2908"},"modified":"2020-06-29T14:14:09","modified_gmt":"2020-06-29T12:14:09","slug":"pelit","status":"publish","type":"page","link":"https:\/\/memoera.fi\/index.php\/pelit\/","title":{"rendered":"Pelit"},"content":{"rendered":"\n<h4 class=\"has-text-color wp-block-heading\" style=\"color:#095d80\">Sana- ja kirjainteht\u00e4v\u00e4t<\/h4>\n\n\n\n<p>Sananmets\u00e4stys, Kirjaimet, Tavuta, Yhdyssanat<\/p>\n\n\n\n<h4 class=\"has-text-color wp-block-heading\" style=\"color:#095d80\">Visuaaliset haasteet<\/h4>\n\n\n\n<p>Etsi kuvasta, Kirjaimen etsint\u00e4, L\u00f6yd\u00e4 esine<\/p>\n\n\n\n<h4 class=\"has-text-color wp-block-heading\" style=\"color:#095d80\">Pulmanratkaisu<\/h4>\n\n\n\n<p>Palikkap\u00e4hkin\u00e4, Putoavat palikat, Aamupalapeli, Liukuvat kivet, Mik\u00e4 ei kuulu joukkoon?, Lautapeli<\/p>\n\n\n\n<h4 class=\"has-text-color wp-block-heading\" style=\"color:#095d80\">Matemaattiset<\/h4>\n\n\n\n<p>Numerot, Viisarit<\/p>\n\n\n\n<h4 class=\"has-text-color wp-block-heading\" style=\"color:#095d80\">Reaktionopeus<\/h4>\n\n\n\n<p>Osmon kukkapeli<\/p>\n\n\n\n<h4 class=\"has-text-color wp-block-heading\" style=\"color:#095d80\">Klassikot<\/h4>\n\n\n\n<p>Hedelm\u00e4peli, Pasianssi,&nbsp;Pokeripasianssi, Muistipeli<\/p>\n\n\n\n<h4 class=\"has-text-color wp-block-heading\" style=\"color:#095d80\">Tietokilpailu<\/h4>\n\n\n\n<p>Tietovisa<\/p>\n\n\n\n<h4 class=\"has-text-color wp-block-heading\" style=\"color:#095d80\">\u00c4\u00e4nipeli<\/h4>\n\n\n\n<p>\u00c4\u00e4nikuvapeli, Piano<\/p>\n\n\n\n<h4 class=\"has-text-color wp-block-heading\" style=\"color:#095d80\">Mielikuvitus<\/h4>\n\n\n\n<p>Aistipeli, Tee oma huone,&nbsp;Piirr\u00e4 ja maalaa<\/p>\n\n\n\n<h4 class=\"has-text-color wp-block-heading\" style=\"color:#095d80\">Muu viihde<\/h4>\n\n\n\n<p>Akvaario, Kuvapari<\/p>\n","protected":false},"excerpt":{"rendered":"<p>Sana- ja kirjainteht\u00e4v\u00e4t Sananmets\u00e4stys, Kirjaimet, Tavuta, Yhdyssanat Visuaaliset haasteet Etsi kuvasta, Kirjaimen etsint\u00e4, L\u00f6yd\u00e4 esine Pulmanratkaisu Palikkap\u00e4hkin\u00e4, Putoavat palikat, Aamupalapeli, Liukuvat kivet, Mik\u00e4 ei kuulu joukkoon?, Lautapeli Matemaattiset Numerot, Viisarit Reaktionopeus Osmon kukkapeli Klassikot Hedelm\u00e4peli, Pasianssi,&nbsp;Pokeripasianssi, Muistipeli Tietokilpailu Tietovisa \u00c4\u00e4nipeli \u00c4\u00e4nikuvapeli, Piano Mielikuvitus Aistipeli, Tee oma huone,&nbsp;Piirr\u00e4 ja maalaa Muu viihde Akvaario, Kuvapari<\/p>\n","protected":false},"author":2,"featured_media":0,"parent":0,"menu_order":0,"comment_status":"closed","ping_status":"closed","template":"","meta":{"om_disable_all_campaigns":false,"_monsterinsights_skip_tracking":false,"_monsterinsights_sitenote_active":false,"_monsterinsights_sitenote_note":"","_monsterinsights_sitenote_category":0,"_uf_show_specific_survey":0,"_uf_disable_surveys":false,"footnotes":""},"class_list":["post-2908","page","type-page","status-publish","hentry"],"aioseo_notices":[],"yoast_head":"<!-- This site is optimized with the Yoast SEO plugin v20.5 - https:\/\/yoast.com\/wordpress\/plugins\/seo\/ -->\n<title>Memoera - Pelit<\/title>\n<meta name=\"description\" content=\"Memoera sis\u00e4lt\u00e4\u00e4 monia erilaisia pelej\u00e4 ja teht\u00e4vi\u00e4. Katso pelit kategorioittain t\u00e4\u00e4lt\u00e4! Muistipelit, korttipelit, tietovisa, sanapelit, aistipelit\" \/>\n<meta name=\"robots\" content=\"index, follow, max-snippet:-1, max-image-preview:large, max-video-preview:-1\" \/>\n<link rel=\"canonical\" href=\"https:\/\/memoera.fi\/index.php\/pelit\/\" \/>\n<meta property=\"og:locale\" content=\"fi_FI\" \/>\n<meta property=\"og:type\" content=\"article\" \/>\n<meta property=\"og:title\" content=\"Memoera - Pelit\" \/>\n<meta property=\"og:description\" content=\"Memoera sis\u00e4lt\u00e4\u00e4 monia erilaisia pelej\u00e4 ja teht\u00e4vi\u00e4. Katso pelit kategorioittain t\u00e4\u00e4lt\u00e4! Muistipelit, korttipelit, tietovisa, sanapelit, aistipelit\" \/>\n<meta property=\"og:url\" content=\"https:\/\/memoera.fi\/index.php\/pelit\/\" \/>\n<meta property=\"og:site_name\" content=\"Memoera\" \/>\n<meta property=\"article:publisher\" content=\"https:\/\/www.facebook.com\/muistikuntoamukavasti\/\" \/>\n<meta property=\"article:modified_time\" content=\"2020-06-29T12:14:09+00:00\" \/>\n<meta name=\"twitter:card\" content=\"summary_large_image\" \/>\n<meta name=\"twitter:site\" content=\"@memoera\" \/>\n<script type=\"application\/ld+json\" class=\"yoast-schema-graph\">{\"@context\":\"https:\/\/schema.org\",\"@graph\":[{\"@type\":\"WebPage\",\"@id\":\"https:\/\/memoera.fi\/index.php\/pelit\/\",\"url\":\"https:\/\/memoera.fi\/index.php\/pelit\/\",\"name\":\"Memoera - Pelit\",\"isPartOf\":{\"@id\":\"https:\/\/memoera.fi\/#website\"},\"datePublished\":\"2020-01-27T12:37:27+00:00\",\"dateModified\":\"2020-06-29T12:14:09+00:00\",\"description\":\"Memoera sis\u00e4lt\u00e4\u00e4 monia erilaisia pelej\u00e4 ja teht\u00e4vi\u00e4. Katso pelit kategorioittain t\u00e4\u00e4lt\u00e4! Muistipelit, korttipelit, tietovisa, sanapelit, aistipelit\",\"breadcrumb\":{\"@id\":\"https:\/\/memoera.fi\/index.php\/pelit\/#breadcrumb\"},\"inLanguage\":\"fi\",\"potentialAction\":[{\"@type\":\"ReadAction\",\"target\":[\"https:\/\/memoera.fi\/index.php\/pelit\/\"]}]},{\"@type\":\"BreadcrumbList\",\"@id\":\"https:\/\/memoera.fi\/index.php\/pelit\/#breadcrumb\",\"itemListElement\":[{\"@type\":\"ListItem\",\"position\":1,\"name\":\"Home\",\"item\":\"https:\/\/memoera.fi\/\"},{\"@type\":\"ListItem\",\"position\":2,\"name\":\"Pelit\"}]},{\"@type\":\"WebSite\",\"@id\":\"https:\/\/memoera.fi\/#website\",\"url\":\"https:\/\/memoera.fi\/\",\"name\":\"Memoera\",\"description\":\"Muistikuntoa mukavasti\",\"publisher\":{\"@id\":\"https:\/\/memoera.fi\/#organization\"},\"potentialAction\":[{\"@type\":\"SearchAction\",\"target\":{\"@type\":\"EntryPoint\",\"urlTemplate\":\"https:\/\/memoera.fi\/?s={search_term_string}\"},\"query-input\":\"required name=search_term_string\"}],\"inLanguage\":\"fi\"},{\"@type\":\"Organization\",\"@id\":\"https:\/\/memoera.fi\/#organization\",\"name\":\"Memoera\",\"url\":\"https:\/\/memoera.fi\/\",\"logo\":{\"@type\":\"ImageObject\",\"inLanguage\":\"fi\",\"@id\":\"https:\/\/memoera.fi\/#\/schema\/logo\/image\/\",\"url\":\"https:\/\/memoera.fi\/wp-content\/uploads\/2020\/06\/Logo-800x800px.jpg\",\"contentUrl\":\"https:\/\/memoera.fi\/wp-content\/uploads\/2020\/06\/Logo-800x800px.jpg\",\"width\":800,\"height\":800,\"caption\":\"Memoera\"},\"image\":{\"@id\":\"https:\/\/memoera.fi\/#\/schema\/logo\/image\/\"},\"sameAs\":[\"https:\/\/www.facebook.com\/muistikuntoamukavasti\/\",\"https:\/\/twitter.com\/memoera\",\"https:\/\/www.youtube.com\/channel\/UC1oMj58JByi_BDcJqSpyC_g\/\"]}]}<\/script>\n<!-- \/ Yoast SEO plugin. -->","yoast_head_json":{"title":"Memoera - Pelit","description":"Memoera sis\u00e4lt\u00e4\u00e4 monia erilaisia pelej\u00e4 ja teht\u00e4vi\u00e4. Katso pelit kategorioittain t\u00e4\u00e4lt\u00e4! Muistipelit, korttipelit, tietovisa, sanapelit, aistipelit","robots":{"index":"index","follow":"follow","max-snippet":"max-snippet:-1","max-image-preview":"max-image-preview:large","max-video-preview":"max-video-preview:-1"},"canonical":"https:\/\/memoera.fi\/index.php\/pelit\/","og_locale":"fi_FI","og_type":"article","og_title":"Memoera - Pelit","og_description":"Memoera sis\u00e4lt\u00e4\u00e4 monia erilaisia pelej\u00e4 ja teht\u00e4vi\u00e4. Katso pelit kategorioittain t\u00e4\u00e4lt\u00e4! Muistipelit, korttipelit, tietovisa, sanapelit, aistipelit","og_url":"https:\/\/memoera.fi\/index.php\/pelit\/","og_site_name":"Memoera","article_publisher":"https:\/\/www.facebook.com\/muistikuntoamukavasti\/","article_modified_time":"2020-06-29T12:14:09+00:00","twitter_card":"summary_large_image","twitter_site":"@memoera","schema":{"@context":"https:\/\/schema.org","@graph":[{"@type":"WebPage","@id":"https:\/\/memoera.fi\/index.php\/pelit\/","url":"https:\/\/memoera.fi\/index.php\/pelit\/","name":"Memoera - Pelit","isPartOf":{"@id":"https:\/\/memoera.fi\/#website"},"datePublished":"2020-01-27T12:37:27+00:00","dateModified":"2020-06-29T12:14:09+00:00","description":"Memoera sis\u00e4lt\u00e4\u00e4 monia erilaisia pelej\u00e4 ja teht\u00e4vi\u00e4. Katso pelit kategorioittain t\u00e4\u00e4lt\u00e4! Muistipelit, korttipelit, tietovisa, sanapelit, aistipelit","breadcrumb":{"@id":"https:\/\/memoera.fi\/index.php\/pelit\/#breadcrumb"},"inLanguage":"fi","potentialAction":[{"@type":"ReadAction","target":["https:\/\/memoera.fi\/index.php\/pelit\/"]}]},{"@type":"BreadcrumbList","@id":"https:\/\/memoera.fi\/index.php\/pelit\/#breadcrumb","itemListElement":[{"@type":"ListItem","position":1,"name":"Home","item":"https:\/\/memoera.fi\/"},{"@type":"ListItem","position":2,"name":"Pelit"}]},{"@type":"WebSite","@id":"https:\/\/memoera.fi\/#website","url":"https:\/\/memoera.fi\/","name":"Memoera","description":"Muistikuntoa mukavasti","publisher":{"@id":"https:\/\/memoera.fi\/#organization"},"potentialAction":[{"@type":"SearchAction","target":{"@type":"EntryPoint","urlTemplate":"https:\/\/memoera.fi\/?s={search_term_string}"},"query-input":"required name=search_term_string"}],"inLanguage":"fi"},{"@type":"Organization","@id":"https:\/\/memoera.fi\/#organization","name":"Memoera","url":"https:\/\/memoera.fi\/","logo":{"@type":"ImageObject","inLanguage":"fi","@id":"https:\/\/memoera.fi\/#\/schema\/logo\/image\/","url":"https:\/\/memoera.fi\/wp-content\/uploads\/2020\/06\/Logo-800x800px.jpg","contentUrl":"https:\/\/memoera.fi\/wp-content\/uploads\/2020\/06\/Logo-800x800px.jpg","width":800,"height":800,"caption":"Memoera"},"image":{"@id":"https:\/\/memoera.fi\/#\/schema\/logo\/image\/"},"sameAs":["https:\/\/www.facebook.com\/muistikuntoamukavasti\/","https:\/\/twitter.com\/memoera","https:\/\/www.youtube.com\/channel\/UC1oMj58JByi_BDcJqSpyC_g\/"]}]}},"_links":{"self":[{"href":"https:\/\/memoera.fi\/index.php\/wp-json\/wp\/v2\/pages\/2908","targetHints":{"allow":["GET"]}}],"collection":[{"href":"https:\/\/memoera.fi\/index.php\/wp-json\/wp\/v2\/pages"}],"about":[{"href":"https:\/\/memoera.fi\/index.php\/wp-json\/wp\/v2\/types\/page"}],"author":[{"embeddable":true,"href":"https:\/\/memoera.fi\/index.php\/wp-json\/wp\/v2\/users\/2"}],"replies":[{"embeddable":true,"href":"https:\/\/memoera.fi\/index.php\/wp-json\/wp\/v2\/comments?post=2908"}],"version-history":[{"count":7,"href":"https:\/\/memoera.fi\/index.php\/wp-json\/wp\/v2\/pages\/2908\/revisions"}],"predecessor-version":[{"id":3623,"href":"https:\/\/memoera.fi\/index.php\/wp-json\/wp\/v2\/pages\/2908\/revisions\/3623"}],"wp:attachment":[{"href":"https:\/\/memoera.fi\/index.php\/wp-json\/wp\/v2\/media?parent=2908"}],"curies":[{"name":"wp","href":"https:\/\/api.w.org\/{rel}","templated":true}]}}