{"id":211,"date":"2019-12-02T13:54:29","date_gmt":"2019-12-02T13:54:29","guid":{"rendered":"http:\/\/192.168.0.11\/wordpress\/?page_id=211"},"modified":"2025-01-24T00:04:37","modified_gmt":"2025-01-23T22:04:37","slug":"useinkysyttya","status":"publish","type":"page","link":"https:\/\/memoera.fi\/index.php\/useinkysyttya\/","title":{"rendered":"Usein kysytty\u00e4"},"content":{"rendered":"<div data-colibri-id=\"211-c1\" class=\"style-1724 style-local-211-c1 position-relative\">\n  <!---->\n  <div data-colibri-component=\"section\" data-colibri-id=\"211-c2\" id=\"initial-content\" class=\"h-section h-section-global-spacing d-flex align-items-lg-center align-items-md-center align-items-center style-1725 style-local-211-c2 position-relative\">\n    <!---->\n    <!---->\n    <div class=\"h-separator\" style=\"height: 100px; bottom: calc(0px);\">\n      <svg style=\"fill:rgb(1, 51, 74);transform:rotateX(180deg);\" xmlns=\"http:\/\/www.w3.org\/2000\/svg\" viewBox=\"0 0 1000 100\" preserveAspectRatio=\"none\">\n        <path class=\"svg-white-bg\" d=\"M421.9,6.5c22.6-2.5,51.5,0.4,75.5,5.3c23.6,4.9,70.9,23.5,100.5,35.7c75.8,32.2,133.7,44.5,192.6,49.7\n\tc23.6,2.1,48.7,3.5,103.4-2.5c54.7-6,106.2-25.6,106.2-25.6V0H0v30.3c0,0,72,32.6,158.4,30.5c39.2-0.7,92.8-6.7,134-22.4\n\tc21.2-8.1,52.2-18.2,79.7-24.2C399.3,7.9,411.6,7.5,421.9,6.5z\"><\/path>\n      <\/svg>\n    <\/div>\n    <div class=\"h-section-grid-container h-section-boxed-container\">\n      <div data-colibri-id=\"211-c6\" class=\"h-row-container gutters-row-lg-2 gutters-row-md-2 gutters-row-0 gutters-row-v-lg-2 gutters-row-v-md-2 gutters-row-v-2 style-2635 style-local-211-c6 position-relative\">\n        <!---->\n        <div class=\"h-row justify-content-lg-center justify-content-md-center justify-content-center align-items-lg-stretch align-items-md-stretch align-items-stretch gutters-col-lg-2 gutters-col-md-2 gutters-col-0 gutters-col-v-lg-2 gutters-col-v-md-2 gutters-col-v-2\">\n          <!---->\n          <div class=\"h-column h-column-container d-flex h-col-lg-auto h-col-md-auto h-col-auto style-2636-outer style-local-211-c7-outer\">\n            <div data-colibri-id=\"211-c7\" class=\"d-flex h-flex-basis h-column__inner h-px-lg-2 h-px-md-2 h-px-2 v-inner-lg-2 v-inner-md-2 v-inner-2 style-2636 style-local-211-c7 position-relative\">\n              <!---->\n              <!---->\n              <div class=\"w-100 h-y-container h-column__content h-column__v-align flex-basis-100 align-self-lg-start align-self-md-start align-self-start\">\n                <!---->\n                <div data-colibri-id=\"211-c8\" class=\"h-global-transition-all h-heading style-2637 style-local-211-c8 position-relative h-element\">\n                  <!---->\n                  <div class=\"h-heading__outer style-2637 style-local-211-c8\">\n                    <!---->\n                    <!---->\n                    <h1 class=\"\">Usein kysytty\u00e4<\/h1>\n                  <\/div>\n                <\/div>\n                <div data-colibri-id=\"211-c9\" class=\"h-text h-text-component style-2638 style-local-211-c9 position-relative h-element\">\n                  <!---->\n                  <!---->\n                  <div class=\"\">\n                    <p>T\u00e4lt\u00e4 sivulta l\u00f6ytyy usein kysyttyj\u00e4 kysymyksi\u00e4. Mik\u00e4li etsim\u00e4nne asia ei l\u00f6ydy alla olevasta luettelosta, otathan yhteytt\u00e4 asiakaspalveluun numeroon 044 405 0400 tai s\u00e4hk\u00f6postilla osoitteeseen info@memoera.fi.&nbsp; &#8211; autamme mielell\u00e4mme.<\/p>\n                  <\/div>\n                <\/div>\n              <\/div>\n            <\/div>\n          <\/div>\n        <\/div>\n      <\/div>\n      <div data-colibri-id=\"211-c3\" class=\"h-row-container gutters-row-lg-2 gutters-row-md-2 gutters-row-0 gutters-row-v-lg-2 gutters-row-v-md-2 gutters-row-v-2 style-1833 style-local-211-c3 position-relative\">\n        <!---->\n        <div class=\"h-row justify-content-lg-center justify-content-md-center justify-content-center align-items-lg-stretch align-items-md-stretch align-items-stretch gutters-col-lg-2 gutters-col-md-2 gutters-col-0 gutters-col-v-lg-2 gutters-col-v-md-2 gutters-col-v-2\">\n          <!---->\n          <div class=\"h-column h-column-container d-flex h-col-lg-auto h-col-md-auto h-col-auto style-1834-outer style-local-211-c4-outer\">\n            <div data-colibri-id=\"211-c4\" class=\"d-flex h-flex-basis h-column__inner h-px-lg-2 h-px-md-2 h-px-2 v-inner-lg-2 v-inner-md-2 v-inner-2 style-1834 style-local-211-c4 position-relative\">\n              <!---->\n              <!---->\n              <div class=\"w-100 h-y-container h-column__content h-column__v-align flex-basis-100 align-self-lg-start align-self-md-start align-self-start\">\n                <!---->\n                <div data-colibri-id=\"211-c5\" class=\"h-text h-text-component style-1835 style-local-211-c5 position-relative h-element\">\n                  <!---->\n                  <!---->\n                  <div class=\"\">\n                    <h5>Mit\u00e4 laite maksaa?<\/h5>\n                    <p>Yksityisasiakkaille Memoera Trainerin vuokrahinta on 29,50 \u20ac\/kk. Saat Memoeran k\u00e4ytt\u00f6\u00f6n ilman sitoutumista ja laitteen ostamista.<\/p>\n                    <h5>Mit\u00e4 jos laite hajoaa?<\/h5>\n                    <p>Et joudu maksamaan, jos laite tippuu vahingossa tai hajoaa normaalissa k\u00e4yt\u00f6ss\u00e4. Tahallisesta teosta perimme enint\u00e4\u00e4n 250 euron korvauksen.<\/p>\n                    <h5>Onko sopimus m\u00e4\u00e4r\u00e4aikainen?<\/h5>\n                    <p>Ei ole. Voit palauttaa laitteen milloin haluat. Memoerassa ei ole m\u00e4\u00e4r\u00e4aikoja tai minimitilauksia. Laskutus loppuu siihen p\u00e4iv\u00e4\u00e4n jolloin olet j\u00e4tt\u00e4nyt laitteen postin kuljetettavaksi.<\/p>\n                    <h5>Miten laitteen voi tilata?<\/h5>\n                    <p>Laitteen voi tilata helposti t\u00e4ytt\u00e4m\u00e4ll\u00e4 tilauslomakkeen&nbsp;\n                      <a href=\"https:\/\/memoera.fi\/index.php\/tilaa\">t\u00e4\u00e4lt\u00e4<\/a>, soittamalla numeroon 044 405 0400 tai l\u00e4hett\u00e4m\u00e4ll\u00e4 viestin s\u00e4hk\u00f6postiosoitteeseen&nbsp;\n                      <a href=\"mailto:info@memoera.fi\"><em>info@memoera.fi<\/em><\/a>.<\/p>\n                    <h5>Onko Memoera Suomessa tehty?<\/h5>\n                    <p>On, Memoera Oy on t\u00e4ysin suomalainen yritys joka toimii H\u00e4meenlinnassa. Ohjelmat ja sis\u00e4lt\u00f6 on tehty Suomessa.<\/p>\n                    <h5>Miten laitteen voi palauttaa?<\/h5>\n                    <p>Laitteen voi palauttaa postitse milloin tahansa takaisin Memoeralle seuraamalla ohjeet, jotka l\u00f6yd\u00e4t&nbsp;\n                      <a href=\"https:\/\/memoera.fi\/index.php\/laitteen-palautus\">t\u00e4\u00e4lt\u00e4<\/a>.<\/p>\n                    <h5>Onko Memoera Trainer oikeasti helppok\u00e4ytt\u00f6inen?<\/h5>\n                    <p>On. Vain virtakytkimen painallus ja k\u00e4ytt\u00f6 voi alkaa. Laite ei vaadi mit\u00e4\u00e4n tietoteknist\u00e4 osaamista. N\u00e4ytt\u00f6\u00e4 kosketetaan sormella. Memoera tarkkailee k\u00e4ytt\u00e4j\u00e4ns\u00e4 vireystilaa ja pelit mukautuvat k\u00e4ytt\u00e4j\u00e4n vireystilan mukaan. Pelej\u00e4\n                      ennen on ohjevideo, joka n\u00e4ytt\u00e4\u00e4 miten toimia.<\/p>\n                  <\/div>\n                <\/div>\n              <\/div>\n            <\/div>\n          <\/div>\n        <\/div>\n      <\/div>\n    <\/div>\n  <\/div>\n<\/div>","protected":false},"excerpt":{"rendered":"<p>Usein kysytty\u00e4 T\u00e4lt\u00e4 sivulta l\u00f6ytyy usein kysyttyj\u00e4 kysymyksi\u00e4. Mik\u00e4li etsim\u00e4nne asia ei l\u00f6ydy alla olevasta luettelosta, otathan yhteytt\u00e4 asiakaspalveluun numeroon 044 405 0400 tai s\u00e4hk\u00f6postilla osoitteeseen info@memoera.fi.&nbsp; &#8211; autamme mielell\u00e4mme. Mit\u00e4 laite maksaa? Yksityisasiakkaille Memoera Trainerin vuokrahinta on 29,50 \u20ac\/kk. Saat Memoeran k\u00e4ytt\u00f6\u00f6n ilman sitoutumista ja laitteen ostamista. Mit\u00e4 jos laite hajoaa? Et joudu maksamaan, [&hellip;]<\/p>\n","protected":false},"author":2,"featured_media":0,"parent":0,"menu_order":0,"comment_status":"closed","ping_status":"closed","template":"page-templates\/full-width-page.php","meta":{"om_disable_all_campaigns":false,"_monsterinsights_skip_tracking":false,"_monsterinsights_sitenote_active":false,"_monsterinsights_sitenote_note":"","_monsterinsights_sitenote_category":0,"_uf_show_specific_survey":0,"_uf_disable_surveys":false,"footnotes":""},"class_list":["post-211","page","type-page","status-publish","hentry"],"aioseo_notices":[],"yoast_head":"<!-- This site is optimized with the Yoast SEO plugin v20.5 - https:\/\/yoast.com\/wordpress\/plugins\/seo\/ -->\n<title>Memoera - Usein kysytty\u00e4<\/title>\n<meta name=\"robots\" content=\"index, follow, max-snippet:-1, max-image-preview:large, max-video-preview:-1\" \/>\n<link rel=\"canonical\" href=\"https:\/\/memoera.fi\/index.php\/useinkysyttya\/\" \/>\n<meta property=\"og:locale\" content=\"fi_FI\" \/>\n<meta property=\"og:type\" content=\"article\" \/>\n<meta property=\"og:title\" content=\"Memoera - Usein kysytty\u00e4\" \/>\n<meta property=\"og:description\" content=\"Usein kysytty\u00e4 T\u00e4lt\u00e4 sivulta l\u00f6ytyy usein kysyttyj\u00e4 kysymyksi\u00e4. Mik\u00e4li etsim\u00e4nne asia ei l\u00f6ydy alla olevasta luettelosta, otathan yhteytt\u00e4 asiakaspalveluun numeroon 044 405 0400 tai s\u00e4hk\u00f6postilla osoitteeseen info@memoera.fi.&nbsp; &#8211; autamme mielell\u00e4mme. Mit\u00e4 laite maksaa? Yksityisasiakkaille Memoera Trainerin vuokrahinta on 29,50 \u20ac\/kk. Saat Memoeran k\u00e4ytt\u00f6\u00f6n ilman sitoutumista ja laitteen ostamista. Mit\u00e4 jos laite hajoaa? Et joudu maksamaan, [&hellip;]\" \/>\n<meta property=\"og:url\" content=\"https:\/\/memoera.fi\/index.php\/useinkysyttya\/\" \/>\n<meta property=\"og:site_name\" content=\"Memoera\" \/>\n<meta property=\"article:publisher\" content=\"https:\/\/www.facebook.com\/muistikuntoamukavasti\/\" \/>\n<meta property=\"article:modified_time\" content=\"2025-01-23T22:04:37+00:00\" \/>\n<meta name=\"twitter:card\" content=\"summary_large_image\" \/>\n<meta name=\"twitter:site\" content=\"@memoera\" \/>\n<meta name=\"twitter:label1\" content=\"Arvioitu lukuaika\" \/>\n\t<meta name=\"twitter:data1\" content=\"1 minuutti\" \/>\n<script type=\"application\/ld+json\" class=\"yoast-schema-graph\">{\"@context\":\"https:\/\/schema.org\",\"@graph\":[{\"@type\":\"WebPage\",\"@id\":\"https:\/\/memoera.fi\/index.php\/useinkysyttya\/\",\"url\":\"https:\/\/memoera.fi\/index.php\/useinkysyttya\/\",\"name\":\"Memoera - Usein kysytty\u00e4\",\"isPartOf\":{\"@id\":\"https:\/\/memoera.fi\/#website\"},\"datePublished\":\"2019-12-02T13:54:29+00:00\",\"dateModified\":\"2025-01-23T22:04:37+00:00\",\"breadcrumb\":{\"@id\":\"https:\/\/memoera.fi\/index.php\/useinkysyttya\/#breadcrumb\"},\"inLanguage\":\"fi\",\"potentialAction\":[{\"@type\":\"ReadAction\",\"target\":[\"https:\/\/memoera.fi\/index.php\/useinkysyttya\/\"]}]},{\"@type\":\"BreadcrumbList\",\"@id\":\"https:\/\/memoera.fi\/index.php\/useinkysyttya\/#breadcrumb\",\"itemListElement\":[{\"@type\":\"ListItem\",\"position\":1,\"name\":\"Home\",\"item\":\"https:\/\/memoera.fi\/\"},{\"@type\":\"ListItem\",\"position\":2,\"name\":\"Usein kysytty\u00e4\"}]},{\"@type\":\"WebSite\",\"@id\":\"https:\/\/memoera.fi\/#website\",\"url\":\"https:\/\/memoera.fi\/\",\"name\":\"Memoera\",\"description\":\"Muistikuntoa mukavasti\",\"publisher\":{\"@id\":\"https:\/\/memoera.fi\/#organization\"},\"potentialAction\":[{\"@type\":\"SearchAction\",\"target\":{\"@type\":\"EntryPoint\",\"urlTemplate\":\"https:\/\/memoera.fi\/?s={search_term_string}\"},\"query-input\":\"required name=search_term_string\"}],\"inLanguage\":\"fi\"},{\"@type\":\"Organization\",\"@id\":\"https:\/\/memoera.fi\/#organization\",\"name\":\"Memoera\",\"url\":\"https:\/\/memoera.fi\/\",\"logo\":{\"@type\":\"ImageObject\",\"inLanguage\":\"fi\",\"@id\":\"https:\/\/memoera.fi\/#\/schema\/logo\/image\/\",\"url\":\"https:\/\/memoera.fi\/wp-content\/uploads\/2020\/06\/Logo-800x800px.jpg\",\"contentUrl\":\"https:\/\/memoera.fi\/wp-content\/uploads\/2020\/06\/Logo-800x800px.jpg\",\"width\":800,\"height\":800,\"caption\":\"Memoera\"},\"image\":{\"@id\":\"https:\/\/memoera.fi\/#\/schema\/logo\/image\/\"},\"sameAs\":[\"https:\/\/www.facebook.com\/muistikuntoamukavasti\/\",\"https:\/\/twitter.com\/memoera\",\"https:\/\/www.youtube.com\/channel\/UC1oMj58JByi_BDcJqSpyC_g\/\"]}]}<\/script>\n<!-- \/ Yoast SEO plugin. -->","yoast_head_json":{"title":"Memoera - Usein kysytty\u00e4","robots":{"index":"index","follow":"follow","max-snippet":"max-snippet:-1","max-image-preview":"max-image-preview:large","max-video-preview":"max-video-preview:-1"},"canonical":"https:\/\/memoera.fi\/index.php\/useinkysyttya\/","og_locale":"fi_FI","og_type":"article","og_title":"Memoera - Usein kysytty\u00e4","og_description":"Usein kysytty\u00e4 T\u00e4lt\u00e4 sivulta l\u00f6ytyy usein kysyttyj\u00e4 kysymyksi\u00e4. Mik\u00e4li etsim\u00e4nne asia ei l\u00f6ydy alla olevasta luettelosta, otathan yhteytt\u00e4 asiakaspalveluun numeroon 044 405 0400 tai s\u00e4hk\u00f6postilla osoitteeseen info@memoera.fi.&nbsp; &#8211; autamme mielell\u00e4mme. Mit\u00e4 laite maksaa? Yksityisasiakkaille Memoera Trainerin vuokrahinta on 29,50 \u20ac\/kk. Saat Memoeran k\u00e4ytt\u00f6\u00f6n ilman sitoutumista ja laitteen ostamista. Mit\u00e4 jos laite hajoaa? Et joudu maksamaan, [&hellip;]","og_url":"https:\/\/memoera.fi\/index.php\/useinkysyttya\/","og_site_name":"Memoera","article_publisher":"https:\/\/www.facebook.com\/muistikuntoamukavasti\/","article_modified_time":"2025-01-23T22:04:37+00:00","twitter_card":"summary_large_image","twitter_site":"@memoera","twitter_misc":{"Arvioitu lukuaika":"1 minuutti"},"schema":{"@context":"https:\/\/schema.org","@graph":[{"@type":"WebPage","@id":"https:\/\/memoera.fi\/index.php\/useinkysyttya\/","url":"https:\/\/memoera.fi\/index.php\/useinkysyttya\/","name":"Memoera - Usein kysytty\u00e4","isPartOf":{"@id":"https:\/\/memoera.fi\/#website"},"datePublished":"2019-12-02T13:54:29+00:00","dateModified":"2025-01-23T22:04:37+00:00","breadcrumb":{"@id":"https:\/\/memoera.fi\/index.php\/useinkysyttya\/#breadcrumb"},"inLanguage":"fi","potentialAction":[{"@type":"ReadAction","target":["https:\/\/memoera.fi\/index.php\/useinkysyttya\/"]}]},{"@type":"BreadcrumbList","@id":"https:\/\/memoera.fi\/index.php\/useinkysyttya\/#breadcrumb","itemListElement":[{"@type":"ListItem","position":1,"name":"Home","item":"https:\/\/memoera.fi\/"},{"@type":"ListItem","position":2,"name":"Usein kysytty\u00e4"}]},{"@type":"WebSite","@id":"https:\/\/memoera.fi\/#website","url":"https:\/\/memoera.fi\/","name":"Memoera","description":"Muistikuntoa mukavasti","publisher":{"@id":"https:\/\/memoera.fi\/#organization"},"potentialAction":[{"@type":"SearchAction","target":{"@type":"EntryPoint","urlTemplate":"https:\/\/memoera.fi\/?s={search_term_string}"},"query-input":"required name=search_term_string"}],"inLanguage":"fi"},{"@type":"Organization","@id":"https:\/\/memoera.fi\/#organization","name":"Memoera","url":"https:\/\/memoera.fi\/","logo":{"@type":"ImageObject","inLanguage":"fi","@id":"https:\/\/memoera.fi\/#\/schema\/logo\/image\/","url":"https:\/\/memoera.fi\/wp-content\/uploads\/2020\/06\/Logo-800x800px.jpg","contentUrl":"https:\/\/memoera.fi\/wp-content\/uploads\/2020\/06\/Logo-800x800px.jpg","width":800,"height":800,"caption":"Memoera"},"image":{"@id":"https:\/\/memoera.fi\/#\/schema\/logo\/image\/"},"sameAs":["https:\/\/www.facebook.com\/muistikuntoamukavasti\/","https:\/\/twitter.com\/memoera","https:\/\/www.youtube.com\/channel\/UC1oMj58JByi_BDcJqSpyC_g\/"]}]}},"_links":{"self":[{"href":"https:\/\/memoera.fi\/index.php\/wp-json\/wp\/v2\/pages\/211","targetHints":{"allow":["GET"]}}],"collection":[{"href":"https:\/\/memoera.fi\/index.php\/wp-json\/wp\/v2\/pages"}],"about":[{"href":"https:\/\/memoera.fi\/index.php\/wp-json\/wp\/v2\/types\/page"}],"author":[{"embeddable":true,"href":"https:\/\/memoera.fi\/index.php\/wp-json\/wp\/v2\/users\/2"}],"replies":[{"embeddable":true,"href":"https:\/\/memoera.fi\/index.php\/wp-json\/wp\/v2\/comments?post=211"}],"version-history":[{"count":20,"href":"https:\/\/memoera.fi\/index.php\/wp-json\/wp\/v2\/pages\/211\/revisions"}],"predecessor-version":[{"id":6617,"href":"https:\/\/memoera.fi\/index.php\/wp-json\/wp\/v2\/pages\/211\/revisions\/6617"}],"wp:attachment":[{"href":"https:\/\/memoera.fi\/index.php\/wp-json\/wp\/v2\/media?parent=211"}],"curies":[{"name":"wp","href":"https:\/\/api.w.org\/{rel}","templated":true}]}}