{"id":1969,"date":"2020-01-21T13:20:31","date_gmt":"2020-01-21T13:20:31","guid":{"rendered":"http:\/\/192.168.0.11\/wordpress\/?page_id=1969"},"modified":"2024-09-09T10:10:09","modified_gmt":"2024-09-09T08:10:09","slug":"memoera-tuotteet-ammattilaisille","status":"publish","type":"page","link":"https:\/\/memoera.fi\/index.php\/memoera-tuotteet-ammattilaisille\/","title":{"rendered":"Memoera -tuotteet ammattilaisille"},"content":{"rendered":"<div data-colibri-id=\"1969-c1\" class=\"style-1426 style-local-1969-c1 position-relative\">\r\n  <!---->\r\n  <div data-colibri-component=\"section\" data-colibri-id=\"1969-c2\" id=\"custom\" class=\"h-section h-section-global-spacing d-flex align-items-lg-center align-items-md-center align-items-center style-1427 style-local-1969-c2 position-relative\">\r\n    <!---->\r\n    <!---->\r\n    <div class=\"h-section-grid-container h-section-boxed-container\">\r\n      <!---->\r\n      <div data-colibri-id=\"1969-c3\" class=\"h-row-container gutters-row-lg-2 gutters-row-md-2 gutters-row-0 gutters-row-v-lg-2 gutters-row-v-md-2 gutters-row-v-2 style-1428 style-local-1969-c3 position-relative\">\r\n        <!---->\r\n        <div class=\"h-row justify-content-lg-center justify-content-md-center justify-content-center align-items-lg-stretch align-items-md-stretch align-items-stretch gutters-col-lg-2 gutters-col-md-2 gutters-col-0 gutters-col-v-lg-2 gutters-col-v-md-2 gutters-col-v-2\">\r\n          <!---->\r\n          <div class=\"h-column h-column-container d-flex h-col-lg-auto h-col-md-auto h-col-auto style-1429-outer style-local-1969-c4-outer\">\r\n            <div data-colibri-id=\"1969-c4\" class=\"d-flex h-flex-basis h-column__inner h-px-lg-2 h-px-md-2 h-px-2 v-inner-lg-2 v-inner-md-2 v-inner-2 style-1429 style-local-1969-c4 position-relative\">\r\n              <!---->\r\n              <!---->\r\n              <div class=\"w-100 h-y-container h-column__content h-column__v-align flex-basis-100 align-self-lg-start align-self-md-start align-self-start\">\r\n                <!---->\r\n                <div data-colibri-id=\"1969-c5\" class=\"h-text h-text-component style-1430 style-local-1969-c5 position-relative h-element\">\r\n                  <!---->\r\n                  <!---->\r\n                  <div class=\"\">\r\n                    <p>Muistisairaiden ja ik\u00e4ihmisten kanssa ty\u00f6skenteleville tarjoamme viihteellisi\u00e4 ty\u00f6v\u00e4lineit\u00e4, joita voi k\u00e4ytt\u00e4\u00e4 osana muistikuntoutusta tai virikkeen\u00e4 asukkaiden iloksi esim. hoivakodissa ja hoitoty\u00f6ss\u00e4.<\/p>\r\n                    <p>Laitteiden tarkoituksena on tukea, edist\u00e4\u00e4 ja vahvistaa itsen\u00e4ist\u00e4 toimintaa viihteellisin keinoin. Laitetta k\u00e4ytt\u00e4ess\u00e4, ik\u00e4ihminen innostuu, aivojumppa ja liikunta tulevat pelaamisen hauskuuden taustalla.<\/p>\r\n                  <\/div>\r\n                <\/div>\r\n              <\/div>\r\n            <\/div>\r\n          <\/div>\r\n        <\/div>\r\n      <\/div>\r\n      <div data-colibri-id=\"1969-c6\" class=\"h-row-container gutters-row-lg-2 gutters-row-md-2 gutters-row-0 gutters-row-v-lg-2 gutters-row-v-md-2 gutters-row-v-2 style-1537 style-local-1969-c6 position-relative\">\r\n        <!---->\r\n        <div class=\"h-row justify-content-lg-center justify-content-md-center justify-content-center align-items-lg-stretch align-items-md-stretch align-items-stretch gutters-col-lg-2 gutters-col-md-2 gutters-col-0 gutters-col-v-lg-2 gutters-col-v-md-2 gutters-col-v-2\">\r\n          <!---->\r\n          <div class=\"h-column h-column-container d-flex h-col-lg-auto h-col-md-auto h-col-auto style-1538-outer style-local-1969-c7-outer\">\r\n            <div data-colibri-id=\"1969-c7\" class=\"d-flex h-flex-basis h-column__inner h-px-lg-2 h-px-md-2 h-px-2 v-inner-lg-2 v-inner-md-2 v-inner-2 style-1538 style-local-1969-c7 position-relative\">\r\n              <!---->\r\n              <!---->\r\n              <div class=\"w-100 h-y-container h-column__content h-column__v-align flex-basis-100 align-self-lg-start align-self-md-start align-self-start\">\r\n                <!---->\r\n                <div data-colibri-id=\"1969-c8\" class=\"h-global-transition-all h-heading style-1539 style-local-1969-c8 position-relative h-element\">\r\n                  <!---->\r\n                  <div class=\"h-heading__outer style-1539 style-local-1969-c8\">\r\n                    <!---->\r\n                    <!---->\r\n                    <h4 class=\"\">Tutustu alla yrityksille vuokrattavissa oleviin Memoera -tuotteisiin<\/h4>\r\n                  <\/div>\r\n                <\/div>\r\n              <\/div>\r\n            <\/div>\r\n          <\/div>\r\n        <\/div>\r\n      <\/div>\r\n      <div data-colibri-id=\"1969-c9\" class=\"h-row-container gutters-row-lg-2 gutters-row-md-2 gutters-row-0 gutters-row-v-lg-2 gutters-row-v-md-2 gutters-row-v-2 style-1540 style-local-1969-c9 position-relative\">\r\n        <!---->\r\n        <div class=\"h-row justify-content-lg-center justify-content-md-center justify-content-center align-items-lg-stretch align-items-md-stretch align-items-stretch gutters-col-lg-2 gutters-col-md-2 gutters-col-0 gutters-col-v-lg-2 gutters-col-v-md-2 gutters-col-v-2\">\r\n          <!---->\r\n          <div class=\"h-column h-column-container d-flex h-col-lg-auto h-col-md-auto h-col-auto style-1541-outer style-local-1969-c10-outer\">\r\n            <div data-colibri-id=\"1969-c10\" class=\"d-flex h-flex-basis h-column__inner h-px-lg-2 h-px-md-2 h-px-2 v-inner-lg-2 v-inner-md-2 v-inner-2 style-1541 style-local-1969-c10 position-relative\">\r\n              <!---->\r\n              <!---->\r\n              <div class=\"w-100 h-y-container h-column__content h-column__v-align flex-basis-100 align-self-lg-center align-self-md-center align-self-center\">\r\n                <!---->\r\n                <div data-colibri-id=\"1969-c11\" class=\"d-block style-1445 style-local-1969-c11 position-relative h-element\">\r\n                  <!---->\r\n                  <div class=\"h-image__frame-container-outer\">\r\n                    <a href=\"https:\/\/memoera.fi\/index.php\/memoera-trainer-ammattilaisille\/\" h-use-smooth-scroll=\"true\" class=\"image-link\">\r\n                      <div class=\"h-image__frame-container\">\r\n                        <!---->\r\n                        <!---->\r\n                        <img loading=\"lazy\" decoding=\"async\" width=\"5769\" height=\"3835\" src=\"https:\/\/memoera.fi\/wp-content\/uploads\/2020\/01\/DSC_2197_pieni.jpg\" class=\"wp-image-3064 style-1445-image style-local-1969-c11-image\" alt=\"Memoera Trainer\" \/>\r\n                        <div class=\"h-image__frame h-hide-lg h-hide-md h-hide-sm style-1445-frameImage style-local-1969-c11-frameImage\"><\/div>\r\n                      <\/div>\r\n                    <\/a>\r\n                  <\/div>\r\n                <\/div>\r\n                <div data-colibri-id=\"1969-c12\" class=\"h-global-transition-all h-heading style-1447 style-local-1969-c12 position-relative h-element\">\r\n                  <!---->\r\n                  <div class=\"h-heading__outer style-1447 style-local-1969-c12\">\r\n                    <!---->\r\n                    <!---->\r\n                    <a href=\"https:\/\/memoera.fi\/index.php\/memoera-trainer-ammattilaisille\/\" h-use-smooth-scroll=\"true\">\r\n                      <h4 class=\"\">MEMOERA TRAINER<\/h4>\r\n                    <\/a>\r\n                  <\/div>\r\n                <\/div>\r\n                <div data-colibri-id=\"1969-c13\" class=\"h-text h-text-component style-1449 style-local-1969-c13 position-relative h-element\">\r\n                  <!---->\r\n                  <!---->\r\n                  <div class=\"\">\r\n                    <p>Kognitiivinen kuntoutus.\r\n                      <br>Pit\u00e4\u00e4 ik\u00e4ihmisen aivot aktiivisena yli kahdenkymmennen eri pelin avulla.<\/p>\r\n                  <\/div>\r\n                <\/div>\r\n                <div data-colibri-id=\"1969-c14\" class=\"h-global-transition-all h-heading style-1543 style-local-1969-c14 position-relative h-element\">\r\n                  <!---->\r\n                  <div class=\"h-heading__outer style-1543 style-local-1969-c14\">\r\n                    <!---->\r\n                    <!---->\r\n                    <a href=\"https:\/\/memoera.fi\/index.php\/memoera-trainer-ammattilaisille\/\" h-use-smooth-scroll=\"true\">\r\n                      <h6 class=\"\">Lue lis\u00e4\u00e4&#8230;<\/h6>\r\n                    <\/a>\r\n                  <\/div>\r\n                <\/div>\r\n              <\/div>\r\n            <\/div>\r\n          <\/div>\r\n        <\/div>\r\n      <\/div>\r\n    <\/div>\r\n  <\/div>\r\n<\/div>","protected":false},"excerpt":{"rendered":"<p>Muistisairaiden ja ik\u00e4ihmisten kanssa ty\u00f6skenteleville tarjoamme viihteellisi\u00e4 ty\u00f6v\u00e4lineit\u00e4, joita voi k\u00e4ytt\u00e4\u00e4 osana muistikuntoutusta tai virikkeen\u00e4 asukkaiden iloksi esim. hoivakodissa ja hoitoty\u00f6ss\u00e4. Laitteiden tarkoituksena on tukea, edist\u00e4\u00e4 ja vahvistaa itsen\u00e4ist\u00e4 toimintaa viihteellisin keinoin. Laitetta k\u00e4ytt\u00e4ess\u00e4, ik\u00e4ihminen innostuu, aivojumppa ja liikunta tulevat pelaamisen hauskuuden taustalla. Tutustu alla yrityksille vuokrattavissa oleviin Memoera -tuotteisiin MEMOERA TRAINER Kognitiivinen kuntoutus. Pit\u00e4\u00e4 [&hellip;]<\/p>\n","protected":false},"author":2,"featured_media":0,"parent":0,"menu_order":0,"comment_status":"closed","ping_status":"closed","template":"page-templates\/full-width-page.php","meta":{"om_disable_all_campaigns":false,"_monsterinsights_skip_tracking":false,"_monsterinsights_sitenote_active":false,"_monsterinsights_sitenote_note":"","_monsterinsights_sitenote_category":0,"_uf_show_specific_survey":0,"_uf_disable_surveys":false,"footnotes":""},"class_list":["post-1969","page","type-page","status-publish","hentry"],"aioseo_notices":[],"yoast_head":"<!-- This site is optimized with the Yoast SEO plugin v20.5 - https:\/\/yoast.com\/wordpress\/plugins\/seo\/ -->\n<title>Memoera - Tuotteet ammattilaisille<\/title>\n<meta name=\"description\" content=\"Muistisairaiden ja ik\u00e4ihmisten kanssa ty\u00f6skenteleville tarjoamme viihteellisi\u00e4 ty\u00f6v\u00e4lineit\u00e4, joita voi k\u00e4ytt\u00e4\u00e4 mm. muistikuntoutuksen ohella. Oiva ty\u00f6v\u00e4line esim. hoivakodissa ja hoitoty\u00f6ss\u00e4\" \/>\n<meta name=\"robots\" content=\"index, follow, max-snippet:-1, max-image-preview:large, max-video-preview:-1\" \/>\n<link rel=\"canonical\" href=\"https:\/\/memoera.fi\/index.php\/memoera-tuotteet-ammattilaisille\/\" \/>\n<meta property=\"og:locale\" content=\"fi_FI\" \/>\n<meta property=\"og:type\" content=\"article\" \/>\n<meta property=\"og:title\" content=\"Memoera - Tuotteet ammattilaisille\" \/>\n<meta property=\"og:description\" content=\"Muistisairaiden ja ik\u00e4ihmisten kanssa ty\u00f6skenteleville tarjoamme viihteellisi\u00e4 ty\u00f6v\u00e4lineit\u00e4, joita voi k\u00e4ytt\u00e4\u00e4 mm. muistikuntoutuksen ohella. Oiva ty\u00f6v\u00e4line esim. hoivakodissa ja hoitoty\u00f6ss\u00e4\" \/>\n<meta property=\"og:url\" content=\"https:\/\/memoera.fi\/index.php\/memoera-tuotteet-ammattilaisille\/\" \/>\n<meta property=\"og:site_name\" content=\"Memoera\" \/>\n<meta property=\"article:publisher\" content=\"https:\/\/www.facebook.com\/muistikuntoamukavasti\/\" \/>\n<meta property=\"article:modified_time\" content=\"2024-09-09T08:10:09+00:00\" \/>\n<meta property=\"og:image\" content=\"https:\/\/memoera.fi\/wp-content\/uploads\/2020\/01\/DSC_2197_pieni.jpg\" \/>\n<meta name=\"twitter:card\" content=\"summary_large_image\" \/>\n<meta name=\"twitter:site\" content=\"@memoera\" \/>\n<meta name=\"twitter:label1\" content=\"Arvioitu lukuaika\" \/>\n\t<meta name=\"twitter:data1\" content=\"1 minuutti\" \/>\n<script type=\"application\/ld+json\" class=\"yoast-schema-graph\">{\"@context\":\"https:\/\/schema.org\",\"@graph\":[{\"@type\":\"WebPage\",\"@id\":\"https:\/\/memoera.fi\/index.php\/memoera-tuotteet-ammattilaisille\/\",\"url\":\"https:\/\/memoera.fi\/index.php\/memoera-tuotteet-ammattilaisille\/\",\"name\":\"Memoera - Tuotteet ammattilaisille\",\"isPartOf\":{\"@id\":\"https:\/\/memoera.fi\/#website\"},\"datePublished\":\"2020-01-21T13:20:31+00:00\",\"dateModified\":\"2024-09-09T08:10:09+00:00\",\"description\":\"Muistisairaiden ja ik\u00e4ihmisten kanssa ty\u00f6skenteleville tarjoamme viihteellisi\u00e4 ty\u00f6v\u00e4lineit\u00e4, joita voi k\u00e4ytt\u00e4\u00e4 mm. muistikuntoutuksen ohella. Oiva ty\u00f6v\u00e4line esim. hoivakodissa ja hoitoty\u00f6ss\u00e4\",\"breadcrumb\":{\"@id\":\"https:\/\/memoera.fi\/index.php\/memoera-tuotteet-ammattilaisille\/#breadcrumb\"},\"inLanguage\":\"fi\",\"potentialAction\":[{\"@type\":\"ReadAction\",\"target\":[\"https:\/\/memoera.fi\/index.php\/memoera-tuotteet-ammattilaisille\/\"]}]},{\"@type\":\"BreadcrumbList\",\"@id\":\"https:\/\/memoera.fi\/index.php\/memoera-tuotteet-ammattilaisille\/#breadcrumb\",\"itemListElement\":[{\"@type\":\"ListItem\",\"position\":1,\"name\":\"Home\",\"item\":\"https:\/\/memoera.fi\/\"},{\"@type\":\"ListItem\",\"position\":2,\"name\":\"Memoera -tuotteet ammattilaisille\"}]},{\"@type\":\"WebSite\",\"@id\":\"https:\/\/memoera.fi\/#website\",\"url\":\"https:\/\/memoera.fi\/\",\"name\":\"Memoera\",\"description\":\"Muistikuntoa mukavasti\",\"publisher\":{\"@id\":\"https:\/\/memoera.fi\/#organization\"},\"potentialAction\":[{\"@type\":\"SearchAction\",\"target\":{\"@type\":\"EntryPoint\",\"urlTemplate\":\"https:\/\/memoera.fi\/?s={search_term_string}\"},\"query-input\":\"required name=search_term_string\"}],\"inLanguage\":\"fi\"},{\"@type\":\"Organization\",\"@id\":\"https:\/\/memoera.fi\/#organization\",\"name\":\"Memoera\",\"url\":\"https:\/\/memoera.fi\/\",\"logo\":{\"@type\":\"ImageObject\",\"inLanguage\":\"fi\",\"@id\":\"https:\/\/memoera.fi\/#\/schema\/logo\/image\/\",\"url\":\"https:\/\/memoera.fi\/wp-content\/uploads\/2020\/06\/Logo-800x800px.jpg\",\"contentUrl\":\"https:\/\/memoera.fi\/wp-content\/uploads\/2020\/06\/Logo-800x800px.jpg\",\"width\":800,\"height\":800,\"caption\":\"Memoera\"},\"image\":{\"@id\":\"https:\/\/memoera.fi\/#\/schema\/logo\/image\/\"},\"sameAs\":[\"https:\/\/www.facebook.com\/muistikuntoamukavasti\/\",\"https:\/\/twitter.com\/memoera\",\"https:\/\/www.youtube.com\/channel\/UC1oMj58JByi_BDcJqSpyC_g\/\"]}]}<\/script>\n<!-- \/ Yoast SEO plugin. -->","yoast_head_json":{"title":"Memoera - Tuotteet ammattilaisille","description":"Muistisairaiden ja ik\u00e4ihmisten kanssa ty\u00f6skenteleville tarjoamme viihteellisi\u00e4 ty\u00f6v\u00e4lineit\u00e4, joita voi k\u00e4ytt\u00e4\u00e4 mm. muistikuntoutuksen ohella. Oiva ty\u00f6v\u00e4line esim. hoivakodissa ja hoitoty\u00f6ss\u00e4","robots":{"index":"index","follow":"follow","max-snippet":"max-snippet:-1","max-image-preview":"max-image-preview:large","max-video-preview":"max-video-preview:-1"},"canonical":"https:\/\/memoera.fi\/index.php\/memoera-tuotteet-ammattilaisille\/","og_locale":"fi_FI","og_type":"article","og_title":"Memoera - Tuotteet ammattilaisille","og_description":"Muistisairaiden ja ik\u00e4ihmisten kanssa ty\u00f6skenteleville tarjoamme viihteellisi\u00e4 ty\u00f6v\u00e4lineit\u00e4, joita voi k\u00e4ytt\u00e4\u00e4 mm. muistikuntoutuksen ohella. Oiva ty\u00f6v\u00e4line esim. hoivakodissa ja hoitoty\u00f6ss\u00e4","og_url":"https:\/\/memoera.fi\/index.php\/memoera-tuotteet-ammattilaisille\/","og_site_name":"Memoera","article_publisher":"https:\/\/www.facebook.com\/muistikuntoamukavasti\/","article_modified_time":"2024-09-09T08:10:09+00:00","og_image":[{"url":"https:\/\/memoera.fi\/wp-content\/uploads\/2020\/01\/DSC_2197_pieni.jpg"}],"twitter_card":"summary_large_image","twitter_site":"@memoera","twitter_misc":{"Arvioitu lukuaika":"1 minuutti"},"schema":{"@context":"https:\/\/schema.org","@graph":[{"@type":"WebPage","@id":"https:\/\/memoera.fi\/index.php\/memoera-tuotteet-ammattilaisille\/","url":"https:\/\/memoera.fi\/index.php\/memoera-tuotteet-ammattilaisille\/","name":"Memoera - Tuotteet ammattilaisille","isPartOf":{"@id":"https:\/\/memoera.fi\/#website"},"datePublished":"2020-01-21T13:20:31+00:00","dateModified":"2024-09-09T08:10:09+00:00","description":"Muistisairaiden ja ik\u00e4ihmisten kanssa ty\u00f6skenteleville tarjoamme viihteellisi\u00e4 ty\u00f6v\u00e4lineit\u00e4, joita voi k\u00e4ytt\u00e4\u00e4 mm. muistikuntoutuksen ohella. Oiva ty\u00f6v\u00e4line esim. hoivakodissa ja hoitoty\u00f6ss\u00e4","breadcrumb":{"@id":"https:\/\/memoera.fi\/index.php\/memoera-tuotteet-ammattilaisille\/#breadcrumb"},"inLanguage":"fi","potentialAction":[{"@type":"ReadAction","target":["https:\/\/memoera.fi\/index.php\/memoera-tuotteet-ammattilaisille\/"]}]},{"@type":"BreadcrumbList","@id":"https:\/\/memoera.fi\/index.php\/memoera-tuotteet-ammattilaisille\/#breadcrumb","itemListElement":[{"@type":"ListItem","position":1,"name":"Home","item":"https:\/\/memoera.fi\/"},{"@type":"ListItem","position":2,"name":"Memoera -tuotteet ammattilaisille"}]},{"@type":"WebSite","@id":"https:\/\/memoera.fi\/#website","url":"https:\/\/memoera.fi\/","name":"Memoera","description":"Muistikuntoa mukavasti","publisher":{"@id":"https:\/\/memoera.fi\/#organization"},"potentialAction":[{"@type":"SearchAction","target":{"@type":"EntryPoint","urlTemplate":"https:\/\/memoera.fi\/?s={search_term_string}"},"query-input":"required name=search_term_string"}],"inLanguage":"fi"},{"@type":"Organization","@id":"https:\/\/memoera.fi\/#organization","name":"Memoera","url":"https:\/\/memoera.fi\/","logo":{"@type":"ImageObject","inLanguage":"fi","@id":"https:\/\/memoera.fi\/#\/schema\/logo\/image\/","url":"https:\/\/memoera.fi\/wp-content\/uploads\/2020\/06\/Logo-800x800px.jpg","contentUrl":"https:\/\/memoera.fi\/wp-content\/uploads\/2020\/06\/Logo-800x800px.jpg","width":800,"height":800,"caption":"Memoera"},"image":{"@id":"https:\/\/memoera.fi\/#\/schema\/logo\/image\/"},"sameAs":["https:\/\/www.facebook.com\/muistikuntoamukavasti\/","https:\/\/twitter.com\/memoera","https:\/\/www.youtube.com\/channel\/UC1oMj58JByi_BDcJqSpyC_g\/"]}]}},"_links":{"self":[{"href":"https:\/\/memoera.fi\/index.php\/wp-json\/wp\/v2\/pages\/1969","targetHints":{"allow":["GET"]}}],"collection":[{"href":"https:\/\/memoera.fi\/index.php\/wp-json\/wp\/v2\/pages"}],"about":[{"href":"https:\/\/memoera.fi\/index.php\/wp-json\/wp\/v2\/types\/page"}],"author":[{"embeddable":true,"href":"https:\/\/memoera.fi\/index.php\/wp-json\/wp\/v2\/users\/2"}],"replies":[{"embeddable":true,"href":"https:\/\/memoera.fi\/index.php\/wp-json\/wp\/v2\/comments?post=1969"}],"version-history":[{"count":20,"href":"https:\/\/memoera.fi\/index.php\/wp-json\/wp\/v2\/pages\/1969\/revisions"}],"predecessor-version":[{"id":6214,"href":"https:\/\/memoera.fi\/index.php\/wp-json\/wp\/v2\/pages\/1969\/revisions\/6214"}],"wp:attachment":[{"href":"https:\/\/memoera.fi\/index.php\/wp-json\/wp\/v2\/media?parent=1969"}],"curies":[{"name":"wp","href":"https:\/\/api.w.org\/{rel}","templated":true}]}}