{"id":1612,"date":"2020-01-20T12:01:11","date_gmt":"2020-01-20T12:01:11","guid":{"rendered":"http:\/\/192.168.0.11\/wordpress\/?page_id=1612"},"modified":"2020-06-29T14:59:14","modified_gmt":"2020-06-29T12:59:14","slug":"tutkimus","status":"publish","type":"page","link":"https:\/\/memoera.fi\/index.php\/tutkimus\/","title":{"rendered":"Tutkimus"},"content":{"rendered":"<div data-colibri-id=\"1612-c1\" class=\"style-1276 style-local-1612-c1 position-relative\">\r\n  <!---->\r\n  <div data-colibri-component=\"section\" data-colibri-id=\"1612-c2\" id=\"custom\" class=\"h-section h-section-global-spacing d-flex align-items-lg-center align-items-md-center align-items-center style-1277 style-local-1612-c2 position-relative\">\r\n    <!---->\r\n    <!---->\r\n    <div class=\"h-section-grid-container h-section-boxed-container\">\r\n      <!---->\r\n      <div data-colibri-id=\"1612-c3\" class=\"h-row-container gutters-row-lg-2 gutters-row-md-2 gutters-row-0 gutters-row-v-lg-2 gutters-row-v-md-2 gutters-row-v-2 style-1278 style-local-1612-c3 position-relative\">\r\n        <!---->\r\n        <div class=\"h-row justify-content-lg-center justify-content-md-center justify-content-center align-items-lg-stretch align-items-md-stretch align-items-stretch gutters-col-lg-2 gutters-col-md-2 gutters-col-0 gutters-col-v-lg-2 gutters-col-v-md-2 gutters-col-v-2\">\r\n          <!---->\r\n          <div class=\"h-column h-column-container d-flex h-col-lg-auto h-col-md-auto h-col-auto style-1279-outer style-local-1612-c4-outer\">\r\n            <div data-colibri-id=\"1612-c4\" class=\"d-flex h-flex-basis h-column__inner h-px-lg-2 h-px-md-2 h-px-2 v-inner-lg-2 v-inner-md-2 v-inner-2 style-1279 style-local-1612-c4 position-relative\">\r\n              <!---->\r\n              <!---->\r\n              <div class=\"w-100 h-y-container h-column__content h-column__v-align flex-basis-100 align-self-lg-start align-self-md-start align-self-start\">\r\n                <!---->\r\n                <div data-colibri-id=\"1612-c5\" class=\"h-global-transition-all h-heading style-1280 style-local-1612-c5 position-relative h-element\">\r\n                  <!---->\r\n                  <!---->\r\n                  <h4 class=\"\">Maallikolle laadittu tiivis vastaus<\/h4>\r\n                <\/div>\r\n                <div data-colibri-id=\"1612-c6\" class=\"h-text h-text-component style-1281 style-local-1612-c6 position-relative h-element\">\r\n                  <!---->\r\n                  <!---->\r\n                  <div class=\"\">\r\n                    <p>Aiempien tutkimusten perusteella on havaittu, ett\u00e4 sek\u00e4 fyysinen aktiivisuus ett\u00e4 tiedonk\u00e4sittely\u00e4 kuormittavat teht\u00e4v\u00e4t ovat yhteydess\u00e4 lukuisiin terveyshy\u00f6tyihin. Vime vuosina n\u00e4it\u00e4 harjoittelun muotoja on alettu yhdistell\u00e4 tutkimuksessa\r\n                      niin sanotuissa kognitiivisissa pelimuotoisissa harjoitteissa. Niill\u00e4 tarkoitetaan asetelmia tutkimuksessa, joissa tutkittavien t\u00e4ytyy tehd\u00e4 jotain fyysisesti kuormittavaa ett\u00e4 tiedonk\u00e4sittely\u00e4 haastavaa samaanaikaan peli\u00e4 muistuttavassa\r\n                      harjoituksessa. T\u00e4m\u00e4 voi tarkoittaa esimerkiksi kuntopy\u00f6r\u00e4n tai liikuteltavan ohjaimen k\u00e4ytt\u00f6\u00e4 hahmon ohjaamiseen kolmiulotteisessa pelimaailmassa tai esimerkiksi kognitiivisten kykyteht\u00e4vien ratkaisemista tasapainoilun aikana. Aiemman\r\n                      tutkimuksen perusteella on arvioitu, ett\u00e4 t\u00e4m\u00e4nkaltaiset teht\u00e4v\u00e4t voisivat parantaa tutkittavien aivojen muovautuvuutta ja sit\u00e4 kautta vaikuttaa my\u00f6nteisesti tutkittavien toimintakykyyn ja tiedonk\u00e4sittelyn kykyihin.<\/p>\r\n                    <p>Jo ker\u00e4\u00e4ntyneen tutkimuksen perusteella n\u00e4ytt\u00e4\u00e4 silt\u00e4, ett\u00e4 pelimuotoisilla kognitiivisilla harjoitteilla voi olla monia erilaisia hy\u00f6tyj\u00e4 muistipotilaiden el\u00e4m\u00e4nlaatuun ja toimintakykyyn. Ne voivat esimerkiksi auttaa toiminnanohjauksessa,\r\n                      johon sis\u00e4ltyy muun muassa toiminnan suunnittelu ja aiempien toimintamallien korjaaminen joustavasti, tapahtumamuistissa, johon sis\u00e4ltyy aikaan ja paikkaan sidonnaisia henkil\u00f6kohtaisia kokemuksia, ja yleisesti ottaen tiedonk\u00e4sittelyss\u00e4.\r\n                      Alustavasti on saatu n\u00e4ytt\u00f6\u00e4, ett\u00e4 harjoituksilla aikaansaadut muutokset voivat mahdollisesti olla pitk\u00e4kestoisia, mutta lis\u00e4\u00e4 n\u00e4ytt\u00f6\u00e4 tarvitaan osoittamaan t\u00e4m\u00e4.<\/p>\r\n                    <p>Tutkimusten perusteella voidaan todeta, ett\u00e4 jo nyt olisi syyt\u00e4 alkaa paremmin integroida pelimuotoisia harjoitteita muistipotilaiden kuntoutusohjelmiin ja tukitoimiin. Viel\u00e4 tarvitaan kuitenkin lis\u00e4\u00e4 tutkimuksia t\u00e4sment\u00e4m\u00e4\u00e4n sit\u00e4,\r\n                      miten pelimuotoiset kognitiiviet harjoitteet tarkemmin sanottuna toimivat muistipotilaiden hoidossa. T\u00e4rkeita tutkimuksen osa-alueita on esimerkiksi se, mitk\u00e4 keskushermoston vaikutusv\u00e4yl\u00e4t ovat aktiivisia pelimuotoisia kognitiivisia\r\n                      harjoitteita suorittaessa ja se, miten paljon tarkemmin sanottuna tietyntyyppisi\u00e4 harjoituksia muistipotilaiden pit\u00e4isi tehd\u00e4 ja kuinka usein ett\u00e4 he saisivat harjoituksista mahdollisimman suuren hy\u00f6dyn. Useat tutkijat kuitenkin\r\n                      huomioivat tutkimuksissaan, ett\u00e4 tutkittavat kokevat pelimuotoiset harjoitteet mielekk\u00e4ina ja hauskoihina tukitoimina. Se on itsess\u00e4\u00e4n t\u00e4rke\u00e4 seikka, joka puhuu kognitiivisten pelimuotoisten harjoitteiden puolesta.<\/p>\r\n                    <p>Tekij\u00e4: Lauri L\u00f6fberg.<\/p>\r\n                  <\/div>\r\n                <\/div>\r\n                <div data-colibri-id=\"1612-c7\" class=\"h-global-transition-all h-heading style-1282 style-local-1612-c7 position-relative h-element\">\r\n                  <!---->\r\n                  <!---->\r\n                  <a href=\"https:\/\/memoera.fi\/wp-content\/uploads\/2020\/01\/Voiko-pelimuotoisilla-kognitiivisilla-harjoitteilla-edesauttaa-muistipotilaiden-toimintakyky\u00e4_L\u00f6fberg_-2018.pdf\" h-use-smooth-scroll=\"true\">\r\n                    <h6 class=\"\">Lue koko tutkimus t\u00e4\u00e4lt\u00e4<\/h6>\r\n                  <\/a>\r\n                <\/div>\r\n              <\/div>\r\n            <\/div>\r\n          <\/div>\r\n        <\/div>\r\n      <\/div>\r\n    <\/div>\r\n  <\/div>\r\n<\/div>","protected":false},"excerpt":{"rendered":"<p>Maallikolle laadittu tiivis vastaus Aiempien tutkimusten perusteella on havaittu, ett\u00e4 sek\u00e4 fyysinen aktiivisuus ett\u00e4 tiedonk\u00e4sittely\u00e4 kuormittavat teht\u00e4v\u00e4t ovat yhteydess\u00e4 lukuisiin terveyshy\u00f6tyihin. Vime vuosina n\u00e4it\u00e4 harjoittelun muotoja on alettu yhdistell\u00e4 tutkimuksessa niin sanotuissa kognitiivisissa pelimuotoisissa harjoitteissa. Niill\u00e4 tarkoitetaan asetelmia tutkimuksessa, joissa tutkittavien t\u00e4ytyy tehd\u00e4 jotain fyysisesti kuormittavaa ett\u00e4 tiedonk\u00e4sittely\u00e4 haastavaa samaanaikaan peli\u00e4 muistuttavassa harjoituksessa. T\u00e4m\u00e4 voi [&hellip;]<\/p>\n","protected":false},"author":2,"featured_media":0,"parent":0,"menu_order":0,"comment_status":"closed","ping_status":"closed","template":"page-templates\/full-width-page.php","meta":{"om_disable_all_campaigns":false,"_monsterinsights_skip_tracking":false,"_monsterinsights_sitenote_active":false,"_monsterinsights_sitenote_note":"","_monsterinsights_sitenote_category":0,"_uf_show_specific_survey":0,"_uf_disable_surveys":false,"footnotes":""},"class_list":["post-1612","page","type-page","status-publish","hentry"],"aioseo_notices":[],"yoast_head":"<!-- This site is optimized with the Yoast SEO plugin v20.5 - https:\/\/yoast.com\/wordpress\/plugins\/seo\/ -->\n<title>Memoera - Tutkimus<\/title>\n<meta name=\"robots\" content=\"index, follow, max-snippet:-1, max-image-preview:large, max-video-preview:-1\" \/>\n<link rel=\"canonical\" href=\"https:\/\/memoera.fi\/index.php\/tutkimus\/\" \/>\n<meta property=\"og:locale\" content=\"fi_FI\" \/>\n<meta property=\"og:type\" content=\"article\" \/>\n<meta property=\"og:title\" content=\"Memoera - Tutkimus\" \/>\n<meta property=\"og:description\" content=\"Maallikolle laadittu tiivis vastaus Aiempien tutkimusten perusteella on havaittu, ett\u00e4 sek\u00e4 fyysinen aktiivisuus ett\u00e4 tiedonk\u00e4sittely\u00e4 kuormittavat teht\u00e4v\u00e4t ovat yhteydess\u00e4 lukuisiin terveyshy\u00f6tyihin. Vime vuosina n\u00e4it\u00e4 harjoittelun muotoja on alettu yhdistell\u00e4 tutkimuksessa niin sanotuissa kognitiivisissa pelimuotoisissa harjoitteissa. Niill\u00e4 tarkoitetaan asetelmia tutkimuksessa, joissa tutkittavien t\u00e4ytyy tehd\u00e4 jotain fyysisesti kuormittavaa ett\u00e4 tiedonk\u00e4sittely\u00e4 haastavaa samaanaikaan peli\u00e4 muistuttavassa harjoituksessa. T\u00e4m\u00e4 voi [&hellip;]\" \/>\n<meta property=\"og:url\" content=\"https:\/\/memoera.fi\/index.php\/tutkimus\/\" \/>\n<meta property=\"og:site_name\" content=\"Memoera\" \/>\n<meta property=\"article:publisher\" content=\"https:\/\/www.facebook.com\/muistikuntoamukavasti\/\" \/>\n<meta property=\"article:modified_time\" content=\"2020-06-29T12:59:14+00:00\" \/>\n<meta name=\"twitter:card\" content=\"summary_large_image\" \/>\n<meta name=\"twitter:site\" content=\"@memoera\" \/>\n<meta name=\"twitter:label1\" content=\"Arvioitu lukuaika\" \/>\n\t<meta name=\"twitter:data1\" content=\"2 minuuttia\" \/>\n<script type=\"application\/ld+json\" class=\"yoast-schema-graph\">{\"@context\":\"https:\/\/schema.org\",\"@graph\":[{\"@type\":\"WebPage\",\"@id\":\"https:\/\/memoera.fi\/index.php\/tutkimus\/\",\"url\":\"https:\/\/memoera.fi\/index.php\/tutkimus\/\",\"name\":\"Memoera - Tutkimus\",\"isPartOf\":{\"@id\":\"https:\/\/memoera.fi\/#website\"},\"datePublished\":\"2020-01-20T12:01:11+00:00\",\"dateModified\":\"2020-06-29T12:59:14+00:00\",\"breadcrumb\":{\"@id\":\"https:\/\/memoera.fi\/index.php\/tutkimus\/#breadcrumb\"},\"inLanguage\":\"fi\",\"potentialAction\":[{\"@type\":\"ReadAction\",\"target\":[\"https:\/\/memoera.fi\/index.php\/tutkimus\/\"]}]},{\"@type\":\"BreadcrumbList\",\"@id\":\"https:\/\/memoera.fi\/index.php\/tutkimus\/#breadcrumb\",\"itemListElement\":[{\"@type\":\"ListItem\",\"position\":1,\"name\":\"Home\",\"item\":\"https:\/\/memoera.fi\/\"},{\"@type\":\"ListItem\",\"position\":2,\"name\":\"Tutkimus\"}]},{\"@type\":\"WebSite\",\"@id\":\"https:\/\/memoera.fi\/#website\",\"url\":\"https:\/\/memoera.fi\/\",\"name\":\"Memoera\",\"description\":\"Muistikuntoa mukavasti\",\"publisher\":{\"@id\":\"https:\/\/memoera.fi\/#organization\"},\"potentialAction\":[{\"@type\":\"SearchAction\",\"target\":{\"@type\":\"EntryPoint\",\"urlTemplate\":\"https:\/\/memoera.fi\/?s={search_term_string}\"},\"query-input\":\"required name=search_term_string\"}],\"inLanguage\":\"fi\"},{\"@type\":\"Organization\",\"@id\":\"https:\/\/memoera.fi\/#organization\",\"name\":\"Memoera\",\"url\":\"https:\/\/memoera.fi\/\",\"logo\":{\"@type\":\"ImageObject\",\"inLanguage\":\"fi\",\"@id\":\"https:\/\/memoera.fi\/#\/schema\/logo\/image\/\",\"url\":\"https:\/\/memoera.fi\/wp-content\/uploads\/2020\/06\/Logo-800x800px.jpg\",\"contentUrl\":\"https:\/\/memoera.fi\/wp-content\/uploads\/2020\/06\/Logo-800x800px.jpg\",\"width\":800,\"height\":800,\"caption\":\"Memoera\"},\"image\":{\"@id\":\"https:\/\/memoera.fi\/#\/schema\/logo\/image\/\"},\"sameAs\":[\"https:\/\/www.facebook.com\/muistikuntoamukavasti\/\",\"https:\/\/twitter.com\/memoera\",\"https:\/\/www.youtube.com\/channel\/UC1oMj58JByi_BDcJqSpyC_g\/\"]}]}<\/script>\n<!-- \/ Yoast SEO plugin. -->","yoast_head_json":{"title":"Memoera - Tutkimus","robots":{"index":"index","follow":"follow","max-snippet":"max-snippet:-1","max-image-preview":"max-image-preview:large","max-video-preview":"max-video-preview:-1"},"canonical":"https:\/\/memoera.fi\/index.php\/tutkimus\/","og_locale":"fi_FI","og_type":"article","og_title":"Memoera - Tutkimus","og_description":"Maallikolle laadittu tiivis vastaus Aiempien tutkimusten perusteella on havaittu, ett\u00e4 sek\u00e4 fyysinen aktiivisuus ett\u00e4 tiedonk\u00e4sittely\u00e4 kuormittavat teht\u00e4v\u00e4t ovat yhteydess\u00e4 lukuisiin terveyshy\u00f6tyihin. Vime vuosina n\u00e4it\u00e4 harjoittelun muotoja on alettu yhdistell\u00e4 tutkimuksessa niin sanotuissa kognitiivisissa pelimuotoisissa harjoitteissa. Niill\u00e4 tarkoitetaan asetelmia tutkimuksessa, joissa tutkittavien t\u00e4ytyy tehd\u00e4 jotain fyysisesti kuormittavaa ett\u00e4 tiedonk\u00e4sittely\u00e4 haastavaa samaanaikaan peli\u00e4 muistuttavassa harjoituksessa. T\u00e4m\u00e4 voi [&hellip;]","og_url":"https:\/\/memoera.fi\/index.php\/tutkimus\/","og_site_name":"Memoera","article_publisher":"https:\/\/www.facebook.com\/muistikuntoamukavasti\/","article_modified_time":"2020-06-29T12:59:14+00:00","twitter_card":"summary_large_image","twitter_site":"@memoera","twitter_misc":{"Arvioitu lukuaika":"2 minuuttia"},"schema":{"@context":"https:\/\/schema.org","@graph":[{"@type":"WebPage","@id":"https:\/\/memoera.fi\/index.php\/tutkimus\/","url":"https:\/\/memoera.fi\/index.php\/tutkimus\/","name":"Memoera - Tutkimus","isPartOf":{"@id":"https:\/\/memoera.fi\/#website"},"datePublished":"2020-01-20T12:01:11+00:00","dateModified":"2020-06-29T12:59:14+00:00","breadcrumb":{"@id":"https:\/\/memoera.fi\/index.php\/tutkimus\/#breadcrumb"},"inLanguage":"fi","potentialAction":[{"@type":"ReadAction","target":["https:\/\/memoera.fi\/index.php\/tutkimus\/"]}]},{"@type":"BreadcrumbList","@id":"https:\/\/memoera.fi\/index.php\/tutkimus\/#breadcrumb","itemListElement":[{"@type":"ListItem","position":1,"name":"Home","item":"https:\/\/memoera.fi\/"},{"@type":"ListItem","position":2,"name":"Tutkimus"}]},{"@type":"WebSite","@id":"https:\/\/memoera.fi\/#website","url":"https:\/\/memoera.fi\/","name":"Memoera","description":"Muistikuntoa mukavasti","publisher":{"@id":"https:\/\/memoera.fi\/#organization"},"potentialAction":[{"@type":"SearchAction","target":{"@type":"EntryPoint","urlTemplate":"https:\/\/memoera.fi\/?s={search_term_string}"},"query-input":"required name=search_term_string"}],"inLanguage":"fi"},{"@type":"Organization","@id":"https:\/\/memoera.fi\/#organization","name":"Memoera","url":"https:\/\/memoera.fi\/","logo":{"@type":"ImageObject","inLanguage":"fi","@id":"https:\/\/memoera.fi\/#\/schema\/logo\/image\/","url":"https:\/\/memoera.fi\/wp-content\/uploads\/2020\/06\/Logo-800x800px.jpg","contentUrl":"https:\/\/memoera.fi\/wp-content\/uploads\/2020\/06\/Logo-800x800px.jpg","width":800,"height":800,"caption":"Memoera"},"image":{"@id":"https:\/\/memoera.fi\/#\/schema\/logo\/image\/"},"sameAs":["https:\/\/www.facebook.com\/muistikuntoamukavasti\/","https:\/\/twitter.com\/memoera","https:\/\/www.youtube.com\/channel\/UC1oMj58JByi_BDcJqSpyC_g\/"]}]}},"_links":{"self":[{"href":"https:\/\/memoera.fi\/index.php\/wp-json\/wp\/v2\/pages\/1612","targetHints":{"allow":["GET"]}}],"collection":[{"href":"https:\/\/memoera.fi\/index.php\/wp-json\/wp\/v2\/pages"}],"about":[{"href":"https:\/\/memoera.fi\/index.php\/wp-json\/wp\/v2\/types\/page"}],"author":[{"embeddable":true,"href":"https:\/\/memoera.fi\/index.php\/wp-json\/wp\/v2\/users\/2"}],"replies":[{"embeddable":true,"href":"https:\/\/memoera.fi\/index.php\/wp-json\/wp\/v2\/comments?post=1612"}],"version-history":[{"count":6,"href":"https:\/\/memoera.fi\/index.php\/wp-json\/wp\/v2\/pages\/1612\/revisions"}],"predecessor-version":[{"id":5691,"href":"https:\/\/memoera.fi\/index.php\/wp-json\/wp\/v2\/pages\/1612\/revisions\/5691"}],"wp:attachment":[{"href":"https:\/\/memoera.fi\/index.php\/wp-json\/wp\/v2\/media?parent=1612"}],"curies":[{"name":"wp","href":"https:\/\/api.w.org\/{rel}","templated":true}]}}