{"id":1379,"date":"2020-01-17T11:26:34","date_gmt":"2020-01-17T11:26:34","guid":{"rendered":"http:\/\/192.168.0.11\/wordpress\/?page_id=1379"},"modified":"2020-06-29T13:14:48","modified_gmt":"2020-06-29T11:14:48","slug":"kokeile-ilmaiseksi","status":"publish","type":"page","link":"https:\/\/memoera.fi\/index.php\/kokeile-ilmaiseksi\/","title":{"rendered":"Kokeile ilmaiseksi"},"content":{"rendered":"\n<h2 class=\"wp-block-heading\">Voit tutustua Memoeraan seuraavissa toimipaikoissa<\/h2>\n\n\n\n<p>Huom! Kannattaa sopia aika etuk\u00e4teen!<\/p>\n\n\n\n<p><a href=\"http:\/\/www.jamsanmuistiyhdistys.fi\/\">J\u00e4ms\u00e4n Muistiyhdistys ry<\/a><\/p>\n\n\n\n<p><a href=\"http:\/\/www.muistiaina.fi\/\" target=\"_blank\" rel=\"noreferrer noopener\">Kanta-H\u00e4meen Muistiyhdistys ry<\/a><\/p>\n\n\n\n<p><a href=\"https:\/\/www.suomenselanmuisti.fi\/\">Keski-Pohjanmaan Muisti Yhdistys ry<\/a><\/p>\n\n\n\n<p><a href=\"http:\/\/www.ksmuistiyhdistys.fi\/\" target=\"_blank\" rel=\"noreferrer noopener\">Keski-Suomen Muistiyhdistys ry<\/a><\/p>\n\n\n\n<p><a href=\"http:\/\/www.koillismaanseudunmuisti.fi\/\">Koillismaan seudun Muisti ry<\/a><\/p>\n\n\n\n<p><a href=\"http:\/\/www.kouvolanseudunmuisti.fi\/\" target=\"_blank\" rel=\"noreferrer noopener\">Kouvolan seudun Muisti ry<\/a><\/p>\n\n\n\n<p><a href=\"https:\/\/www.muistiliitto.fi\/fi\/tuki-ja-palvelut\/muistiyhdistys-lahellasi\/muistiyhdistykset\/kotkan-seudun-muistiyhdistys\/kotkan-seudun-muistiyhdistys\">Kotkan seudun Muistiyhdistys ry<\/a><\/p>\n\n\n\n<p><a href=\"http:\/\/www.lapinmuistiyhdistys.fi\/\" target=\"_blank\" rel=\"noreferrer noopener\">Lapin Muistiyhdistyksen Muistiluotsitoiminta \/ Muistitupa<\/a><\/p>\n\n\n\n<p><a href=\"http:\/\/www.mikkelinseudunmuisti.fi\/\" target=\"_blank\" rel=\"noreferrer noopener\">Mikkelin seudun Muisti ry \/ asiantuntija- ja tukikeskus Etel\u00e4- Savon Muistiluotsi<\/a><\/p>\n\n\n\n<p><a href=\"http:\/\/www.pmaenmuistiyhdistys.fi\/\">Pieks\u00e4m\u00e4en Muistiyhdistys ry<\/a><\/p>\n\n\n\n<p><a href=\"http:\/\/www.pirkanmaanmuistiyhdistys.fi\/\" target=\"_blank\" rel=\"noreferrer noopener\">Pirkanmaan Muistiyhdistys ry<\/a><\/p>\n\n\n\n<p><a href=\"http:\/\/www.pkmuistiry.fi\/\" target=\"_blank\" rel=\"noreferrer noopener\">Pohjois-Karjalan Muisti ry \/ asiantuntija- ja tukikeskus Pohjois-Karjala<\/a><\/p>\n\n\n\n<p><a href=\"http:\/\/www.psmuisti.fi\/\" target=\"_blank\" rel=\"noreferrer noopener\">Pohjois-Savon Muisti ry<\/a><\/p>\n\n\n\n<p><a href=\"https:\/\/www.porvoonmuistiyhdistys.fi\/\">Porvoon seudun Muistiyhdistys ry<\/a><\/p>\n\n\n\n<p><a href=\"http:\/\/www.ph-muistiyhdistys.fi\/\">P\u00e4ij\u00e4t-H\u00e4meen Muistiyhdistys ry<\/a><\/p>\n\n\n\n<p><a href=\"https:\/\/www.muistiliitto.fi\/fi\/tuki-ja-palvelut\/muistiyhdistys-lahellasi\/muistiyhdistykset\/raahen-seudun-muistiyhdistys\/raahen-seudun-muistiyhdistys-ry\">Raahen seudun Muistiyhdistys ry<\/a><\/p>\n\n\n\n<p><a href=\"http:\/\/www.muistisalo.fi\/\">Salon Muistiyhdistys ry<\/a><\/p>\n\n\n\n<p><a href=\"https:\/\/www.muistiliitto.fi\/fi\/tuki-ja-palvelut\/muistiyhdistys-lahellasi\/muistiyhdistykset\/savonlinnan-seudun-muistiyhdistys\/savonlinnan-seudun-muistiyhdistys-ry\">Savonlinnan seudun Muistiyhdistys ry<\/a><\/p>\n\n\n\n<p><a href=\"https:\/\/www.suomenselanmuisti.fi\/\">Suomensel\u00e4n Muisti ry<\/a><\/p>\n\n\n\n<p>Varkauden kaupunki: K\u00e4pykankaan palvelukeskuksen p\u00e4iv\u00e4toiminta (040 703 9963) ja Kangaslammin palvelukeskus (040 580 5202).<\/p>\n\n\n\n<p><a href=\"https:\/\/www.muistiturku.fi\/fi\/muistikuntoutus-tammikoti\/\"> Varsinais-Suomen Muistiyhdistys ry, Muistikuntoutus Tammikoti<\/a><\/p>\n\n\n\n<p>Jos sopivaa paikkaa ei l\u00f6ytynyt, ota yhteytt\u00e4 Memoeran asiakaspalveluun.<\/p>\n","protected":false},"excerpt":{"rendered":"<p>Voit tutustua Memoeraan seuraavissa toimipaikoissa Huom! Kannattaa sopia aika etuk\u00e4teen! J\u00e4ms\u00e4n Muistiyhdistys ry Kanta-H\u00e4meen Muistiyhdistys ry Keski-Pohjanmaan Muisti Yhdistys ry Keski-Suomen Muistiyhdistys ry Koillismaan seudun Muisti ry Kouvolan seudun Muisti ry Kotkan seudun Muistiyhdistys ry Lapin Muistiyhdistyksen Muistiluotsitoiminta \/ Muistitupa Mikkelin seudun Muisti ry \/ asiantuntija- ja tukikeskus Etel\u00e4- Savon Muistiluotsi Pieks\u00e4m\u00e4en Muistiyhdistys ry Pirkanmaan [&hellip;]<\/p>\n","protected":false},"author":2,"featured_media":0,"parent":0,"menu_order":0,"comment_status":"closed","ping_status":"closed","template":"","meta":{"om_disable_all_campaigns":false,"_monsterinsights_skip_tracking":false,"_monsterinsights_sitenote_active":false,"_monsterinsights_sitenote_note":"","_monsterinsights_sitenote_category":0,"_uf_show_specific_survey":0,"_uf_disable_surveys":false,"footnotes":""},"class_list":["post-1379","page","type-page","status-publish","hentry"],"aioseo_notices":[],"yoast_head":"<!-- This site is optimized with the Yoast SEO plugin v20.5 - https:\/\/yoast.com\/wordpress\/plugins\/seo\/ -->\n<title>Memoera - Kokeile ilmaiseksi<\/title>\n<meta name=\"description\" content=\"Tutustu hauskaan aivojumppaan seuraavissa toimipaikoissa, se on ilmaista. Kysy lis\u00e4\u00e4 soittamalla meille tai alueesi Muistiyhdistykselle.\" \/>\n<meta name=\"robots\" content=\"index, follow, max-snippet:-1, max-image-preview:large, max-video-preview:-1\" \/>\n<link rel=\"canonical\" href=\"https:\/\/memoera.fi\/index.php\/kokeile-ilmaiseksi\/\" \/>\n<meta property=\"og:locale\" content=\"fi_FI\" \/>\n<meta property=\"og:type\" content=\"article\" \/>\n<meta property=\"og:title\" content=\"Memoera - Kokeile ilmaiseksi\" \/>\n<meta property=\"og:description\" content=\"Tutustu hauskaan aivojumppaan seuraavissa toimipaikoissa, se on ilmaista. Kysy lis\u00e4\u00e4 soittamalla meille tai alueesi Muistiyhdistykselle.\" \/>\n<meta property=\"og:url\" content=\"https:\/\/memoera.fi\/index.php\/kokeile-ilmaiseksi\/\" \/>\n<meta property=\"og:site_name\" content=\"Memoera\" \/>\n<meta property=\"article:publisher\" content=\"https:\/\/www.facebook.com\/muistikuntoamukavasti\/\" \/>\n<meta property=\"article:modified_time\" content=\"2020-06-29T11:14:48+00:00\" \/>\n<meta name=\"twitter:card\" content=\"summary_large_image\" \/>\n<meta name=\"twitter:site\" content=\"@memoera\" \/>\n<meta name=\"twitter:label1\" content=\"Arvioitu lukuaika\" \/>\n\t<meta name=\"twitter:data1\" content=\"1 minuutti\" \/>\n<script type=\"application\/ld+json\" class=\"yoast-schema-graph\">{\"@context\":\"https:\/\/schema.org\",\"@graph\":[{\"@type\":\"WebPage\",\"@id\":\"https:\/\/memoera.fi\/index.php\/kokeile-ilmaiseksi\/\",\"url\":\"https:\/\/memoera.fi\/index.php\/kokeile-ilmaiseksi\/\",\"name\":\"Memoera - Kokeile ilmaiseksi\",\"isPartOf\":{\"@id\":\"https:\/\/memoera.fi\/#website\"},\"datePublished\":\"2020-01-17T11:26:34+00:00\",\"dateModified\":\"2020-06-29T11:14:48+00:00\",\"description\":\"Tutustu hauskaan aivojumppaan seuraavissa toimipaikoissa, se on ilmaista. Kysy lis\u00e4\u00e4 soittamalla meille tai alueesi Muistiyhdistykselle.\",\"breadcrumb\":{\"@id\":\"https:\/\/memoera.fi\/index.php\/kokeile-ilmaiseksi\/#breadcrumb\"},\"inLanguage\":\"fi\",\"potentialAction\":[{\"@type\":\"ReadAction\",\"target\":[\"https:\/\/memoera.fi\/index.php\/kokeile-ilmaiseksi\/\"]}]},{\"@type\":\"BreadcrumbList\",\"@id\":\"https:\/\/memoera.fi\/index.php\/kokeile-ilmaiseksi\/#breadcrumb\",\"itemListElement\":[{\"@type\":\"ListItem\",\"position\":1,\"name\":\"Home\",\"item\":\"https:\/\/memoera.fi\/\"},{\"@type\":\"ListItem\",\"position\":2,\"name\":\"Kokeile ilmaiseksi\"}]},{\"@type\":\"WebSite\",\"@id\":\"https:\/\/memoera.fi\/#website\",\"url\":\"https:\/\/memoera.fi\/\",\"name\":\"Memoera\",\"description\":\"Muistikuntoa mukavasti\",\"publisher\":{\"@id\":\"https:\/\/memoera.fi\/#organization\"},\"potentialAction\":[{\"@type\":\"SearchAction\",\"target\":{\"@type\":\"EntryPoint\",\"urlTemplate\":\"https:\/\/memoera.fi\/?s={search_term_string}\"},\"query-input\":\"required name=search_term_string\"}],\"inLanguage\":\"fi\"},{\"@type\":\"Organization\",\"@id\":\"https:\/\/memoera.fi\/#organization\",\"name\":\"Memoera\",\"url\":\"https:\/\/memoera.fi\/\",\"logo\":{\"@type\":\"ImageObject\",\"inLanguage\":\"fi\",\"@id\":\"https:\/\/memoera.fi\/#\/schema\/logo\/image\/\",\"url\":\"https:\/\/memoera.fi\/wp-content\/uploads\/2020\/06\/Logo-800x800px.jpg\",\"contentUrl\":\"https:\/\/memoera.fi\/wp-content\/uploads\/2020\/06\/Logo-800x800px.jpg\",\"width\":800,\"height\":800,\"caption\":\"Memoera\"},\"image\":{\"@id\":\"https:\/\/memoera.fi\/#\/schema\/logo\/image\/\"},\"sameAs\":[\"https:\/\/www.facebook.com\/muistikuntoamukavasti\/\",\"https:\/\/twitter.com\/memoera\",\"https:\/\/www.youtube.com\/channel\/UC1oMj58JByi_BDcJqSpyC_g\/\"]}]}<\/script>\n<!-- \/ Yoast SEO plugin. -->","yoast_head_json":{"title":"Memoera - Kokeile ilmaiseksi","description":"Tutustu hauskaan aivojumppaan seuraavissa toimipaikoissa, se on ilmaista. Kysy lis\u00e4\u00e4 soittamalla meille tai alueesi Muistiyhdistykselle.","robots":{"index":"index","follow":"follow","max-snippet":"max-snippet:-1","max-image-preview":"max-image-preview:large","max-video-preview":"max-video-preview:-1"},"canonical":"https:\/\/memoera.fi\/index.php\/kokeile-ilmaiseksi\/","og_locale":"fi_FI","og_type":"article","og_title":"Memoera - Kokeile ilmaiseksi","og_description":"Tutustu hauskaan aivojumppaan seuraavissa toimipaikoissa, se on ilmaista. Kysy lis\u00e4\u00e4 soittamalla meille tai alueesi Muistiyhdistykselle.","og_url":"https:\/\/memoera.fi\/index.php\/kokeile-ilmaiseksi\/","og_site_name":"Memoera","article_publisher":"https:\/\/www.facebook.com\/muistikuntoamukavasti\/","article_modified_time":"2020-06-29T11:14:48+00:00","twitter_card":"summary_large_image","twitter_site":"@memoera","twitter_misc":{"Arvioitu lukuaika":"1 minuutti"},"schema":{"@context":"https:\/\/schema.org","@graph":[{"@type":"WebPage","@id":"https:\/\/memoera.fi\/index.php\/kokeile-ilmaiseksi\/","url":"https:\/\/memoera.fi\/index.php\/kokeile-ilmaiseksi\/","name":"Memoera - Kokeile ilmaiseksi","isPartOf":{"@id":"https:\/\/memoera.fi\/#website"},"datePublished":"2020-01-17T11:26:34+00:00","dateModified":"2020-06-29T11:14:48+00:00","description":"Tutustu hauskaan aivojumppaan seuraavissa toimipaikoissa, se on ilmaista. Kysy lis\u00e4\u00e4 soittamalla meille tai alueesi Muistiyhdistykselle.","breadcrumb":{"@id":"https:\/\/memoera.fi\/index.php\/kokeile-ilmaiseksi\/#breadcrumb"},"inLanguage":"fi","potentialAction":[{"@type":"ReadAction","target":["https:\/\/memoera.fi\/index.php\/kokeile-ilmaiseksi\/"]}]},{"@type":"BreadcrumbList","@id":"https:\/\/memoera.fi\/index.php\/kokeile-ilmaiseksi\/#breadcrumb","itemListElement":[{"@type":"ListItem","position":1,"name":"Home","item":"https:\/\/memoera.fi\/"},{"@type":"ListItem","position":2,"name":"Kokeile ilmaiseksi"}]},{"@type":"WebSite","@id":"https:\/\/memoera.fi\/#website","url":"https:\/\/memoera.fi\/","name":"Memoera","description":"Muistikuntoa mukavasti","publisher":{"@id":"https:\/\/memoera.fi\/#organization"},"potentialAction":[{"@type":"SearchAction","target":{"@type":"EntryPoint","urlTemplate":"https:\/\/memoera.fi\/?s={search_term_string}"},"query-input":"required name=search_term_string"}],"inLanguage":"fi"},{"@type":"Organization","@id":"https:\/\/memoera.fi\/#organization","name":"Memoera","url":"https:\/\/memoera.fi\/","logo":{"@type":"ImageObject","inLanguage":"fi","@id":"https:\/\/memoera.fi\/#\/schema\/logo\/image\/","url":"https:\/\/memoera.fi\/wp-content\/uploads\/2020\/06\/Logo-800x800px.jpg","contentUrl":"https:\/\/memoera.fi\/wp-content\/uploads\/2020\/06\/Logo-800x800px.jpg","width":800,"height":800,"caption":"Memoera"},"image":{"@id":"https:\/\/memoera.fi\/#\/schema\/logo\/image\/"},"sameAs":["https:\/\/www.facebook.com\/muistikuntoamukavasti\/","https:\/\/twitter.com\/memoera","https:\/\/www.youtube.com\/channel\/UC1oMj58JByi_BDcJqSpyC_g\/"]}]}},"_links":{"self":[{"href":"https:\/\/memoera.fi\/index.php\/wp-json\/wp\/v2\/pages\/1379","targetHints":{"allow":["GET"]}}],"collection":[{"href":"https:\/\/memoera.fi\/index.php\/wp-json\/wp\/v2\/pages"}],"about":[{"href":"https:\/\/memoera.fi\/index.php\/wp-json\/wp\/v2\/types\/page"}],"author":[{"embeddable":true,"href":"https:\/\/memoera.fi\/index.php\/wp-json\/wp\/v2\/users\/2"}],"replies":[{"embeddable":true,"href":"https:\/\/memoera.fi\/index.php\/wp-json\/wp\/v2\/comments?post=1379"}],"version-history":[{"count":3,"href":"https:\/\/memoera.fi\/index.php\/wp-json\/wp\/v2\/pages\/1379\/revisions"}],"predecessor-version":[{"id":5563,"href":"https:\/\/memoera.fi\/index.php\/wp-json\/wp\/v2\/pages\/1379\/revisions\/5563"}],"wp:attachment":[{"href":"https:\/\/memoera.fi\/index.php\/wp-json\/wp\/v2\/media?parent=1379"}],"curies":[{"name":"wp","href":"https:\/\/api.w.org\/{rel}","templated":true}]}}